{"id":1145,"date":"2020-06-29T11:54:21","date_gmt":"2020-06-29T10:54:21","guid":{"rendered":"http:\/\/duoseigle.com\/?page_id=1145"},"modified":"2021-02-18T18:58:33","modified_gmt":"2021-02-18T17:58:33","slug":"voyages-interieurs-autour-de-la-sonate-de-ravel","status":"publish","type":"page","link":"http:\/\/duoseigle.com\/index.php\/fr\/voyages-interieurs-autour-de-la-sonate-de-ravel\/","title":{"rendered":"Voyages Int\u00e9rieurs"},"content":{"rendered":"\n<iframe loading=\"lazy\" width=\"560\" height=\"315\" src=\"https:\/\/www.youtube.com\/embed\/_p_PW6uoE78\" frameborder=\"0\" allow=\"accelerometer; autoplay; clipboard-write; encrypted-media; gyroscope; picture-in-picture\" allowfullscreen><\/iframe>\n\n\n\n<p class=\"has-text-align-left\"><strong><span style=\"color:#9a0401\" class=\"has-inline-color\">PRESENTATION<\/span><\/strong><\/p>\n\n\n\n<p>Ce programme, qui embrasse plus de deux si\u00e8cles de musique, est unique en son genre car \u00e0 la fois introspectif et intemporel. Il nous plongera dans les rencontres humaines et stylistiques qui ont inspir\u00e9 et fa\u00e7onn\u00e9 l\u2019\u0153uvre et la vie de <strong><span style=\"color:#9a0401\" class=\"has-inline-color\">Maurice Ravel<\/span><\/strong>. <\/p>\n\n\n\n<p><span style=\"color:#9a0401\" class=\"has-inline-color\"><strong>NOTE D&rsquo;INTENTION<\/strong><\/span><\/p>\n\n\n\n<p>Notre duo a trouv\u00e9, au fil du temps et des enregistrements, son identit\u00e9 propre que l\u2019on peut d\u00e9finir en trois id\u00e9es : <strong>aventure<\/strong>, <strong>rencontres humaines<\/strong>, <strong>partage<\/strong>. Au travers de ce nouveau projet \u00abVoyages Int\u00e9rieurs\u00bb, compos\u00e9 autour de la c\u00e9l\u00e8bre Sonate de Maurice Ravel, nous voulons transmettre ce que nous inspire cet immense compositeur impressionniste.  Ce cheminement \u00e0 travers les styles et les \u00e9poques nous emm\u00e8nera du classicisme de Johann Sebastian Bach au jazz de George Gershwin \u2014 que Maurice Ravel rencontra en 1928 \u00e0 New- York \u2014, en passant par les musiques espagnole et Yiddish.<\/p>\n\n\n\n<p>Destination : la Sonate pour violon et violoncelle.<\/p>\n\n\n\n<p>La chanteuse <strong><span style=\"color:#9a0401\" class=\"has-inline-color\">No\u00ebmi Waysfeld<\/span><\/strong> sera notre guest star pour sublimer les \u0153uvres vocales, qui seront transcrites pour l\u2019occasion.<\/p>\n\n\n\n<div class=\"is-layout-flow wp-block-group\"><div class=\"wp-block-group__inner-container\">\n<p><strong><span style=\"color:#9a0401\" class=\"has-inline-color\">LE PROGRAMME <\/span><\/strong><\/p>\n<\/div><\/div>\n\n\n\n<p>Un projet unique, une odyss\u00e9e \u00e0 travers les \u00e9poques\u2026 Le voyage et les rencontres humaines ont fa\u00e7onn\u00e9 l\u2019univers po\u00e9tique de Maurice Ravel, compositeur incontournable de la musique fran\u00e7aise. <\/p>\n\n\n\n<p>Pour notre 3e opus, nous avons eu l\u2019envie de construire un projet transversal qui r\u00e9unit l\u2019ensemble de ses inspirations ainsi que ses d\u00e9couvertes majeures. <br>Les musiques : ancienne, espagnole, h\u00e9bra\u00efque et le Jazz r\u00e9sonnent et convergent alors naturellement vers sa c\u00e9l\u00e8bre Sonate pour violon &amp; violoncelle, comme une p\u00e9roraison de ces \u00ab\u00a0Voyages Int\u00e9rieurs\u00a0\u00bb.<\/p>\n\n\n\n<p><br><strong><span class=\"has-inline-color has-very-dark-gray-color\">I. LA MUSIQUE ESPAGNOLE<\/span><\/strong> <\/p>\n\n\n\n<div class=\"wp-block-media-text alignwide is-stacked-on-mobile\" style=\"grid-template-columns:21% auto\"><figure class=\"wp-block-media-text__media\"><img decoding=\"async\" loading=\"lazy\" width=\"526\" height=\"1024\" src=\"http:\/\/duoseigle.com\/wp-content\/uploads\/2020\/06\/Manuel_de_Falla_con_basto\u0301n-3-526x1024.jpg\" alt=\"\" class=\"wp-image-1239\" srcset=\"http:\/\/duoseigle.com\/wp-content\/uploads\/2020\/06\/Manuel_de_Falla_con_basto\u0301n-3-526x1024.jpg 526w, http:\/\/duoseigle.com\/wp-content\/uploads\/2020\/06\/Manuel_de_Falla_con_basto\u0301n-3-154x300.jpg 154w, http:\/\/duoseigle.com\/wp-content\/uploads\/2020\/06\/Manuel_de_Falla_con_basto\u0301n-3-768x1496.jpg 768w, http:\/\/duoseigle.com\/wp-content\/uploads\/2020\/06\/Manuel_de_Falla_con_basto\u0301n-3-788x1536.jpg 788w, http:\/\/duoseigle.com\/wp-content\/uploads\/2020\/06\/Manuel_de_Falla_con_basto\u0301n-3-1051x2048.jpg 1051w, http:\/\/duoseigle.com\/wp-content\/uploads\/2020\/06\/Manuel_de_Falla_con_basto\u0301n-3-77x150.jpg 77w, http:\/\/duoseigle.com\/wp-content\/uploads\/2020\/06\/Manuel_de_Falla_con_basto\u0301n-3-scaled.jpg 1314w\" sizes=\"(max-width: 526px) 100vw, 526px\" \/><\/figure><div class=\"wp-block-media-text__content\">\n<p class=\"has-medium-font-size\">Originaire de Ciboure, Maurice Ravel revient r\u00e9guli\u00e8rement dans le pays basque pour travailler ou passer ses vacances. L\u2019influence de la musique espagnole qu\u2019il d\u00e9couvre alors appara\u00eet r\u00e9guli\u00e8rement dans ses compositions.<br>Pour illustrer cette influence, nous ferons arranger pour violon &amp; violoncelle ces m\u00e9lodies qui sont issues du folklore et \u00e9crites \u00e0 l\u2019origine pour voix et piano par l\u2019un des plus importants compositeurs espagnols :<br><br><strong><span style=\"color:#9a0401\" class=\"has-inline-color\">Manuel DE FALLA \u2013 7 Chansons Populaires Espagnoles<\/span><\/strong><br>avec la participation de <strong>No\u00ebmi Waysfeld<\/strong><br> <i>(arr. pour violon, violoncelle et voix de C\u00e9dric Granelle)<\/i> <br><\/p>\n<\/div><\/div>\n\n\n\n<p><\/p>\n\n\n\n<p><br><strong>II. LE JAZZ<\/strong><\/p>\n\n\n\n<div class=\"wp-block-media-text alignwide has-media-on-the-right is-stacked-on-mobile\" style=\"grid-template-columns:auto 37%\"><figure class=\"wp-block-media-text__media\"><img decoding=\"async\" loading=\"lazy\" width=\"750\" height=\"452\" src=\"http:\/\/duoseigle.com\/wp-content\/uploads\/2020\/06\/AP_3707120246-ggershwin750.jpg\" alt=\"\" class=\"wp-image-1240\" srcset=\"http:\/\/duoseigle.com\/wp-content\/uploads\/2020\/06\/AP_3707120246-ggershwin750.jpg 750w, http:\/\/duoseigle.com\/wp-content\/uploads\/2020\/06\/AP_3707120246-ggershwin750-300x181.jpg 300w, http:\/\/duoseigle.com\/wp-content\/uploads\/2020\/06\/AP_3707120246-ggershwin750-150x90.jpg 150w, http:\/\/duoseigle.com\/wp-content\/uploads\/2020\/06\/AP_3707120246-ggershwin750-250x150.jpg 250w\" sizes=\"(max-width: 750px) 100vw, 750px\" \/><\/figure><div class=\"wp-block-media-text__content\">\n<p class=\"has-text-align-left has-medium-font-size\">1928. Tourn\u00e9e triomphale de Maurice Ravel aux Etats-Unis et au Canada. \u00c0 New-York, il d\u00e9couvre et fr\u00e9quente les clubs de Jazz de Harlem o\u00f9 il rencontre George Gershwin qui deviendra un ami.<br><em>\u00ab Vous, les Am\u00e9ricains, prenez le jazz trop \u00e0 la l\u00e9g\u00e8re. Vous semblez y voir une musique de peu de valeur, vulgaire, \u00e9ph\u00e9m\u00e8re. Alors qu\u2019\u00e0 mes yeux, c\u2019est lui qui donnera naissance \u00e0 la musique nationale des Etats-Unis.\u00bb<\/em> <em>Maurice Ravel<\/em><br><br><strong><span style=\"color:#9a0401\" class=\"has-inline-color\">George GERSHWIN<\/span><\/strong><span style=\"color:#9a0401\" class=\"has-inline-color\"> \u2013 Embraceable You, The Man I Love, A Foggy Day<\/span><br>Avec la participation de <strong>No\u00ebmi Waysfeld<\/strong><br> <i>(arr. pour violon, violoncelle et voix de David Bressat)<\/i> <\/p>\n<\/div><\/div>\n\n\n\n<p><br><strong>III. LA SONATE<\/strong><\/p>\n\n\n\n<div class=\"wp-block-media-text alignwide is-stacked-on-mobile\" style=\"grid-template-columns:31% auto\"><figure class=\"wp-block-media-text__media\"><img decoding=\"async\" loading=\"lazy\" width=\"457\" height=\"607\" src=\"http:\/\/duoseigle.com\/wp-content\/uploads\/2020\/06\/Maurice_Ravel_1925.jpg\" alt=\"\" class=\"wp-image-1242\" srcset=\"http:\/\/duoseigle.com\/wp-content\/uploads\/2020\/06\/Maurice_Ravel_1925.jpg 457w, http:\/\/duoseigle.com\/wp-content\/uploads\/2020\/06\/Maurice_Ravel_1925-226x300.jpg 226w, http:\/\/duoseigle.com\/wp-content\/uploads\/2020\/06\/Maurice_Ravel_1925-113x150.jpg 113w\" sizes=\"(max-width: 457px) 100vw, 457px\" \/><\/figure><div class=\"wp-block-media-text__content\">\n<p class=\"has-medium-font-size\">La Sonate pour violon &amp; violoncelle de Maurice Ravel est compos\u00e9e en avril 1920 \u00e0 la m\u00e9moire de Claude Debussy. C\u2019est un ouvrage phare du r\u00e9pertoire de ces deux instruments.<br>L\u2019\u0152uvre de Maurice Ravel est empreinte du grand courant artistique de l\u2019\u00e9poque, l\u2019impressionnisme, autant qu\u2019inspir\u00e9e par la po\u00e9sie :<br><em>\u00ab L\u2019esth\u00e9tique d\u2019Edgar Allan Poe (&#8230;) a \u00e9t\u00e9 d\u2019une singuli\u00e8re importance pour moi ainsi que l\u2019immat\u00e9rielle po\u00e9sie de Mallarm\u00e9.\u00bb Maurice Ravel<\/em><br><br><span style=\"color:#9a0401\" class=\"has-inline-color\"><strong>Maurice RAVEL<\/strong> \u2013 Sonate en 4 parties<\/span><\/p>\n<\/div><\/div>\n\n\n\n<p><br><strong>IV. LA MUSIQUE H\u00c9BRA\u00cfQUE<\/strong><\/p>\n\n\n\n<p class=\"has-medium-font-size\">Cet attachement de Maurice Ravel aux musiques populaires de diff\u00e9rentes cultures sera symbolis\u00e9 par la premi\u00e8re des 2 m\u00e9lodies h\u00e9bra\u00efques compos\u00e9es en 1914 que nous arrangerons dans une version in\u00e9dite pour violon, violoncelle et voix :<\/p>\n\n\n\n<p class=\"has-medium-font-size\"><span style=\"color:#9a0401\" class=\"has-inline-color\"><strong>Maurice RAVEL<\/strong> \u2013 Kaddisch <\/span><br>Avec la participation de <strong>No\u00ebmi Waysfeld <\/strong><br> <i>(arr. pour violon, violoncelle et voix du Duo Seigle)<\/i> <\/p>\n\n\n\n<p><br><strong>V. LA MUSIQUE ANCIENNE<\/strong><\/p>\n\n\n\n<div class=\"wp-block-media-text alignwide has-media-on-the-right is-stacked-on-mobile\" style=\"grid-template-columns:auto 25%\"><figure class=\"wp-block-media-text__media\"><img decoding=\"async\" loading=\"lazy\" width=\"468\" height=\"600\" src=\"http:\/\/duoseigle.com\/wp-content\/uploads\/2020\/06\/johann_sebastian_bach.jpg\" alt=\"\" class=\"wp-image-1244\" srcset=\"http:\/\/duoseigle.com\/wp-content\/uploads\/2020\/06\/johann_sebastian_bach.jpg 468w, http:\/\/duoseigle.com\/wp-content\/uploads\/2020\/06\/johann_sebastian_bach-234x300.jpg 234w, http:\/\/duoseigle.com\/wp-content\/uploads\/2020\/06\/johann_sebastian_bach-117x150.jpg 117w\" sizes=\"(max-width: 468px) 100vw, 468px\" \/><\/figure><div class=\"wp-block-media-text__content\">\n<p class=\"has-medium-font-size\">L&rsquo;h\u00e9ritage du baroque fran\u00e7ais de Fran\u00e7ois Couperin et Jean-Philippe Rameau a eu une grande importance dans l&rsquo;imaginaire musical de Maurice Ravel. N\u00e9anmoins nous avions l&rsquo;envie d&rsquo;interpr\u00e9ter, comme ouverture vers un horizon intemporel&nbsp;qui d\u00e9finit notre Duo, une \u0153uvre pour violon &amp; violoncelle, in\u00e9dite par son interpr\u00e9tation :<br><br><span style=\"color:#9a0401\" class=\"has-inline-color\"><strong>Johann Sebastian BACH <\/strong>\u2013 4 Duetti<\/span><\/p>\n<\/div><\/div>\n\n\n\n<p><\/p>\n","protected":false},"excerpt":{"rendered":"<p>PRESENTATION Ce programme, qui embrasse plus de deux si\u00e8cles de musique, est unique en son genre car \u00e0 la fois introspectif et intemporel. Il nous plongera dans les rencontres humaines et stylistiques qui ont inspir\u00e9 et fa\u00e7onn\u00e9 l\u2019\u0153uvre et la vie de Maurice Ravel. NOTE D&rsquo;INTENTION Notre duo a trouv\u00e9,\u2026<\/p>\n<p> <a class=\"continue-reading-link\" href=\"http:\/\/duoseigle.com\/index.php\/fr\/voyages-interieurs-autour-de-la-sonate-de-ravel\/\"><span>Lire la suite<\/span><i class=\"crycon-right-dir\"><\/i><\/a> <\/p>\n","protected":false},"author":2,"featured_media":0,"parent":0,"menu_order":0,"comment_status":"closed","ping_status":"closed","template":"","meta":{"two_page_speed":[]},"yoast_head":"<!-- This site is optimized with the Yoast SEO plugin v19.10 - https:\/\/yoast.com\/wordpress\/plugins\/seo\/ -->\n<title>Voyages Int\u00e9rieurs -<\/title>\n<meta name=\"robots\" content=\"index, follow, max-snippet:-1, max-image-preview:large, max-video-preview:-1\" \/>\n<link rel=\"canonical\" href=\"http:\/\/duoseigle.com\/index.php\/fr\/voyages-interieurs-autour-de-la-sonate-de-ravel\/\" \/>\n<meta property=\"og:locale\" content=\"fr_FR\" \/>\n<meta property=\"og:type\" content=\"article\" \/>\n<meta property=\"og:title\" content=\"Voyages Int\u00e9rieurs -\" \/>\n<meta property=\"og:description\" content=\"PRESENTATION Ce programme, qui embrasse plus de deux si\u00e8cles de musique, est unique en son genre car \u00e0 la fois introspectif et intemporel. Il nous plongera dans les rencontres humaines et stylistiques qui ont inspir\u00e9 et fa\u00e7onn\u00e9 l\u2019\u0153uvre et la vie de Maurice Ravel. NOTE D&rsquo;INTENTION Notre duo a trouv\u00e9,\u2026 Lire la suite\" \/>\n<meta property=\"og:url\" content=\"http:\/\/duoseigle.com\/index.php\/fr\/voyages-interieurs-autour-de-la-sonate-de-ravel\/\" \/>\n<meta property=\"article:publisher\" content=\"https:\/\/www.facebook.com\/duoseigle\/\" \/>\n<meta property=\"article:modified_time\" content=\"2021-02-18T17:58:33+00:00\" \/>\n<meta property=\"og:image\" content=\"http:\/\/duoseigle.com\/wp-content\/uploads\/2020\/06\/AP_3707120246-ggershwin750.jpg\" \/>\n<meta name=\"twitter:card\" content=\"summary_large_image\" \/>\n<meta name=\"twitter:site\" content=\"@nicolasandmichael\" \/>\n<meta name=\"twitter:label1\" content=\"Dur\u00e9e de lecture estim\u00e9e\" \/>\n\t<meta name=\"twitter:data1\" content=\"3 minutes\" \/>\n<script type=\"application\/ld+json\" class=\"yoast-schema-graph\">{\"@context\":\"https:\/\/schema.org\",\"@graph\":[{\"@type\":\"WebPage\",\"@id\":\"http:\/\/duoseigle.com\/index.php\/fr\/voyages-interieurs-autour-de-la-sonate-de-ravel\/\",\"url\":\"http:\/\/duoseigle.com\/index.php\/fr\/voyages-interieurs-autour-de-la-sonate-de-ravel\/\",\"name\":\"Voyages Int\u00e9rieurs -\",\"isPartOf\":{\"@id\":\"http:\/\/duoseigle.com\/#website\"},\"datePublished\":\"2020-06-29T10:54:21+00:00\",\"dateModified\":\"2021-02-18T17:58:33+00:00\",\"breadcrumb\":{\"@id\":\"http:\/\/duoseigle.com\/index.php\/fr\/voyages-interieurs-autour-de-la-sonate-de-ravel\/#breadcrumb\"},\"inLanguage\":\"fr-FR\",\"potentialAction\":[{\"@type\":\"ReadAction\",\"target\":[\"http:\/\/duoseigle.com\/index.php\/fr\/voyages-interieurs-autour-de-la-sonate-de-ravel\/\"]}]},{\"@type\":\"BreadcrumbList\",\"@id\":\"http:\/\/duoseigle.com\/index.php\/fr\/voyages-interieurs-autour-de-la-sonate-de-ravel\/#breadcrumb\",\"itemListElement\":[{\"@type\":\"ListItem\",\"position\":1,\"name\":\"Accueil\",\"item\":\"http:\/\/duoseigle.com\/index.php\/en\/\"},{\"@type\":\"ListItem\",\"position\":2,\"name\":\"Voyages Int\u00e9rieurs\"}]},{\"@type\":\"WebSite\",\"@id\":\"http:\/\/duoseigle.com\/#website\",\"url\":\"http:\/\/duoseigle.com\/\",\"name\":\"\",\"description\":\"\",\"publisher\":{\"@id\":\"http:\/\/duoseigle.com\/#\/schema\/person\/b9e3d0951d21aa99d558fe8c0fed21fe\"},\"potentialAction\":[{\"@type\":\"SearchAction\",\"target\":{\"@type\":\"EntryPoint\",\"urlTemplate\":\"http:\/\/duoseigle.com\/?s={search_term_string}\"},\"query-input\":\"required name=search_term_string\"}],\"inLanguage\":\"fr-FR\"},{\"@type\":[\"Person\",\"Organization\"],\"@id\":\"http:\/\/duoseigle.com\/#\/schema\/person\/b9e3d0951d21aa99d558fe8c0fed21fe\",\"name\":\"seigle\",\"image\":{\"@type\":\"ImageObject\",\"inLanguage\":\"fr-FR\",\"@id\":\"http:\/\/duoseigle.com\/#\/schema\/person\/image\/\",\"url\":\"http:\/\/duoseigle.com\/wp-content\/uploads\/2022\/10\/1F5D9CD8-B156-4BC4-8CD6-4BA966347FB7.jpeg\",\"contentUrl\":\"http:\/\/duoseigle.com\/wp-content\/uploads\/2022\/10\/1F5D9CD8-B156-4BC4-8CD6-4BA966347FB7.jpeg\",\"width\":250,\"height\":250,\"caption\":\"seigle\"},\"logo\":{\"@id\":\"http:\/\/duoseigle.com\/#\/schema\/person\/image\/\"},\"sameAs\":[\"http:\/\/duoseigle.com\/index.php\/fr\/\",\"https:\/\/www.facebook.com\/duoseigle\/\",\"https:\/\/www.instagram.com\/duoseigle\/\",\"https:\/\/twitter.com\/nicolasandmichael\",\"https:\/\/www.youtube.com\/channel\/UCAjCrJ956r7vTGv8uUlQrpw\"]}]}<\/script>\n<!-- \/ Yoast SEO plugin. -->","yoast_head_json":{"title":"Voyages Int\u00e9rieurs -","robots":{"index":"index","follow":"follow","max-snippet":"max-snippet:-1","max-image-preview":"max-image-preview:large","max-video-preview":"max-video-preview:-1"},"canonical":"http:\/\/duoseigle.com\/index.php\/fr\/voyages-interieurs-autour-de-la-sonate-de-ravel\/","og_locale":"fr_FR","og_type":"article","og_title":"Voyages Int\u00e9rieurs -","og_description":"PRESENTATION Ce programme, qui embrasse plus de deux si\u00e8cles de musique, est unique en son genre car \u00e0 la fois introspectif et intemporel. Il nous plongera dans les rencontres humaines et stylistiques qui ont inspir\u00e9 et fa\u00e7onn\u00e9 l\u2019\u0153uvre et la vie de Maurice Ravel. NOTE D&rsquo;INTENTION Notre duo a trouv\u00e9,\u2026 Lire la suite","og_url":"http:\/\/duoseigle.com\/index.php\/fr\/voyages-interieurs-autour-de-la-sonate-de-ravel\/","article_publisher":"https:\/\/www.facebook.com\/duoseigle\/","article_modified_time":"2021-02-18T17:58:33+00:00","og_image":[{"url":"http:\/\/duoseigle.com\/wp-content\/uploads\/2020\/06\/AP_3707120246-ggershwin750.jpg"}],"twitter_card":"summary_large_image","twitter_site":"@nicolasandmichael","twitter_misc":{"Dur\u00e9e de lecture estim\u00e9e":"3 minutes"},"schema":{"@context":"https:\/\/schema.org","@graph":[{"@type":"WebPage","@id":"http:\/\/duoseigle.com\/index.php\/fr\/voyages-interieurs-autour-de-la-sonate-de-ravel\/","url":"http:\/\/duoseigle.com\/index.php\/fr\/voyages-interieurs-autour-de-la-sonate-de-ravel\/","name":"Voyages Int\u00e9rieurs -","isPartOf":{"@id":"http:\/\/duoseigle.com\/#website"},"datePublished":"2020-06-29T10:54:21+00:00","dateModified":"2021-02-18T17:58:33+00:00","breadcrumb":{"@id":"http:\/\/duoseigle.com\/index.php\/fr\/voyages-interieurs-autour-de-la-sonate-de-ravel\/#breadcrumb"},"inLanguage":"fr-FR","potentialAction":[{"@type":"ReadAction","target":["http:\/\/duoseigle.com\/index.php\/fr\/voyages-interieurs-autour-de-la-sonate-de-ravel\/"]}]},{"@type":"BreadcrumbList","@id":"http:\/\/duoseigle.com\/index.php\/fr\/voyages-interieurs-autour-de-la-sonate-de-ravel\/#breadcrumb","itemListElement":[{"@type":"ListItem","position":1,"name":"Accueil","item":"http:\/\/duoseigle.com\/index.php\/en\/"},{"@type":"ListItem","position":2,"name":"Voyages Int\u00e9rieurs"}]},{"@type":"WebSite","@id":"http:\/\/duoseigle.com\/#website","url":"http:\/\/duoseigle.com\/","name":"","description":"","publisher":{"@id":"http:\/\/duoseigle.com\/#\/schema\/person\/b9e3d0951d21aa99d558fe8c0fed21fe"},"potentialAction":[{"@type":"SearchAction","target":{"@type":"EntryPoint","urlTemplate":"http:\/\/duoseigle.com\/?s={search_term_string}"},"query-input":"required name=search_term_string"}],"inLanguage":"fr-FR"},{"@type":["Person","Organization"],"@id":"http:\/\/duoseigle.com\/#\/schema\/person\/b9e3d0951d21aa99d558fe8c0fed21fe","name":"seigle","image":{"@type":"ImageObject","inLanguage":"fr-FR","@id":"http:\/\/duoseigle.com\/#\/schema\/person\/image\/","url":"http:\/\/duoseigle.com\/wp-content\/uploads\/2022\/10\/1F5D9CD8-B156-4BC4-8CD6-4BA966347FB7.jpeg","contentUrl":"http:\/\/duoseigle.com\/wp-content\/uploads\/2022\/10\/1F5D9CD8-B156-4BC4-8CD6-4BA966347FB7.jpeg","width":250,"height":250,"caption":"seigle"},"logo":{"@id":"http:\/\/duoseigle.com\/#\/schema\/person\/image\/"},"sameAs":["http:\/\/duoseigle.com\/index.php\/fr\/","https:\/\/www.facebook.com\/duoseigle\/","https:\/\/www.instagram.com\/duoseigle\/","https:\/\/twitter.com\/nicolasandmichael","https:\/\/www.youtube.com\/channel\/UCAjCrJ956r7vTGv8uUlQrpw"]}]}},"_links":{"self":[{"href":"http:\/\/duoseigle.com\/index.php\/wp-json\/wp\/v2\/pages\/1145"}],"collection":[{"href":"http:\/\/duoseigle.com\/index.php\/wp-json\/wp\/v2\/pages"}],"about":[{"href":"http:\/\/duoseigle.com\/index.php\/wp-json\/wp\/v2\/types\/page"}],"author":[{"embeddable":true,"href":"http:\/\/duoseigle.com\/index.php\/wp-json\/wp\/v2\/users\/2"}],"replies":[{"embeddable":true,"href":"http:\/\/duoseigle.com\/index.php\/wp-json\/wp\/v2\/comments?post=1145"}],"version-history":[{"count":38,"href":"http:\/\/duoseigle.com\/index.php\/wp-json\/wp\/v2\/pages\/1145\/revisions"}],"predecessor-version":[{"id":1386,"href":"http:\/\/duoseigle.com\/index.php\/wp-json\/wp\/v2\/pages\/1145\/revisions\/1386"}],"wp:attachment":[{"href":"http:\/\/duoseigle.com\/index.php\/wp-json\/wp\/v2\/media?parent=1145"}],"curies":[{"name":"wp","href":"https:\/\/api.w.org\/{rel}","templated":true}]}}