{"id":1175,"date":"2020-06-29T12:09:24","date_gmt":"2020-06-29T11:09:24","guid":{"rendered":"http:\/\/duoseigle.com\/?page_id=1175"},"modified":"2020-06-29T15:28:42","modified_gmt":"2020-06-29T14:28:42","slug":"noemi-waysfeld-notre-artiste-invitee","status":"publish","type":"page","link":"http:\/\/duoseigle.com\/index.php\/fr\/noemi-waysfeld-notre-artiste-invitee\/","title":{"rendered":"No\u00ebmi Waysfeld, notre artiste invit\u00e9e"},"content":{"rendered":"\n<div class=\"wp-block-media-text alignwide is-stacked-on-mobile\" style=\"grid-template-columns:31% auto\"><figure class=\"wp-block-media-text__media\"><img decoding=\"async\" loading=\"lazy\" width=\"1024\" height=\"628\" src=\"http:\/\/duoseigle.com\/wp-content\/uploads\/2020\/06\/E9A1403-1024x628.jpg\" alt=\"\" class=\"wp-image-1202\" srcset=\"http:\/\/duoseigle.com\/wp-content\/uploads\/2020\/06\/E9A1403-1024x628.jpg 1024w, http:\/\/duoseigle.com\/wp-content\/uploads\/2020\/06\/E9A1403-300x184.jpg 300w, http:\/\/duoseigle.com\/wp-content\/uploads\/2020\/06\/E9A1403-768x471.jpg 768w, http:\/\/duoseigle.com\/wp-content\/uploads\/2020\/06\/E9A1403-1536x942.jpg 1536w, http:\/\/duoseigle.com\/wp-content\/uploads\/2020\/06\/E9A1403-150x92.jpg 150w, http:\/\/duoseigle.com\/wp-content\/uploads\/2020\/06\/E9A1403.jpg 2000w\" sizes=\"(max-width: 1024px) 100vw, 1024px\" \/><\/figure><div class=\"wp-block-media-text__content\">\n<p class=\"has-medium-font-size\">\u00ab <em>La chanteuse r\u00e9ussit \u00e0 rendre toute l\u2019\u00e9motion avec finesse et talent, et d\u00e9passe les clivages musicaux entre jazz, musiques traditionnelles et contemporaines \u00bb.<\/em><br><em>(La Strada)<\/em><br><br>Photo : \u00a9 Isabelle Rozenbaum<\/p>\n<\/div><\/div>\n\n\n\n<p class=\"has-text-align-left has-medium-font-size\"><br><strong><span style=\"color:#9a0401\" class=\"has-inline-color\">No\u00ebmi Waysfeld<\/span><\/strong> est berc\u00e9e d\u00e8s le plus jeune \u00e2ge par la musique classique, le jazz et les musiques traditionnelles. C\u2019est sa s\u0153ur a\u00een\u00e9e, Chlo\u00e9, qui l\u2019initie tr\u00e8s t\u00f4t au chant, avant qu\u2019elle ne d\u00e9bute l\u2019apprentissage du violoncelle.<\/p>\n\n\n\n<p class=\"has-medium-font-size\">Parall\u00e8lement, sa passion pour les langues s\u2019affirme et elle \u00e9tudie le yiddish \u00e0 l\u2019INALCO et le russe \u00e0 la Sorbonne.<\/p>\n\n\n\n<p class=\"has-medium-font-size\">C\u2019est \u00e0 la crois\u00e9e de ces exp\u00e9riences, en 2009 que na\u00eet l\u2019ensemble No\u00ebmi Waysfeld &amp; Blik. Ils r\u00e9alisent un triptyque de chants d\u2019exils. Kalyma &#8211; 2012 \/\/ Alfama &#8211; 2015 \/\/ Zimlya \u2013 2019.<\/p>\n\n\n\n<p class=\"has-medium-font-size\">Avec le pianiste Guillaume de Chassy, No\u00ebmi cr\u00e9e en novembre 2018 un spectacle autour du Voyage d\u2019Hiver de Franz Schubert, mis en sc\u00e8ne par Christian Gangneron, en coproduction avec l\u2019Arcal. Le spectacle sera repris en mars 2020 au th\u00e9\u00e2tre de l\u2019Ath\u00e9n\u00e9e.<\/p>\n\n\n\n<p class=\"has-medium-font-size\">Un disque a \u00e9t\u00e9 enregistr\u00e9 en septembre 2019 et sortira le 28 f\u00e9vrier 2020 sous le label Klarthe.<\/p>\n\n\n\n<p class=\"has-medium-font-size\">Ses affinit\u00e9s particuli\u00e8res avec la musique classique et le jazz lui permettent de rencontrer de nombreux musiciens. Elle enregistre un disque de tango avec l\u2019Ensemble Contraste et l\u2019Orchestre philharmonique de Li\u00e8ge &#8211; Label Apart\u00e9. Elle collabore avec le Quatuor Psophos et Jean-Marie Machado. Plus r\u00e9cemment, avec les violoncellistes Louis Rodde et Juliette Salmona. Elle pr\u00e9pare un nouvel album avec la violoniste Sarah Nemtanu et le guitariste Kevin Seddiki.<\/p>\n\n\n\n<p class=\"has-medium-font-size\">En tant que com\u00e9dienne, on a pu la voir dans de multiples cr\u00e9ations depuis 2005, et notamment la compagnie Les Anges Au Plafond depuis 2015.<\/p>\n","protected":false},"excerpt":{"rendered":"<p>\u00ab La chanteuse r\u00e9ussit \u00e0 rendre toute l\u2019\u00e9motion avec finesse et talent, et d\u00e9passe les clivages musicaux entre jazz, musiques traditionnelles et contemporaines \u00bb.(La Strada) Photo : \u00a9 Isabelle Rozenbaum No\u00ebmi Waysfeld est berc\u00e9e d\u00e8s le plus jeune \u00e2ge par la musique classique, le jazz et les musiques traditionnelles. C\u2019est\u2026<\/p>\n<p> <a class=\"continue-reading-link\" href=\"http:\/\/duoseigle.com\/index.php\/fr\/noemi-waysfeld-notre-artiste-invitee\/\"><span>Lire la suite<\/span><i class=\"crycon-right-dir\"><\/i><\/a> <\/p>\n","protected":false},"author":2,"featured_media":0,"parent":0,"menu_order":0,"comment_status":"closed","ping_status":"closed","template":"","meta":{"two_page_speed":[]},"yoast_head":"<!-- This site is optimized with the Yoast SEO plugin v19.10 - https:\/\/yoast.com\/wordpress\/plugins\/seo\/ -->\n<title>No\u00ebmi Waysfeld, notre artiste invit\u00e9e -<\/title>\n<meta name=\"robots\" content=\"index, follow, max-snippet:-1, max-image-preview:large, max-video-preview:-1\" \/>\n<link rel=\"canonical\" href=\"http:\/\/duoseigle.com\/index.php\/fr\/noemi-waysfeld-notre-artiste-invitee\/\" \/>\n<meta property=\"og:locale\" content=\"fr_FR\" \/>\n<meta property=\"og:type\" content=\"article\" \/>\n<meta property=\"og:title\" content=\"No\u00ebmi Waysfeld, notre artiste invit\u00e9e -\" \/>\n<meta property=\"og:description\" content=\"\u00ab La chanteuse r\u00e9ussit \u00e0 rendre toute l\u2019\u00e9motion avec finesse et talent, et d\u00e9passe les clivages musicaux entre jazz, musiques traditionnelles et contemporaines \u00bb.(La Strada) Photo : \u00a9 Isabelle Rozenbaum No\u00ebmi Waysfeld est berc\u00e9e d\u00e8s le plus jeune \u00e2ge par la musique classique, le jazz et les musiques traditionnelles. C\u2019est\u2026 Lire la suite\" \/>\n<meta property=\"og:url\" content=\"http:\/\/duoseigle.com\/index.php\/fr\/noemi-waysfeld-notre-artiste-invitee\/\" \/>\n<meta property=\"article:publisher\" content=\"https:\/\/www.facebook.com\/duoseigle\/\" \/>\n<meta property=\"article:modified_time\" content=\"2020-06-29T14:28:42+00:00\" \/>\n<meta property=\"og:image\" content=\"http:\/\/duoseigle.com\/wp-content\/uploads\/2020\/06\/E9A1403-1024x628.jpg\" \/>\n<meta name=\"twitter:card\" content=\"summary_large_image\" \/>\n<meta name=\"twitter:site\" content=\"@nicolasandmichael\" \/>\n<meta name=\"twitter:label1\" content=\"Dur\u00e9e de lecture estim\u00e9e\" \/>\n\t<meta name=\"twitter:data1\" content=\"1 minute\" \/>\n<script type=\"application\/ld+json\" class=\"yoast-schema-graph\">{\"@context\":\"https:\/\/schema.org\",\"@graph\":[{\"@type\":\"WebPage\",\"@id\":\"http:\/\/duoseigle.com\/index.php\/fr\/noemi-waysfeld-notre-artiste-invitee\/\",\"url\":\"http:\/\/duoseigle.com\/index.php\/fr\/noemi-waysfeld-notre-artiste-invitee\/\",\"name\":\"No\u00ebmi Waysfeld, notre artiste invit\u00e9e -\",\"isPartOf\":{\"@id\":\"http:\/\/duoseigle.com\/#website\"},\"datePublished\":\"2020-06-29T11:09:24+00:00\",\"dateModified\":\"2020-06-29T14:28:42+00:00\",\"breadcrumb\":{\"@id\":\"http:\/\/duoseigle.com\/index.php\/fr\/noemi-waysfeld-notre-artiste-invitee\/#breadcrumb\"},\"inLanguage\":\"fr-FR\",\"potentialAction\":[{\"@type\":\"ReadAction\",\"target\":[\"http:\/\/duoseigle.com\/index.php\/fr\/noemi-waysfeld-notre-artiste-invitee\/\"]}]},{\"@type\":\"BreadcrumbList\",\"@id\":\"http:\/\/duoseigle.com\/index.php\/fr\/noemi-waysfeld-notre-artiste-invitee\/#breadcrumb\",\"itemListElement\":[{\"@type\":\"ListItem\",\"position\":1,\"name\":\"Accueil\",\"item\":\"http:\/\/duoseigle.com\/index.php\/en\/\"},{\"@type\":\"ListItem\",\"position\":2,\"name\":\"No\u00ebmi Waysfeld, notre artiste invit\u00e9e\"}]},{\"@type\":\"WebSite\",\"@id\":\"http:\/\/duoseigle.com\/#website\",\"url\":\"http:\/\/duoseigle.com\/\",\"name\":\"\",\"description\":\"\",\"publisher\":{\"@id\":\"http:\/\/duoseigle.com\/#\/schema\/person\/b9e3d0951d21aa99d558fe8c0fed21fe\"},\"potentialAction\":[{\"@type\":\"SearchAction\",\"target\":{\"@type\":\"EntryPoint\",\"urlTemplate\":\"http:\/\/duoseigle.com\/?s={search_term_string}\"},\"query-input\":\"required name=search_term_string\"}],\"inLanguage\":\"fr-FR\"},{\"@type\":[\"Person\",\"Organization\"],\"@id\":\"http:\/\/duoseigle.com\/#\/schema\/person\/b9e3d0951d21aa99d558fe8c0fed21fe\",\"name\":\"seigle\",\"image\":{\"@type\":\"ImageObject\",\"inLanguage\":\"fr-FR\",\"@id\":\"http:\/\/duoseigle.com\/#\/schema\/person\/image\/\",\"url\":\"http:\/\/duoseigle.com\/wp-content\/uploads\/2022\/10\/1F5D9CD8-B156-4BC4-8CD6-4BA966347FB7.jpeg\",\"contentUrl\":\"http:\/\/duoseigle.com\/wp-content\/uploads\/2022\/10\/1F5D9CD8-B156-4BC4-8CD6-4BA966347FB7.jpeg\",\"width\":250,\"height\":250,\"caption\":\"seigle\"},\"logo\":{\"@id\":\"http:\/\/duoseigle.com\/#\/schema\/person\/image\/\"},\"sameAs\":[\"http:\/\/duoseigle.com\/index.php\/fr\/\",\"https:\/\/www.facebook.com\/duoseigle\/\",\"https:\/\/www.instagram.com\/duoseigle\/\",\"https:\/\/twitter.com\/nicolasandmichael\",\"https:\/\/www.youtube.com\/channel\/UCAjCrJ956r7vTGv8uUlQrpw\"]}]}<\/script>\n<!-- \/ Yoast SEO plugin. -->","yoast_head_json":{"title":"No\u00ebmi Waysfeld, notre artiste invit\u00e9e -","robots":{"index":"index","follow":"follow","max-snippet":"max-snippet:-1","max-image-preview":"max-image-preview:large","max-video-preview":"max-video-preview:-1"},"canonical":"http:\/\/duoseigle.com\/index.php\/fr\/noemi-waysfeld-notre-artiste-invitee\/","og_locale":"fr_FR","og_type":"article","og_title":"No\u00ebmi Waysfeld, notre artiste invit\u00e9e -","og_description":"\u00ab La chanteuse r\u00e9ussit \u00e0 rendre toute l\u2019\u00e9motion avec finesse et talent, et d\u00e9passe les clivages musicaux entre jazz, musiques traditionnelles et contemporaines \u00bb.(La Strada) Photo : \u00a9 Isabelle Rozenbaum No\u00ebmi Waysfeld est berc\u00e9e d\u00e8s le plus jeune \u00e2ge par la musique classique, le jazz et les musiques traditionnelles. C\u2019est\u2026 Lire la suite","og_url":"http:\/\/duoseigle.com\/index.php\/fr\/noemi-waysfeld-notre-artiste-invitee\/","article_publisher":"https:\/\/www.facebook.com\/duoseigle\/","article_modified_time":"2020-06-29T14:28:42+00:00","og_image":[{"url":"http:\/\/duoseigle.com\/wp-content\/uploads\/2020\/06\/E9A1403-1024x628.jpg"}],"twitter_card":"summary_large_image","twitter_site":"@nicolasandmichael","twitter_misc":{"Dur\u00e9e de lecture estim\u00e9e":"1 minute"},"schema":{"@context":"https:\/\/schema.org","@graph":[{"@type":"WebPage","@id":"http:\/\/duoseigle.com\/index.php\/fr\/noemi-waysfeld-notre-artiste-invitee\/","url":"http:\/\/duoseigle.com\/index.php\/fr\/noemi-waysfeld-notre-artiste-invitee\/","name":"No\u00ebmi Waysfeld, notre artiste invit\u00e9e -","isPartOf":{"@id":"http:\/\/duoseigle.com\/#website"},"datePublished":"2020-06-29T11:09:24+00:00","dateModified":"2020-06-29T14:28:42+00:00","breadcrumb":{"@id":"http:\/\/duoseigle.com\/index.php\/fr\/noemi-waysfeld-notre-artiste-invitee\/#breadcrumb"},"inLanguage":"fr-FR","potentialAction":[{"@type":"ReadAction","target":["http:\/\/duoseigle.com\/index.php\/fr\/noemi-waysfeld-notre-artiste-invitee\/"]}]},{"@type":"BreadcrumbList","@id":"http:\/\/duoseigle.com\/index.php\/fr\/noemi-waysfeld-notre-artiste-invitee\/#breadcrumb","itemListElement":[{"@type":"ListItem","position":1,"name":"Accueil","item":"http:\/\/duoseigle.com\/index.php\/en\/"},{"@type":"ListItem","position":2,"name":"No\u00ebmi Waysfeld, notre artiste invit\u00e9e"}]},{"@type":"WebSite","@id":"http:\/\/duoseigle.com\/#website","url":"http:\/\/duoseigle.com\/","name":"","description":"","publisher":{"@id":"http:\/\/duoseigle.com\/#\/schema\/person\/b9e3d0951d21aa99d558fe8c0fed21fe"},"potentialAction":[{"@type":"SearchAction","target":{"@type":"EntryPoint","urlTemplate":"http:\/\/duoseigle.com\/?s={search_term_string}"},"query-input":"required name=search_term_string"}],"inLanguage":"fr-FR"},{"@type":["Person","Organization"],"@id":"http:\/\/duoseigle.com\/#\/schema\/person\/b9e3d0951d21aa99d558fe8c0fed21fe","name":"seigle","image":{"@type":"ImageObject","inLanguage":"fr-FR","@id":"http:\/\/duoseigle.com\/#\/schema\/person\/image\/","url":"http:\/\/duoseigle.com\/wp-content\/uploads\/2022\/10\/1F5D9CD8-B156-4BC4-8CD6-4BA966347FB7.jpeg","contentUrl":"http:\/\/duoseigle.com\/wp-content\/uploads\/2022\/10\/1F5D9CD8-B156-4BC4-8CD6-4BA966347FB7.jpeg","width":250,"height":250,"caption":"seigle"},"logo":{"@id":"http:\/\/duoseigle.com\/#\/schema\/person\/image\/"},"sameAs":["http:\/\/duoseigle.com\/index.php\/fr\/","https:\/\/www.facebook.com\/duoseigle\/","https:\/\/www.instagram.com\/duoseigle\/","https:\/\/twitter.com\/nicolasandmichael","https:\/\/www.youtube.com\/channel\/UCAjCrJ956r7vTGv8uUlQrpw"]}]}},"_links":{"self":[{"href":"http:\/\/duoseigle.com\/index.php\/wp-json\/wp\/v2\/pages\/1175"}],"collection":[{"href":"http:\/\/duoseigle.com\/index.php\/wp-json\/wp\/v2\/pages"}],"about":[{"href":"http:\/\/duoseigle.com\/index.php\/wp-json\/wp\/v2\/types\/page"}],"author":[{"embeddable":true,"href":"http:\/\/duoseigle.com\/index.php\/wp-json\/wp\/v2\/users\/2"}],"replies":[{"embeddable":true,"href":"http:\/\/duoseigle.com\/index.php\/wp-json\/wp\/v2\/comments?post=1175"}],"version-history":[{"count":8,"href":"http:\/\/duoseigle.com\/index.php\/wp-json\/wp\/v2\/pages\/1175\/revisions"}],"predecessor-version":[{"id":1278,"href":"http:\/\/duoseigle.com\/index.php\/wp-json\/wp\/v2\/pages\/1175\/revisions\/1278"}],"wp:attachment":[{"href":"http:\/\/duoseigle.com\/index.php\/wp-json\/wp\/v2\/media?parent=1175"}],"curies":[{"name":"wp","href":"https:\/\/api.w.org\/{rel}","templated":true}]}}