{"id":12,"date":"2016-03-14T10:57:18","date_gmt":"2016-03-14T09:57:18","guid":{"rendered":"http:\/\/duoseigle.com\/?page_id=12"},"modified":"2020-06-30T23:31:50","modified_gmt":"2020-06-30T22:31:50","slug":"contact","status":"publish","type":"page","link":"http:\/\/duoseigle.com\/index.php\/fr\/contact\/","title":{"rendered":"Contact"},"content":{"rendered":"<p>Pour toute prise de contact avec nous, n&rsquo;h\u00e9sitez pas \u00e0 passer par le <span style=\"color: #9a0401;\">formulaire<\/span> de contact ci-dessous ou par les <span style=\"color: #9a0401;\">r\u00e9seaux sociaux<\/span>&#8230; Nous vous r\u00e9pondrons rapidement !<\/p>\n<table style=\"height: 763px;\" width=\"1010\">\n<tbody>\n<tr>\n<td>\n<p>\u00a0<\/p>\n<div role=\"form\" class=\"wpcf7\" id=\"wpcf7-f170-o1\" lang=\"fr-FR\" dir=\"ltr\">\n<div class=\"screen-reader-response\"><p role=\"status\" aria-live=\"polite\" aria-atomic=\"true\"><\/p> <ul><\/ul><\/div>\n<form action=\"\/index.php\/wp-json\/wp\/v2\/pages\/12#wpcf7-f170-o1\" method=\"post\" class=\"wpcf7-form init\" novalidate=\"novalidate\" data-status=\"init\">\n<div style=\"display: none;\">\n<input type=\"hidden\" name=\"_wpcf7\" value=\"170\" \/>\n<input type=\"hidden\" name=\"_wpcf7_version\" value=\"5.6.3\" \/>\n<input type=\"hidden\" name=\"_wpcf7_locale\" value=\"fr_FR\" \/>\n<input type=\"hidden\" name=\"_wpcf7_unit_tag\" value=\"wpcf7-f170-o1\" \/>\n<input type=\"hidden\" name=\"_wpcf7_container_post\" value=\"0\" \/>\n<input type=\"hidden\" name=\"_wpcf7_posted_data_hash\" value=\"\" \/>\n<\/div>\n<p>Votre nom <br \/>\n    <span class=\"wpcf7-form-control-wrap\" data-name=\"your-name\"><input type=\"text\" name=\"your-name\" value=\"\" size=\"40\" class=\"wpcf7-form-control wpcf7-text wpcf7-validates-as-required\" aria-required=\"true\" aria-invalid=\"false\" \/><\/span> <\/p>\n<p>Votre email <br \/>\n    <span class=\"wpcf7-form-control-wrap\" data-name=\"your-email\"><input type=\"email\" name=\"your-email\" value=\"\" size=\"40\" class=\"wpcf7-form-control wpcf7-text wpcf7-email wpcf7-validates-as-required wpcf7-validates-as-email\" aria-required=\"true\" aria-invalid=\"false\" \/><\/span> <\/p>\n<p>Votre message<br \/>\n    <span class=\"wpcf7-form-control-wrap\" data-name=\"your-message\"><textarea name=\"your-message\" cols=\"40\" rows=\"10\" class=\"wpcf7-form-control wpcf7-textarea\" aria-invalid=\"false\"><\/textarea><\/span> <\/p>\n<p><input type=\"submit\" value=\"Envoyer\" class=\"wpcf7-form-control has-spinner wpcf7-submit\" \/><\/p>\n<p style=\"display: none !important;\" class=\"akismet-fields-container\" data-prefix=\"_wpcf7_ak_\"><label>&#916;<textarea name=\"_wpcf7_ak_hp_textarea\" cols=\"45\" rows=\"8\" maxlength=\"100\"><\/textarea><\/label><input type=\"hidden\" id=\"ak_js_1\" name=\"_wpcf7_ak_js\" value=\"212\"\/><script>document.getElementById( \"ak_js_1\" ).setAttribute( \"value\", ( new Date() ).getTime() );<\/script><\/p><div class=\"wpcf7-response-output\" aria-hidden=\"true\"><\/div><\/form><\/div>\n<\/td>\n<td style=\"text-align: center;\">\u00a0<a href=\"https:\/\/www.facebook.com\/duoseigle\/\" target=\"_blank\" rel=\"noopener noreferrer\"><img decoding=\"async\" loading=\"lazy\" class=\"alignnone wp-image-290\" style=\"margin-top: 80px;\" src=\"http:\/\/duoseigle.com\/wp-content\/uploads\/2016\/02\/iconmonstr-facebook-3-240.png\" alt=\"Contact - Facebook\" width=\"130\" height=\"130\" srcset=\"http:\/\/duoseigle.com\/wp-content\/uploads\/2016\/02\/iconmonstr-facebook-3-240.png 240w, http:\/\/duoseigle.com\/wp-content\/uploads\/2016\/02\/iconmonstr-facebook-3-240-150x150.png 150w\" sizes=\"(max-width: 130px) 100vw, 130px\" \/><\/a><a href=\"https:\/\/www.youtube.com\/channel\/UCAjCrJ956r7vTGv8uUlQrpw\" target=\"_blank\" rel=\"noopener noreferrer\"><img decoding=\"async\" loading=\"lazy\" class=\"alignnone wp-image-291\" style=\"margin-left: 60px; margin-top: 80px;\" src=\"http:\/\/duoseigle.com\/wp-content\/uploads\/2016\/02\/iconmonstr-youtube-3-240.png\" alt=\"Contact- Youtube\" width=\"130\" height=\"130\" srcset=\"http:\/\/duoseigle.com\/wp-content\/uploads\/2016\/02\/iconmonstr-youtube-3-240.png 240w, http:\/\/duoseigle.com\/wp-content\/uploads\/2016\/02\/iconmonstr-youtube-3-240-150x150.png 150w\" sizes=\"(max-width: 130px) 100vw, 130px\" \/><\/a><a href=\"https:\/\/www.instagram.com\/duoseigle\/\" target=\"_blank\" rel=\"noopener noreferrer\"><img decoding=\"async\" loading=\"lazy\" class=\"alignnone wp-image-291\" style=\"margin-left: 60px; margin-top: 80px;\" src=\"http:\/\/duoseigle.com\/wp-content\/uploads\/2018\/11\/instagram_icon_v2.png\" alt=\"Contact- Instagram\" width=\"130\" height=\"130\" \/><\/a>\n<p>\u00a0<\/p>\n<div class=\"page\" title=\"Page 9\">\n<div class=\"section\">\n<div class=\"layoutArea\">\n<div class=\"column\"><hr \/>\n<p>\u00a0\u00a0\u00a0\u00a0\u00a0\u00a0\u00a0<span style=\"color: #9a0401;\">Agent artistique<\/span><\/p>\n<p><strong>Christine Deroche<\/strong><\/p>\n<p><a href=\"mailto:c.deroche29@gmail.com\">c.deroche29@gmail.com<\/a> \/ Tel : +33 (0)6.62.30.33.74<\/p>\n<hr \/><\/div>\n<\/div>\n<div class=\"layoutArea\">\n<div class=\"column\">\n<p><span style=\"color: #9a0401;\">Conseil \/\/ Image \/\/ Management \/\/ Communication<\/span><\/p>\n<\/div>\n<\/div>\n<\/div>\n<div class=\"page\" title=\"Page 9\">\n<div class=\"section\">\n<div class=\"layoutArea\">\n<div class=\"column\">\n<p><strong>\u00a0John Dauvin<\/strong> &#8211; Un Pas de Conduite<\/p>\n<div class=\"page\" title=\"Page 9\">\n<div class=\"section\">\n<div class=\"layoutArea\">\n<div class=\"column\">\n<p><a href=\"mailto:boiteadif@gmail.com\">boiteadif@gmail.com<\/a> \/ Tel : +33 (0)6.24.20.45.75<\/p>\n<hr \/>\n<p><span style=\"color: #9a0401;\">Administratrice<br \/><\/span><\/p>\n<p><strong>Camille Poulain<\/strong><\/p>\n<p><a href=\"mailto:poulain.ca@gmail.com\">poulain.ca@gmail.com<\/a> \/ Tel : +33 (0)6.43.84.75.16<\/p>\n<\/div>\n<\/div>\n<\/div>\n<\/div>\n<\/div>\n<\/div>\n<\/div>\n<\/div>\n<\/div>\n<\/td>\n<\/tr>\n<\/tbody>\n<\/table>\n\n\n<div class=\"is-layout-flow wp-block-group\"><div class=\"wp-block-group__inner-container\"><\/div><\/div>\n","protected":false},"excerpt":{"rendered":"<p>Pour toute prise de contact avec nous, n&rsquo;h\u00e9sitez pas \u00e0 passer par le formulaire de contact ci-dessous ou par les r\u00e9seaux sociaux&#8230; Nous vous r\u00e9pondrons rapidement ! \u00a0 \u00a0 \u00a0 \u00a0\u00a0\u00a0\u00a0\u00a0\u00a0\u00a0Agent artistique Christine Deroche c.deroche29@gmail.com \/ Tel : +33 (0)6.62.30.33.74 Conseil \/\/ Image \/\/ Management \/\/ Communication \u00a0John Dauvin &#8211;\u2026<\/p>\n<p> <a class=\"continue-reading-link\" href=\"http:\/\/duoseigle.com\/index.php\/fr\/contact\/\"><span>Lire la suite<\/span><i class=\"crycon-right-dir\"><\/i><\/a> <\/p>\n","protected":false},"author":1,"featured_media":0,"parent":0,"menu_order":0,"comment_status":"closed","ping_status":"closed","template":"","meta":{"two_page_speed":[]},"yoast_head":"<!-- This site is optimized with the Yoast SEO plugin v19.10 - https:\/\/yoast.com\/wordpress\/plugins\/seo\/ -->\n<title>Contact - Micha\u00ebl et Nicolas Seigle<\/title>\n<meta name=\"description\" content=\"Pour toute prise de contact avec nous, n&#039;h\u00e9sitez pas \u00e0 utiliser le formulaire de contact ou les r\u00e9seaux sociaux, nous vous r\u00e9pondrons rapidement...\" \/>\n<meta name=\"robots\" content=\"index, follow, max-snippet:-1, max-image-preview:large, max-video-preview:-1\" \/>\n<link rel=\"canonical\" href=\"http:\/\/duoseigle.com\/index.php\/fr\/contact\/\" \/>\n<meta property=\"og:locale\" content=\"fr_FR\" \/>\n<meta property=\"og:type\" content=\"article\" \/>\n<meta property=\"og:title\" content=\"Contact - Micha\u00ebl et Nicolas Seigle\" \/>\n<meta property=\"og:description\" content=\"Pour toute prise de contact avec nous, n&#039;h\u00e9sitez pas \u00e0 utiliser le formulaire de contact ou les r\u00e9seaux sociaux, nous vous r\u00e9pondrons rapidement...\" \/>\n<meta property=\"og:url\" content=\"http:\/\/duoseigle.com\/index.php\/fr\/contact\/\" \/>\n<meta property=\"article:publisher\" content=\"https:\/\/www.facebook.com\/duoseigle\/\" \/>\n<meta property=\"article:modified_time\" content=\"2020-06-30T22:31:50+00:00\" \/>\n<meta property=\"og:image\" content=\"http:\/\/duoseigle.com\/wp-content\/uploads\/2016\/02\/iconmonstr-facebook-3-240.png\" \/>\n<meta name=\"twitter:card\" content=\"summary_large_image\" \/>\n<meta name=\"twitter:site\" content=\"@nicolasandmichael\" \/>\n<script type=\"application\/ld+json\" class=\"yoast-schema-graph\">{\"@context\":\"https:\/\/schema.org\",\"@graph\":[{\"@type\":\"WebPage\",\"@id\":\"http:\/\/duoseigle.com\/index.php\/fr\/contact\/\",\"url\":\"http:\/\/duoseigle.com\/index.php\/fr\/contact\/\",\"name\":\"Contact - Micha\u00ebl et Nicolas Seigle\",\"isPartOf\":{\"@id\":\"http:\/\/duoseigle.com\/#website\"},\"datePublished\":\"2016-03-14T09:57:18+00:00\",\"dateModified\":\"2020-06-30T22:31:50+00:00\",\"description\":\"Pour toute prise de contact avec nous, n'h\u00e9sitez pas \u00e0 utiliser le formulaire de contact ou les r\u00e9seaux sociaux, nous vous r\u00e9pondrons rapidement...\",\"breadcrumb\":{\"@id\":\"http:\/\/duoseigle.com\/index.php\/fr\/contact\/#breadcrumb\"},\"inLanguage\":\"fr-FR\",\"potentialAction\":[{\"@type\":\"ReadAction\",\"target\":[\"http:\/\/duoseigle.com\/index.php\/fr\/contact\/\"]}]},{\"@type\":\"BreadcrumbList\",\"@id\":\"http:\/\/duoseigle.com\/index.php\/fr\/contact\/#breadcrumb\",\"itemListElement\":[{\"@type\":\"ListItem\",\"position\":1,\"name\":\"Accueil\",\"item\":\"http:\/\/duoseigle.com\/\"},{\"@type\":\"ListItem\",\"position\":2,\"name\":\"Contact\"}]},{\"@type\":\"WebSite\",\"@id\":\"http:\/\/duoseigle.com\/#website\",\"url\":\"http:\/\/duoseigle.com\/\",\"name\":\"\",\"description\":\"\",\"publisher\":{\"@id\":\"http:\/\/duoseigle.com\/#\/schema\/person\/b9e3d0951d21aa99d558fe8c0fed21fe\"},\"potentialAction\":[{\"@type\":\"SearchAction\",\"target\":{\"@type\":\"EntryPoint\",\"urlTemplate\":\"http:\/\/duoseigle.com\/?s={search_term_string}\"},\"query-input\":\"required name=search_term_string\"}],\"inLanguage\":\"fr-FR\"},{\"@type\":[\"Person\",\"Organization\"],\"@id\":\"http:\/\/duoseigle.com\/#\/schema\/person\/b9e3d0951d21aa99d558fe8c0fed21fe\",\"name\":\"seigle\",\"image\":{\"@type\":\"ImageObject\",\"inLanguage\":\"fr-FR\",\"@id\":\"http:\/\/duoseigle.com\/#\/schema\/person\/image\/\",\"url\":\"http:\/\/duoseigle.com\/wp-content\/uploads\/2022\/10\/1F5D9CD8-B156-4BC4-8CD6-4BA966347FB7.jpeg\",\"contentUrl\":\"http:\/\/duoseigle.com\/wp-content\/uploads\/2022\/10\/1F5D9CD8-B156-4BC4-8CD6-4BA966347FB7.jpeg\",\"width\":250,\"height\":250,\"caption\":\"seigle\"},\"logo\":{\"@id\":\"http:\/\/duoseigle.com\/#\/schema\/person\/image\/\"},\"sameAs\":[\"http:\/\/duoseigle.com\/index.php\/fr\/\",\"https:\/\/www.facebook.com\/duoseigle\/\",\"https:\/\/www.instagram.com\/duoseigle\/\",\"https:\/\/twitter.com\/nicolasandmichael\",\"https:\/\/www.youtube.com\/channel\/UCAjCrJ956r7vTGv8uUlQrpw\"]}]}<\/script>\n<!-- \/ Yoast SEO plugin. -->","yoast_head_json":{"title":"Contact - Micha\u00ebl et Nicolas Seigle","description":"Pour toute prise de contact avec nous, n'h\u00e9sitez pas \u00e0 utiliser le formulaire de contact ou les r\u00e9seaux sociaux, nous vous r\u00e9pondrons rapidement...","robots":{"index":"index","follow":"follow","max-snippet":"max-snippet:-1","max-image-preview":"max-image-preview:large","max-video-preview":"max-video-preview:-1"},"canonical":"http:\/\/duoseigle.com\/index.php\/fr\/contact\/","og_locale":"fr_FR","og_type":"article","og_title":"Contact - Micha\u00ebl et Nicolas Seigle","og_description":"Pour toute prise de contact avec nous, n'h\u00e9sitez pas \u00e0 utiliser le formulaire de contact ou les r\u00e9seaux sociaux, nous vous r\u00e9pondrons rapidement...","og_url":"http:\/\/duoseigle.com\/index.php\/fr\/contact\/","article_publisher":"https:\/\/www.facebook.com\/duoseigle\/","article_modified_time":"2020-06-30T22:31:50+00:00","og_image":[{"url":"http:\/\/duoseigle.com\/wp-content\/uploads\/2016\/02\/iconmonstr-facebook-3-240.png"}],"twitter_card":"summary_large_image","twitter_site":"@nicolasandmichael","schema":{"@context":"https:\/\/schema.org","@graph":[{"@type":"WebPage","@id":"http:\/\/duoseigle.com\/index.php\/fr\/contact\/","url":"http:\/\/duoseigle.com\/index.php\/fr\/contact\/","name":"Contact - Micha\u00ebl et Nicolas Seigle","isPartOf":{"@id":"http:\/\/duoseigle.com\/#website"},"datePublished":"2016-03-14T09:57:18+00:00","dateModified":"2020-06-30T22:31:50+00:00","description":"Pour toute prise de contact avec nous, n'h\u00e9sitez pas \u00e0 utiliser le formulaire de contact ou les r\u00e9seaux sociaux, nous vous r\u00e9pondrons rapidement...","breadcrumb":{"@id":"http:\/\/duoseigle.com\/index.php\/fr\/contact\/#breadcrumb"},"inLanguage":"fr-FR","potentialAction":[{"@type":"ReadAction","target":["http:\/\/duoseigle.com\/index.php\/fr\/contact\/"]}]},{"@type":"BreadcrumbList","@id":"http:\/\/duoseigle.com\/index.php\/fr\/contact\/#breadcrumb","itemListElement":[{"@type":"ListItem","position":1,"name":"Accueil","item":"http:\/\/duoseigle.com\/"},{"@type":"ListItem","position":2,"name":"Contact"}]},{"@type":"WebSite","@id":"http:\/\/duoseigle.com\/#website","url":"http:\/\/duoseigle.com\/","name":"","description":"","publisher":{"@id":"http:\/\/duoseigle.com\/#\/schema\/person\/b9e3d0951d21aa99d558fe8c0fed21fe"},"potentialAction":[{"@type":"SearchAction","target":{"@type":"EntryPoint","urlTemplate":"http:\/\/duoseigle.com\/?s={search_term_string}"},"query-input":"required name=search_term_string"}],"inLanguage":"fr-FR"},{"@type":["Person","Organization"],"@id":"http:\/\/duoseigle.com\/#\/schema\/person\/b9e3d0951d21aa99d558fe8c0fed21fe","name":"seigle","image":{"@type":"ImageObject","inLanguage":"fr-FR","@id":"http:\/\/duoseigle.com\/#\/schema\/person\/image\/","url":"http:\/\/duoseigle.com\/wp-content\/uploads\/2022\/10\/1F5D9CD8-B156-4BC4-8CD6-4BA966347FB7.jpeg","contentUrl":"http:\/\/duoseigle.com\/wp-content\/uploads\/2022\/10\/1F5D9CD8-B156-4BC4-8CD6-4BA966347FB7.jpeg","width":250,"height":250,"caption":"seigle"},"logo":{"@id":"http:\/\/duoseigle.com\/#\/schema\/person\/image\/"},"sameAs":["http:\/\/duoseigle.com\/index.php\/fr\/","https:\/\/www.facebook.com\/duoseigle\/","https:\/\/www.instagram.com\/duoseigle\/","https:\/\/twitter.com\/nicolasandmichael","https:\/\/www.youtube.com\/channel\/UCAjCrJ956r7vTGv8uUlQrpw"]}]}},"_links":{"self":[{"href":"http:\/\/duoseigle.com\/index.php\/wp-json\/wp\/v2\/pages\/12"}],"collection":[{"href":"http:\/\/duoseigle.com\/index.php\/wp-json\/wp\/v2\/pages"}],"about":[{"href":"http:\/\/duoseigle.com\/index.php\/wp-json\/wp\/v2\/types\/page"}],"author":[{"embeddable":true,"href":"http:\/\/duoseigle.com\/index.php\/wp-json\/wp\/v2\/users\/1"}],"replies":[{"embeddable":true,"href":"http:\/\/duoseigle.com\/index.php\/wp-json\/wp\/v2\/comments?post=12"}],"version-history":[{"count":37,"href":"http:\/\/duoseigle.com\/index.php\/wp-json\/wp\/v2\/pages\/12\/revisions"}],"predecessor-version":[{"id":1313,"href":"http:\/\/duoseigle.com\/index.php\/wp-json\/wp\/v2\/pages\/12\/revisions\/1313"}],"wp:attachment":[{"href":"http:\/\/duoseigle.com\/index.php\/wp-json\/wp\/v2\/media?parent=12"}],"curies":[{"name":"wp","href":"https:\/\/api.w.org\/{rel}","templated":true}]}}