{"id":124,"date":"2016-03-14T10:22:42","date_gmt":"2016-03-14T09:22:42","guid":{"rendered":"http:\/\/duoseigle.com\/?page_id=124"},"modified":"2016-03-28T18:33:32","modified_gmt":"2016-03-28T17:33:32","slug":"pedagogies","status":"publish","type":"page","link":"http:\/\/duoseigle.com\/index.php\/fr\/pedagogies\/","title":{"rendered":"P\u00e9dagogies"},"content":{"rendered":"<p>Nous avons eu la grande chance, lors de nos \u00e9tudes, de rencontrer et de recevoir les p\u00e9dagogies de musiciens originaires des pays de l\u2019Est. Musiciens qui nous ont apport\u00e9 les pistes et les cl\u00e9s n\u00e9cessaires \u00e0 l\u2019interpr\u00e9tation de ces musiques populaires.<\/p>\n<p>L\u2019interpr\u00e9tation de ces musiques ne doit pas tomber dans un clich\u00e9 \u00ab\u00a0folkloriste\u00a0\u00bb ou une image alt\u00e9r\u00e9e par un imaginaire artificiel, mais au contraire d\u2019en rendre toute la justesse, le caract\u00e8re et l\u2019\u00e9criture \u00ab\u00a0savante\u00a0\u00bb et inspir\u00e9e des folklores hongrois et tch\u00e8ques.<\/p>\n<p>Voici quelques pistes qu\u2019ont apport\u00e9 <strong>Devy Erlih<\/strong> \u00e0 Micha\u00ebl et <strong>Zolt\u00e1n T\u00f3th<\/strong> \u00e0 Nicolas.<\/p>\n<h5><strong><span style=\"color: #9a0401;\">R\u00e9flexions\u00a0de Devy Erlih\u00a0sur la musique savante\u00a0d&rsquo;inspiration populaire<\/span><\/strong><\/h5>\n<p>Mon Ma\u00eetre Devy Erlih me disait \u00e0 propos du folklore qu\u2019il ne faut pas confondre musiques populaires ou th\u00e8mes populaires avec les musiques d\u2019inspirations populaires, car les compositeurs, impr\u00e9gn\u00e9s par ces chants, par ces th\u00e8mes de danses, les retranscrivent ensuite en musique dite \u00ab\u00a0savante\u00a0\u00bb.<\/p>\n<p>Et cela se traduit pour nous, en tant que musiciens interpr\u00e8tes, \u00e0 ne pas vouloir reproduire cette tradition orale, ces musiques folkloriques telles qu\u2019elles \u00e9taient jou\u00e9es dans les campagnes, mais de toujours bien les replacer dans le contexte global d\u2019une \u0153uvre \u00e9crite.<\/p>\n<h5><strong><span style=\"color: #9a0401;\">La p\u00e9dagogie de Zolt\u00e1n T\u00f3th\u00a0fait \u00e9cho \u00e0 celle de\u00a0Zolt\u00e1n Kod\u00e1ly<\/span><\/strong><\/h5>\n<p><span style=\"color: #333333;\">L\u2019enseignement que j\u2019ai re\u00e7u de l\u2019altiste hongrois Zolt\u00e1n T\u00f3th \u00e9tait bas\u00e9 sur la corr\u00e9lation entre le langage parl\u00e9 et le langage musical, qui \u00e9tait l\u2019un des fondements de la\u00a0 p\u00e9dagogie Kod\u00e1ly qui ne dissociait pas l\u2019apprentissage de notre langue maternelle avec celui de notre musique folklorique maternelle.<\/span><\/p>\n<p>Zolt\u00e1n T\u00f3th nous invitait \u00e0 toujours prononcer \u00e0 haute voix des syllabes ou des onomatop\u00e9es sur les rythmes, sur les formules rythmiques ou les lignes m\u00e9lodiques d\u2019une partition, quels qu\u2019en soient d\u2019ailleurs l\u2019\u00e9poque ou le compositeur, mais il insistait particuli\u00e8rement l\u00e0-dessus dans le travail de ce duo de Kod\u00e1ly.<\/p>\n<p>Il nous disait que les accents toniques dans cette musique font \u00e9cho \u00e0 ceux que l\u2019on retrouve dans la langue parl\u00e9e hongroise.<\/p>\n","protected":false},"excerpt":{"rendered":"<p>Nous avons eu la grande chance, lors de nos \u00e9tudes, de rencontrer et de recevoir les p\u00e9dagogies de musiciens originaires des pays de l\u2019Est. Musiciens qui nous ont apport\u00e9 les pistes et les cl\u00e9s n\u00e9cessaires \u00e0 l\u2019interpr\u00e9tation de ces musiques populaires. L\u2019interpr\u00e9tation de ces musiques ne doit pas tomber dans\u2026<\/p>\n<p> <a class=\"continue-reading-link\" href=\"http:\/\/duoseigle.com\/index.php\/fr\/pedagogies\/\"><span>Lire la suite<\/span><i class=\"crycon-right-dir\"><\/i><\/a> <\/p>\n","protected":false},"author":1,"featured_media":0,"parent":0,"menu_order":0,"comment_status":"closed","ping_status":"closed","template":"","meta":{"two_page_speed":[]},"yoast_head":"<!-- This site is optimized with the Yoast SEO plugin v19.10 - https:\/\/yoast.com\/wordpress\/plugins\/seo\/ -->\n<title>P\u00e9dagogies - Duo Micha\u00ebl et Nicolas Seigle<\/title>\n<meta name=\"description\" content=\"Nous avons eu la grande chance, lors de nos \u00e9tudes, de rencontrer et de recevoir les p\u00e9dagogies de musiciens originaires des pays de l\u2019Est.\" \/>\n<meta name=\"robots\" content=\"index, follow, max-snippet:-1, max-image-preview:large, max-video-preview:-1\" \/>\n<link rel=\"canonical\" href=\"http:\/\/duoseigle.com\/index.php\/fr\/pedagogies\/\" \/>\n<meta property=\"og:locale\" content=\"fr_FR\" \/>\n<meta property=\"og:type\" content=\"article\" \/>\n<meta property=\"og:title\" content=\"P\u00e9dagogies - Duo Micha\u00ebl et Nicolas Seigle\" \/>\n<meta property=\"og:description\" content=\"Nous avons eu la grande chance, lors de nos \u00e9tudes, de rencontrer et de recevoir les p\u00e9dagogies de musiciens originaires des pays de l\u2019Est.\" \/>\n<meta property=\"og:url\" content=\"http:\/\/duoseigle.com\/index.php\/fr\/pedagogies\/\" \/>\n<meta property=\"article:publisher\" content=\"https:\/\/www.facebook.com\/duoseigle\/\" \/>\n<meta property=\"article:modified_time\" content=\"2016-03-28T17:33:32+00:00\" \/>\n<meta property=\"og:image\" content=\"http:\/\/duoseigle.com\/wp-content\/uploads\/2016\/03\/\u00a9ArtyFAN_8008ret1.jpg\" \/>\n\t<meta property=\"og:image:width\" content=\"2000\" \/>\n\t<meta property=\"og:image:height\" content=\"1333\" \/>\n\t<meta property=\"og:image:type\" content=\"image\/jpeg\" \/>\n<meta name=\"twitter:card\" content=\"summary_large_image\" \/>\n<meta name=\"twitter:site\" content=\"@nicolasandmichael\" \/>\n<meta name=\"twitter:label1\" content=\"Dur\u00e9e de lecture estim\u00e9e\" \/>\n\t<meta name=\"twitter:data1\" content=\"2 minutes\" \/>\n<script type=\"application\/ld+json\" class=\"yoast-schema-graph\">{\"@context\":\"https:\/\/schema.org\",\"@graph\":[{\"@type\":\"WebPage\",\"@id\":\"http:\/\/duoseigle.com\/index.php\/fr\/pedagogies\/\",\"url\":\"http:\/\/duoseigle.com\/index.php\/fr\/pedagogies\/\",\"name\":\"P\u00e9dagogies - Duo Micha\u00ebl et Nicolas Seigle\",\"isPartOf\":{\"@id\":\"http:\/\/duoseigle.com\/#website\"},\"datePublished\":\"2016-03-14T09:22:42+00:00\",\"dateModified\":\"2016-03-28T17:33:32+00:00\",\"description\":\"Nous avons eu la grande chance, lors de nos \u00e9tudes, de rencontrer et de recevoir les p\u00e9dagogies de musiciens originaires des pays de l\u2019Est.\",\"breadcrumb\":{\"@id\":\"http:\/\/duoseigle.com\/index.php\/fr\/pedagogies\/#breadcrumb\"},\"inLanguage\":\"fr-FR\",\"potentialAction\":[{\"@type\":\"ReadAction\",\"target\":[\"http:\/\/duoseigle.com\/index.php\/fr\/pedagogies\/\"]}]},{\"@type\":\"BreadcrumbList\",\"@id\":\"http:\/\/duoseigle.com\/index.php\/fr\/pedagogies\/#breadcrumb\",\"itemListElement\":[{\"@type\":\"ListItem\",\"position\":1,\"name\":\"Accueil\",\"item\":\"http:\/\/duoseigle.com\/index.php\/en\/\"},{\"@type\":\"ListItem\",\"position\":2,\"name\":\"P\u00e9dagogies\"}]},{\"@type\":\"WebSite\",\"@id\":\"http:\/\/duoseigle.com\/#website\",\"url\":\"http:\/\/duoseigle.com\/\",\"name\":\"\",\"description\":\"\",\"publisher\":{\"@id\":\"http:\/\/duoseigle.com\/#\/schema\/person\/b9e3d0951d21aa99d558fe8c0fed21fe\"},\"potentialAction\":[{\"@type\":\"SearchAction\",\"target\":{\"@type\":\"EntryPoint\",\"urlTemplate\":\"http:\/\/duoseigle.com\/?s={search_term_string}\"},\"query-input\":\"required name=search_term_string\"}],\"inLanguage\":\"fr-FR\"},{\"@type\":[\"Person\",\"Organization\"],\"@id\":\"http:\/\/duoseigle.com\/#\/schema\/person\/b9e3d0951d21aa99d558fe8c0fed21fe\",\"name\":\"seigle\",\"image\":{\"@type\":\"ImageObject\",\"inLanguage\":\"fr-FR\",\"@id\":\"http:\/\/duoseigle.com\/#\/schema\/person\/image\/\",\"url\":\"http:\/\/duoseigle.com\/wp-content\/uploads\/2022\/10\/1F5D9CD8-B156-4BC4-8CD6-4BA966347FB7.jpeg\",\"contentUrl\":\"http:\/\/duoseigle.com\/wp-content\/uploads\/2022\/10\/1F5D9CD8-B156-4BC4-8CD6-4BA966347FB7.jpeg\",\"width\":250,\"height\":250,\"caption\":\"seigle\"},\"logo\":{\"@id\":\"http:\/\/duoseigle.com\/#\/schema\/person\/image\/\"},\"sameAs\":[\"http:\/\/duoseigle.com\/index.php\/fr\/\",\"https:\/\/www.facebook.com\/duoseigle\/\",\"https:\/\/www.instagram.com\/duoseigle\/\",\"https:\/\/twitter.com\/nicolasandmichael\",\"https:\/\/www.youtube.com\/channel\/UCAjCrJ956r7vTGv8uUlQrpw\"]}]}<\/script>\n<!-- \/ Yoast SEO plugin. -->","yoast_head_json":{"title":"P\u00e9dagogies - Duo Micha\u00ebl et Nicolas Seigle","description":"Nous avons eu la grande chance, lors de nos \u00e9tudes, de rencontrer et de recevoir les p\u00e9dagogies de musiciens originaires des pays de l\u2019Est.","robots":{"index":"index","follow":"follow","max-snippet":"max-snippet:-1","max-image-preview":"max-image-preview:large","max-video-preview":"max-video-preview:-1"},"canonical":"http:\/\/duoseigle.com\/index.php\/fr\/pedagogies\/","og_locale":"fr_FR","og_type":"article","og_title":"P\u00e9dagogies - Duo Micha\u00ebl et Nicolas Seigle","og_description":"Nous avons eu la grande chance, lors de nos \u00e9tudes, de rencontrer et de recevoir les p\u00e9dagogies de musiciens originaires des pays de l\u2019Est.","og_url":"http:\/\/duoseigle.com\/index.php\/fr\/pedagogies\/","article_publisher":"https:\/\/www.facebook.com\/duoseigle\/","article_modified_time":"2016-03-28T17:33:32+00:00","og_image":[{"width":2000,"height":1333,"url":"http:\/\/duoseigle.com\/wp-content\/uploads\/2016\/03\/\u00a9ArtyFAN_8008ret1.jpg","type":"image\/jpeg"}],"twitter_card":"summary_large_image","twitter_site":"@nicolasandmichael","twitter_misc":{"Dur\u00e9e de lecture estim\u00e9e":"2 minutes"},"schema":{"@context":"https:\/\/schema.org","@graph":[{"@type":"WebPage","@id":"http:\/\/duoseigle.com\/index.php\/fr\/pedagogies\/","url":"http:\/\/duoseigle.com\/index.php\/fr\/pedagogies\/","name":"P\u00e9dagogies - Duo Micha\u00ebl et Nicolas Seigle","isPartOf":{"@id":"http:\/\/duoseigle.com\/#website"},"datePublished":"2016-03-14T09:22:42+00:00","dateModified":"2016-03-28T17:33:32+00:00","description":"Nous avons eu la grande chance, lors de nos \u00e9tudes, de rencontrer et de recevoir les p\u00e9dagogies de musiciens originaires des pays de l\u2019Est.","breadcrumb":{"@id":"http:\/\/duoseigle.com\/index.php\/fr\/pedagogies\/#breadcrumb"},"inLanguage":"fr-FR","potentialAction":[{"@type":"ReadAction","target":["http:\/\/duoseigle.com\/index.php\/fr\/pedagogies\/"]}]},{"@type":"BreadcrumbList","@id":"http:\/\/duoseigle.com\/index.php\/fr\/pedagogies\/#breadcrumb","itemListElement":[{"@type":"ListItem","position":1,"name":"Accueil","item":"http:\/\/duoseigle.com\/index.php\/en\/"},{"@type":"ListItem","position":2,"name":"P\u00e9dagogies"}]},{"@type":"WebSite","@id":"http:\/\/duoseigle.com\/#website","url":"http:\/\/duoseigle.com\/","name":"","description":"","publisher":{"@id":"http:\/\/duoseigle.com\/#\/schema\/person\/b9e3d0951d21aa99d558fe8c0fed21fe"},"potentialAction":[{"@type":"SearchAction","target":{"@type":"EntryPoint","urlTemplate":"http:\/\/duoseigle.com\/?s={search_term_string}"},"query-input":"required name=search_term_string"}],"inLanguage":"fr-FR"},{"@type":["Person","Organization"],"@id":"http:\/\/duoseigle.com\/#\/schema\/person\/b9e3d0951d21aa99d558fe8c0fed21fe","name":"seigle","image":{"@type":"ImageObject","inLanguage":"fr-FR","@id":"http:\/\/duoseigle.com\/#\/schema\/person\/image\/","url":"http:\/\/duoseigle.com\/wp-content\/uploads\/2022\/10\/1F5D9CD8-B156-4BC4-8CD6-4BA966347FB7.jpeg","contentUrl":"http:\/\/duoseigle.com\/wp-content\/uploads\/2022\/10\/1F5D9CD8-B156-4BC4-8CD6-4BA966347FB7.jpeg","width":250,"height":250,"caption":"seigle"},"logo":{"@id":"http:\/\/duoseigle.com\/#\/schema\/person\/image\/"},"sameAs":["http:\/\/duoseigle.com\/index.php\/fr\/","https:\/\/www.facebook.com\/duoseigle\/","https:\/\/www.instagram.com\/duoseigle\/","https:\/\/twitter.com\/nicolasandmichael","https:\/\/www.youtube.com\/channel\/UCAjCrJ956r7vTGv8uUlQrpw"]}]}},"_links":{"self":[{"href":"http:\/\/duoseigle.com\/index.php\/wp-json\/wp\/v2\/pages\/124"}],"collection":[{"href":"http:\/\/duoseigle.com\/index.php\/wp-json\/wp\/v2\/pages"}],"about":[{"href":"http:\/\/duoseigle.com\/index.php\/wp-json\/wp\/v2\/types\/page"}],"author":[{"embeddable":true,"href":"http:\/\/duoseigle.com\/index.php\/wp-json\/wp\/v2\/users\/1"}],"replies":[{"embeddable":true,"href":"http:\/\/duoseigle.com\/index.php\/wp-json\/wp\/v2\/comments?post=124"}],"version-history":[{"count":10,"href":"http:\/\/duoseigle.com\/index.php\/wp-json\/wp\/v2\/pages\/124\/revisions"}],"predecessor-version":[{"id":552,"href":"http:\/\/duoseigle.com\/index.php\/wp-json\/wp\/v2\/pages\/124\/revisions\/552"}],"wp:attachment":[{"href":"http:\/\/duoseigle.com\/index.php\/wp-json\/wp\/v2\/media?parent=124"}],"curies":[{"name":"wp","href":"https:\/\/api.w.org\/{rel}","templated":true}]}}