{"id":1451,"date":"2022-10-06T09:01:44","date_gmt":"2022-10-06T08:01:44","guid":{"rendered":"http:\/\/duoseigle.com\/?page_id=1451"},"modified":"2026-02-02T22:23:12","modified_gmt":"2026-02-02T21:23:12","slug":"concerts","status":"publish","type":"page","link":"http:\/\/duoseigle.com\/index.php\/fr\/concerts\/","title":{"rendered":"Le Duo Seigle en concert"},"content":{"rendered":"<ul>\n<li><strong><span style=\"color: #9a0104;\">Vendredi 31 mai 2024<\/span> &#8211; <\/strong>19h &#8211; \u00c9glise de <a href=\"https:\/\/maps.app.goo.gl\/CjRYpht5kKmZWDQ67?g_st=ic\"><em><strong>Lignan-sur-Orb<\/strong><\/em><\/a> (34)<br \/>\nProgramme <em><strong>\u00ab Alchimie \u00bb<\/strong><\/em><br \/>\nInfos et r\u00e9servations : Cliquez <a href=\"https:\/\/www.beziers-mediterranee.com\/agenda\/concert-duo-alchimie-2\/\" target=\"_blank\" rel=\"noopener\"><strong>ICI<\/strong><\/a><\/li>\n<li><span style=\"color: #9a0104;\"><strong>Jeudi 11 janvier 2024<\/strong> <\/span>&#8211; 19h &#8211; Auditorium M\u00e9diath\u00e8que Andr\u00e9 Malraux &#8211; <a href=\"https:\/\/maps.app.goo.gl\/3mTxMEDyV9kfU77c8?g_st=ic\"><em><strong>B\u00e9ziers<\/strong> <\/em><\/a>(34)<br \/>\nProgramme <strong><em>\u00ab Alchimie \u00bb<\/em><\/strong><br \/>\nInfos et r\u00e9servations : Cliquez <a href=\"https:\/\/www.beziers-mediterranee.com\/agenda\/concert-duo-alchimie\/\" target=\"_blank\" rel=\"noopener\"><strong>ICI<\/strong><\/a><\/li>\n<li><span style=\"color: #9a0104;\"><strong>Dimanche 26 novembre 2023<\/strong><\/span> &#8211; 20h &#8211; Festival \u00ab Chouette du Piano \u00bb <a href=\"https:\/\/maps.app.goo.gl\/cW94UTbC4LT75qgPA?g_st=ic\"><em><strong>Dijon<\/strong><\/em><\/a> (21)<br \/>\nPiano : Catherine Namura<br \/>\nInfos et r\u00e9servations : Cliquez <a href=\"https:\/\/www.facebook.com\/chouettedupiano\" target=\"_blank\" rel=\"noopener\"><strong>ICI<\/strong><\/a><\/li>\n<li><span style=\"color: #9a0104;\"><strong>Jeudi 16 novembre 2023<\/strong><\/span> &#8211; 20h &#8211; H\u00f4tel de France &#8211; <a href=\"https:\/\/maps.app.goo.gl\/nKae87Zd6KVC5ark7?g_st=ic\"><em><strong>La C\u00f4t\u00e9 Saint Andr\u00e9<\/strong> <\/em><\/a>(38)<br \/>\nInfos et r\u00e9servations : Cliquez ici <a href=\"https:\/\/isere.planetekiosque.com\/57-1312461-5-diner-concert.html\" target=\"_blank\" rel=\"noopener\">ICI<\/a><\/li>\n<li><span style=\"color: #9a0104;\"><strong>Vendredi 20 octobre 2023<\/strong><\/span> &#8211; 20h &#8211; Eglise de <a href=\"https:\/\/maps.app.goo.gl\/1DRPTb1LaFQL9KR37?g_st=ic\"><strong><em>Saint-Romain-au-Mont-d&rsquo;Or<\/em><\/strong><\/a> (69)<br \/>\nProgramme : <em><strong>\u00ab Voyages Int\u00e9rieurs \u00bb<\/strong><\/em><br \/>\nChanteuse invit\u00e9e : No\u00ebmi Waysfeld<br \/>\nInfos et r\u00e9servations : Cliquez <a href=\"https:\/\/www.pianissimes.org\/duo-seigle\/\" target=\"_blank\" rel=\"noopener\"><strong>ICI<\/strong><\/a><\/li>\n<li><span style=\"color: #9a0104;\"><strong>Vendredi 15 septembre 2023\u00a0<\/strong><\/span><span style=\"color: #000000;\"><strong>&#8211;\u00a0<\/strong><\/span>Concert \u00e0 l\u2019\u00e9glise de <a href=\"https:\/\/maps.app.goo.gl\/GPRAQ4c24L34HQws9?g_st=ic\"><strong><em>St. Germain de Martigny<\/em><\/strong><\/a> (61)<br \/>\nProgramme <strong>\u00ab\u00a0Alchimie\u00a0\u00bb<\/strong><\/li>\n<li><span style=\"color: #9a0104;\"><strong>Mardi 25 juillet 2023 <\/strong><span style=\"color: #000000;\">&#8211; 20h30 &#8211; Festival des Chapelles Royan-Vercors &#8211; <a href=\"https:\/\/maps.app.goo.gl\/q1LfY5YfGNwM1Cca6?g_st=ic\"><strong>Saint-Agnan-en-Vercors<\/strong><\/a> (26)<br \/>\nArtiste invit\u00e9e : No\u00ebmi Waysfeld\u00a0<\/span><\/span><\/li>\n<li><span style=\"color: #9a0104;\"><strong>Dimanche 29 janvier 2023<\/strong><\/span> &#8211; 17h &#8211; Chapelle de l\u2019Oratoire &#8211; <strong><em><a href=\"https:\/\/goo.gl\/maps\/7te6g1tYL2QmE9gN7\" target=\"_blank\" rel=\"noopener\">Caluire et cuire<\/a> <\/em><\/strong>(69)<br \/>\n<strong><em>\u00ab\u00a0Voyages Int\u00e9rieurs\u00a0\u00bb\u00a0<\/em><\/strong><br \/>\nArtiste invit\u00e9e : No\u00ebmi Waysfeld<br \/>\nInfos et r\u00e9servations : cliquez <strong><a href=\"https:\/\/faceafacemusical.fr\/?page_id=7\" target=\"_blank\" rel=\"noreferrer noopener\">ICI<\/a><\/strong><\/li>\n<li><span style=\"color: #9a0104;\"><strong>JEUDI 1er <span style=\"color: #9a0104;\">D\u00c9CEMBRE<\/span> 2022<\/strong><\/span>\u00a0&#8211; 20h &#8211; <span style=\"color: #9a0104;\"><strong>CONCERT \u00c9V\u00c8NEMENT<\/strong><\/span> Salle Moli\u00e8re &#8211;\u00a0<a href=\"https:\/\/goo.gl\/maps\/eC1j3Y6Sz4kL75xk8\" target=\"_blank\" rel=\"noopener\"><em><strong>Lyon 5\u00e8me<\/strong><\/em><\/a><br \/>\nSortie lyonnaise de l\u2019album\u00a0<strong><em>\u00ab\u00a0Voyages Int\u00e9rieurs\u00a0\u00bb<\/em><\/strong><br \/>\nArtiste invit\u00e9e : No\u00ebmi Waysfeld<br \/>\nInfos et r\u00e9servations : cliquez <strong><a href=\"https:\/\/www.helloasso.com\/associations\/duo-seigle\/evenements\/duo-seigle-voyages-interieurs\" target=\"_blank\" rel=\"noreferrer noopener\">ICI<\/a><\/strong><\/li>\n<li><span style=\"color: #9a0104;\"><strong>Dimanche 20 novembre 2022\u00a0<\/strong><\/span>&#8211; 16h &#8211; \u00c9glise de Charnay &#8211; <strong><a href=\"https:\/\/goo.gl\/maps\/xxPFTPviNArSxYxS6\">Charnay en beaujolais<\/a> <\/strong>(69)<strong><br \/>\n<\/strong>Programme <strong>\u00ab\u00a0Alchimie\u00a0\u00bb<\/strong><\/li>\n<li><span style=\"color: #9a0104;\"><strong>Dimanche 23 octobre 2022<\/strong><\/span>\u00a0&#8211; 17h &#8211; Coop\u00e9rative du Z\u00e8bre &#8211;\u00a0<a href=\"https:\/\/goo.gl\/maps\/eC5aCZeQSdT4BLB48\" target=\"_blank\" rel=\"noopener\"><em><strong>Lyon 4\u00e8me<\/strong><\/em><\/a><br \/>\nProgramme <strong>\u00ab\u00a0Alchimie\u00a0\u00bb<\/strong><\/li>\n<li><span style=\"color: #9a0104;\"><strong>Vendredi 30 septembre 2022<\/strong><\/span>\u00a0&#8211; 20h30 &#8211; Auditorium de\u00a0<a href=\"https:\/\/goo.gl\/maps\/YpM9zGDWbBLFXKvJ6\" target=\"_blank\" rel=\"noopener\"><strong><em>Chaponost<\/em><\/strong><\/a>\u00a0(69)<br \/>\nProgramme <strong>\u00ab\u00a0Alchimie\u00a0\u00bb<\/strong><\/li>\n<li><span style=\"color: #9a0104;\"><strong>Vendredi 23 septembre 2022<\/strong><\/span>\u00a0&#8211; 18h30 &#8211; \u00c9glise de\u00a0<a href=\"https:\/\/goo.gl\/maps\/GHHqNKzRd3n5cYeT9\" target=\"_blank\" rel=\"noopener\"><strong><em>Saint Germain de Martigny<\/em><\/strong><\/a>\u00a0(61)<br \/>\nProgramme <strong>\u00ab\u00a0Alchimie\u00a0\u00bb<\/strong><\/li>\n<li><span style=\"color: #9a0104;\"><strong>Lundi 19 septembre 2022<\/strong><\/span>\u00a0&#8211; 20h &#8211; Eglise de\u00a0<a href=\"https:\/\/goo.gl\/maps\/uhp24LTXvwNriQNG9\" target=\"_blank\" rel=\"noopener\"><strong><em>Vermelle<\/em><\/strong><\/a>\u00a0(38)<br \/>\nProgramme <strong>\u00ab\u00a0Alchimie\u00a0\u00bb<\/strong><\/li>\n<li><strong><span style=\"color: #9a0104;\">Mercredi 13 juillet 2022<\/span> &#8211;<\/strong> 18h et 20h -Chapelle Pol<strong><em>, <a href=\"https:\/\/goo.gl\/maps\/AcaHCHSWjyRgDbgW8\" target=\"_blank\" rel=\"noopener\">Ploun\u00e9our-Brignogan-Plages<\/a><\/em><\/strong><em>(29)<\/em><br \/>\nProgramme <strong>\u00ab\u00a0Alchimie\u00a0\u00bb<\/strong><\/li>\n<\/ul>\n","protected":false},"excerpt":{"rendered":"<p>Vendredi 31 mai 2024 &#8211; 19h &#8211; \u00c9glise de Lignan-sur-Orb (34) Programme \u00ab Alchimie \u00bb Infos et r\u00e9servations : Cliquez ICI Jeudi 11 janvier 2024 &#8211; 19h &#8211; Auditorium M\u00e9diath\u00e8que Andr\u00e9 Malraux &#8211; B\u00e9ziers (34) Programme \u00ab Alchimie \u00bb Infos et r\u00e9servations : Cliquez ICI Dimanche 26 novembre 2023 &#8211;\u2026<\/p>\n<p> <a class=\"continue-reading-link\" href=\"http:\/\/duoseigle.com\/index.php\/fr\/concerts\/\"><span>Lire la suite<\/span><i class=\"crycon-right-dir\"><\/i><\/a> <\/p>\n","protected":false},"author":2,"featured_media":0,"parent":0,"menu_order":0,"comment_status":"closed","ping_status":"closed","template":"","meta":{"two_page_speed":[]},"yoast_head":"<!-- This site is optimized with the Yoast SEO plugin v19.10 - https:\/\/yoast.com\/wordpress\/plugins\/seo\/ -->\n<title>Le Duo Seigle en concert -<\/title>\n<meta name=\"robots\" content=\"index, follow, max-snippet:-1, max-image-preview:large, max-video-preview:-1\" \/>\n<link rel=\"canonical\" href=\"http:\/\/duoseigle.com\/index.php\/fr\/concerts\/\" \/>\n<meta property=\"og:locale\" content=\"fr_FR\" \/>\n<meta property=\"og:type\" content=\"article\" \/>\n<meta property=\"og:title\" content=\"Le Duo Seigle en concert -\" \/>\n<meta property=\"og:description\" content=\"Vendredi 31 mai 2024 &#8211; 19h &#8211; \u00c9glise de Lignan-sur-Orb (34) Programme \u00ab Alchimie \u00bb Infos et r\u00e9servations : Cliquez ICI Jeudi 11 janvier 2024 &#8211; 19h &#8211; Auditorium M\u00e9diath\u00e8que Andr\u00e9 Malraux &#8211; B\u00e9ziers (34) Programme \u00ab Alchimie \u00bb Infos et r\u00e9servations : Cliquez ICI Dimanche 26 novembre 2023 &#8211;\u2026 Lire la suite\" \/>\n<meta property=\"og:url\" content=\"http:\/\/duoseigle.com\/index.php\/fr\/concerts\/\" \/>\n<meta property=\"article:publisher\" content=\"https:\/\/www.facebook.com\/duoseigle\/\" \/>\n<meta property=\"article:modified_time\" content=\"2026-02-02T21:23:12+00:00\" \/>\n<meta property=\"og:image\" content=\"http:\/\/duoseigle.com\/wp-content\/uploads\/2016\/03\/\u00a9ArtyFAN_8008ret1.jpg\" \/>\n\t<meta property=\"og:image:width\" content=\"2000\" \/>\n\t<meta property=\"og:image:height\" content=\"1333\" \/>\n\t<meta property=\"og:image:type\" content=\"image\/jpeg\" \/>\n<meta name=\"twitter:card\" content=\"summary_large_image\" \/>\n<meta name=\"twitter:site\" content=\"@nicolasandmichael\" \/>\n<meta name=\"twitter:label1\" content=\"Dur\u00e9e de lecture estim\u00e9e\" \/>\n\t<meta name=\"twitter:data1\" content=\"2 minutes\" \/>\n<script type=\"application\/ld+json\" class=\"yoast-schema-graph\">{\"@context\":\"https:\/\/schema.org\",\"@graph\":[{\"@type\":\"WebPage\",\"@id\":\"http:\/\/duoseigle.com\/index.php\/fr\/concerts\/\",\"url\":\"http:\/\/duoseigle.com\/index.php\/fr\/concerts\/\",\"name\":\"Le Duo Seigle en concert -\",\"isPartOf\":{\"@id\":\"http:\/\/duoseigle.com\/#website\"},\"datePublished\":\"2022-10-06T08:01:44+00:00\",\"dateModified\":\"2026-02-02T21:23:12+00:00\",\"breadcrumb\":{\"@id\":\"http:\/\/duoseigle.com\/index.php\/fr\/concerts\/#breadcrumb\"},\"inLanguage\":\"fr-FR\",\"potentialAction\":[{\"@type\":\"ReadAction\",\"target\":[\"http:\/\/duoseigle.com\/index.php\/fr\/concerts\/\"]}]},{\"@type\":\"BreadcrumbList\",\"@id\":\"http:\/\/duoseigle.com\/index.php\/fr\/concerts\/#breadcrumb\",\"itemListElement\":[{\"@type\":\"ListItem\",\"position\":1,\"name\":\"Accueil\",\"item\":\"http:\/\/duoseigle.com\/index.php\/fr\/\"},{\"@type\":\"ListItem\",\"position\":2,\"name\":\"Le Duo Seigle en concert\"}]},{\"@type\":\"WebSite\",\"@id\":\"http:\/\/duoseigle.com\/#website\",\"url\":\"http:\/\/duoseigle.com\/\",\"name\":\"\",\"description\":\"\",\"publisher\":{\"@id\":\"http:\/\/duoseigle.com\/#\/schema\/person\/b9e3d0951d21aa99d558fe8c0fed21fe\"},\"potentialAction\":[{\"@type\":\"SearchAction\",\"target\":{\"@type\":\"EntryPoint\",\"urlTemplate\":\"http:\/\/duoseigle.com\/?s={search_term_string}\"},\"query-input\":\"required name=search_term_string\"}],\"inLanguage\":\"fr-FR\"},{\"@type\":[\"Person\",\"Organization\"],\"@id\":\"http:\/\/duoseigle.com\/#\/schema\/person\/b9e3d0951d21aa99d558fe8c0fed21fe\",\"name\":\"seigle\",\"image\":{\"@type\":\"ImageObject\",\"inLanguage\":\"fr-FR\",\"@id\":\"http:\/\/duoseigle.com\/#\/schema\/person\/image\/\",\"url\":\"http:\/\/duoseigle.com\/wp-content\/uploads\/2022\/10\/1F5D9CD8-B156-4BC4-8CD6-4BA966347FB7.jpeg\",\"contentUrl\":\"http:\/\/duoseigle.com\/wp-content\/uploads\/2022\/10\/1F5D9CD8-B156-4BC4-8CD6-4BA966347FB7.jpeg\",\"width\":250,\"height\":250,\"caption\":\"seigle\"},\"logo\":{\"@id\":\"http:\/\/duoseigle.com\/#\/schema\/person\/image\/\"},\"sameAs\":[\"http:\/\/duoseigle.com\/index.php\/fr\/\",\"https:\/\/www.facebook.com\/duoseigle\/\",\"https:\/\/www.instagram.com\/duoseigle\/\",\"https:\/\/twitter.com\/nicolasandmichael\",\"https:\/\/www.youtube.com\/channel\/UCAjCrJ956r7vTGv8uUlQrpw\"]}]}<\/script>\n<!-- \/ Yoast SEO plugin. -->","yoast_head_json":{"title":"Le Duo Seigle en concert -","robots":{"index":"index","follow":"follow","max-snippet":"max-snippet:-1","max-image-preview":"max-image-preview:large","max-video-preview":"max-video-preview:-1"},"canonical":"http:\/\/duoseigle.com\/index.php\/fr\/concerts\/","og_locale":"fr_FR","og_type":"article","og_title":"Le Duo Seigle en concert -","og_description":"Vendredi 31 mai 2024 &#8211; 19h &#8211; \u00c9glise de Lignan-sur-Orb (34) Programme \u00ab Alchimie \u00bb Infos et r\u00e9servations : Cliquez ICI Jeudi 11 janvier 2024 &#8211; 19h &#8211; Auditorium M\u00e9diath\u00e8que Andr\u00e9 Malraux &#8211; B\u00e9ziers (34) Programme \u00ab Alchimie \u00bb Infos et r\u00e9servations : Cliquez ICI Dimanche 26 novembre 2023 &#8211;\u2026 Lire la suite","og_url":"http:\/\/duoseigle.com\/index.php\/fr\/concerts\/","article_publisher":"https:\/\/www.facebook.com\/duoseigle\/","article_modified_time":"2026-02-02T21:23:12+00:00","og_image":[{"width":2000,"height":1333,"url":"http:\/\/duoseigle.com\/wp-content\/uploads\/2016\/03\/\u00a9ArtyFAN_8008ret1.jpg","type":"image\/jpeg"}],"twitter_card":"summary_large_image","twitter_site":"@nicolasandmichael","twitter_misc":{"Dur\u00e9e de lecture estim\u00e9e":"2 minutes"},"schema":{"@context":"https:\/\/schema.org","@graph":[{"@type":"WebPage","@id":"http:\/\/duoseigle.com\/index.php\/fr\/concerts\/","url":"http:\/\/duoseigle.com\/index.php\/fr\/concerts\/","name":"Le Duo Seigle en concert -","isPartOf":{"@id":"http:\/\/duoseigle.com\/#website"},"datePublished":"2022-10-06T08:01:44+00:00","dateModified":"2026-02-02T21:23:12+00:00","breadcrumb":{"@id":"http:\/\/duoseigle.com\/index.php\/fr\/concerts\/#breadcrumb"},"inLanguage":"fr-FR","potentialAction":[{"@type":"ReadAction","target":["http:\/\/duoseigle.com\/index.php\/fr\/concerts\/"]}]},{"@type":"BreadcrumbList","@id":"http:\/\/duoseigle.com\/index.php\/fr\/concerts\/#breadcrumb","itemListElement":[{"@type":"ListItem","position":1,"name":"Accueil","item":"http:\/\/duoseigle.com\/index.php\/fr\/"},{"@type":"ListItem","position":2,"name":"Le Duo Seigle en concert"}]},{"@type":"WebSite","@id":"http:\/\/duoseigle.com\/#website","url":"http:\/\/duoseigle.com\/","name":"","description":"","publisher":{"@id":"http:\/\/duoseigle.com\/#\/schema\/person\/b9e3d0951d21aa99d558fe8c0fed21fe"},"potentialAction":[{"@type":"SearchAction","target":{"@type":"EntryPoint","urlTemplate":"http:\/\/duoseigle.com\/?s={search_term_string}"},"query-input":"required name=search_term_string"}],"inLanguage":"fr-FR"},{"@type":["Person","Organization"],"@id":"http:\/\/duoseigle.com\/#\/schema\/person\/b9e3d0951d21aa99d558fe8c0fed21fe","name":"seigle","image":{"@type":"ImageObject","inLanguage":"fr-FR","@id":"http:\/\/duoseigle.com\/#\/schema\/person\/image\/","url":"http:\/\/duoseigle.com\/wp-content\/uploads\/2022\/10\/1F5D9CD8-B156-4BC4-8CD6-4BA966347FB7.jpeg","contentUrl":"http:\/\/duoseigle.com\/wp-content\/uploads\/2022\/10\/1F5D9CD8-B156-4BC4-8CD6-4BA966347FB7.jpeg","width":250,"height":250,"caption":"seigle"},"logo":{"@id":"http:\/\/duoseigle.com\/#\/schema\/person\/image\/"},"sameAs":["http:\/\/duoseigle.com\/index.php\/fr\/","https:\/\/www.facebook.com\/duoseigle\/","https:\/\/www.instagram.com\/duoseigle\/","https:\/\/twitter.com\/nicolasandmichael","https:\/\/www.youtube.com\/channel\/UCAjCrJ956r7vTGv8uUlQrpw"]}]}},"_links":{"self":[{"href":"http:\/\/duoseigle.com\/index.php\/wp-json\/wp\/v2\/pages\/1451"}],"collection":[{"href":"http:\/\/duoseigle.com\/index.php\/wp-json\/wp\/v2\/pages"}],"about":[{"href":"http:\/\/duoseigle.com\/index.php\/wp-json\/wp\/v2\/types\/page"}],"author":[{"embeddable":true,"href":"http:\/\/duoseigle.com\/index.php\/wp-json\/wp\/v2\/users\/2"}],"replies":[{"embeddable":true,"href":"http:\/\/duoseigle.com\/index.php\/wp-json\/wp\/v2\/comments?post=1451"}],"version-history":[{"count":42,"href":"http:\/\/duoseigle.com\/index.php\/wp-json\/wp\/v2\/pages\/1451\/revisions"}],"predecessor-version":[{"id":1707,"href":"http:\/\/duoseigle.com\/index.php\/wp-json\/wp\/v2\/pages\/1451\/revisions\/1707"}],"wp:attachment":[{"href":"http:\/\/duoseigle.com\/index.php\/wp-json\/wp\/v2\/media?parent=1451"}],"curies":[{"name":"wp","href":"https:\/\/api.w.org\/{rel}","templated":true}]}}