{"id":1493,"date":"2022-10-06T18:00:36","date_gmt":"2022-10-06T17:00:36","guid":{"rendered":"http:\/\/duoseigle.com\/?page_id=1493"},"modified":"2022-10-11T22:04:31","modified_gmt":"2022-10-11T21:04:31","slug":"voyages-interieurs","status":"publish","type":"page","link":"http:\/\/duoseigle.com\/index.php\/fr\/voyages-interieurs\/","title":{"rendered":"Le disque"},"content":{"rendered":"\n<p class=\"has-text-align-center\">Concert lyonnais de &nbsp;<em>\u00ab&nbsp;Voyages Int\u00e9rieurs&nbsp;\u00bb<\/em>, <strong>jeudi 1er d\u00e9cembre 2022 \u00e0 20h<\/strong>, Salle Moli\u00e8re. <br>R\u00e9servez vos places d\u00e8s maintenant !<br>&gt;&gt; Cliquez <strong><a href=\"https:\/\/www.helloasso.com\/associations\/duo-seigle\/evenements\/duo-seigle-voyages-interieurs\" target=\"_blank\" rel=\"noreferrer noopener\">ICI<\/a><\/strong> &lt;&lt;<\/p>\n\n\n<div class=\"wp-block-image\">\n<figure class=\"aligncenter size-large is-resized\"><a href=\"https:\/\/www.helloasso.com\/associations\/duo-seigle\/evenements\/duo-seigle-voyages-interieurs\" target=\"_blank\" rel=\"noreferrer noopener\"><img decoding=\"async\" loading=\"lazy\" src=\"http:\/\/duoseigle.com\/wp-content\/uploads\/2022\/10\/IMG_3141-1024x1024.jpg\" alt=\"\" class=\"wp-image-1494\" width=\"328\" height=\"328\" srcset=\"http:\/\/duoseigle.com\/wp-content\/uploads\/2022\/10\/IMG_3141-1024x1024.jpg 1024w, http:\/\/duoseigle.com\/wp-content\/uploads\/2022\/10\/IMG_3141-300x300.jpg 300w, http:\/\/duoseigle.com\/wp-content\/uploads\/2022\/10\/IMG_3141-150x150.jpg 150w, http:\/\/duoseigle.com\/wp-content\/uploads\/2022\/10\/IMG_3141-768x768.jpg 768w, http:\/\/duoseigle.com\/wp-content\/uploads\/2022\/10\/IMG_3141-1536x1536.jpg 1536w, http:\/\/duoseigle.com\/wp-content\/uploads\/2022\/10\/IMG_3141-2048x2048.jpg 2048w, http:\/\/duoseigle.com\/wp-content\/uploads\/2022\/10\/IMG_3141-600x600.jpg 600w\" sizes=\"(max-width: 328px) 100vw, 328px\" \/><\/a><figcaption>Klarthe, 2022<br>\u00a9ArtyFan <\/figcaption><\/figure><\/div>\n\n\n<p class=\"has-text-align-center\">Pour \u00e9couter et vous procurer ce disque, cliquez <strong><a href=\"https:\/\/bfan.link\/voyages-interieurs\" target=\"_blank\" rel=\"noreferrer noopener\">ICI<\/a><\/strong><\/p>\n","protected":false},"excerpt":{"rendered":"<p>Concert lyonnais de &nbsp;\u00ab&nbsp;Voyages Int\u00e9rieurs&nbsp;\u00bb, jeudi 1er d\u00e9cembre 2022 \u00e0 20h, Salle Moli\u00e8re. R\u00e9servez vos places d\u00e8s maintenant !&gt;&gt; Cliquez ICI &lt;&lt; Pour \u00e9couter et vous procurer ce disque, cliquez ICI<\/p>\n<p> <a class=\"continue-reading-link\" href=\"http:\/\/duoseigle.com\/index.php\/fr\/voyages-interieurs\/\"><span>Lire la suite<\/span><i class=\"crycon-right-dir\"><\/i><\/a> <\/p>\n","protected":false},"author":2,"featured_media":0,"parent":0,"menu_order":0,"comment_status":"closed","ping_status":"closed","template":"","meta":{"two_page_speed":[]},"yoast_head":"<!-- This site is optimized with the Yoast SEO plugin v19.10 - https:\/\/yoast.com\/wordpress\/plugins\/seo\/ -->\n<title>Le disque -<\/title>\n<meta name=\"robots\" content=\"index, follow, max-snippet:-1, max-image-preview:large, max-video-preview:-1\" \/>\n<link rel=\"canonical\" href=\"http:\/\/duoseigle.com\/index.php\/fr\/voyages-interieurs\/\" \/>\n<meta property=\"og:locale\" content=\"fr_FR\" \/>\n<meta property=\"og:type\" content=\"article\" \/>\n<meta property=\"og:title\" content=\"Le disque -\" \/>\n<meta property=\"og:description\" content=\"Concert lyonnais de &nbsp;\u00ab&nbsp;Voyages Int\u00e9rieurs&nbsp;\u00bb, jeudi 1er d\u00e9cembre 2022 \u00e0 20h, Salle Moli\u00e8re. R\u00e9servez vos places d\u00e8s maintenant !&gt;&gt; Cliquez ICI &lt;&lt; Pour \u00e9couter et vous procurer ce disque, cliquez ICI Lire la suite\" \/>\n<meta property=\"og:url\" content=\"http:\/\/duoseigle.com\/index.php\/fr\/voyages-interieurs\/\" \/>\n<meta property=\"article:publisher\" content=\"https:\/\/www.facebook.com\/duoseigle\/\" \/>\n<meta property=\"article:modified_time\" content=\"2022-10-11T21:04:31+00:00\" \/>\n<meta property=\"og:image\" content=\"http:\/\/duoseigle.com\/wp-content\/uploads\/2022\/10\/IMG_3141-1024x1024.jpg\" \/>\n<meta name=\"twitter:card\" content=\"summary_large_image\" \/>\n<meta name=\"twitter:site\" content=\"@nicolasandmichael\" \/>\n<meta name=\"twitter:label1\" content=\"Dur\u00e9e de lecture estim\u00e9e\" \/>\n\t<meta name=\"twitter:data1\" content=\"1 minute\" \/>\n<script type=\"application\/ld+json\" class=\"yoast-schema-graph\">{\"@context\":\"https:\/\/schema.org\",\"@graph\":[{\"@type\":\"WebPage\",\"@id\":\"http:\/\/duoseigle.com\/index.php\/fr\/voyages-interieurs\/\",\"url\":\"http:\/\/duoseigle.com\/index.php\/fr\/voyages-interieurs\/\",\"name\":\"Le disque -\",\"isPartOf\":{\"@id\":\"http:\/\/duoseigle.com\/#website\"},\"datePublished\":\"2022-10-06T17:00:36+00:00\",\"dateModified\":\"2022-10-11T21:04:31+00:00\",\"breadcrumb\":{\"@id\":\"http:\/\/duoseigle.com\/index.php\/fr\/voyages-interieurs\/#breadcrumb\"},\"inLanguage\":\"fr-FR\",\"potentialAction\":[{\"@type\":\"ReadAction\",\"target\":[\"http:\/\/duoseigle.com\/index.php\/fr\/voyages-interieurs\/\"]}]},{\"@type\":\"BreadcrumbList\",\"@id\":\"http:\/\/duoseigle.com\/index.php\/fr\/voyages-interieurs\/#breadcrumb\",\"itemListElement\":[{\"@type\":\"ListItem\",\"position\":1,\"name\":\"Accueil\",\"item\":\"http:\/\/duoseigle.com\/index.php\/fr\/\"},{\"@type\":\"ListItem\",\"position\":2,\"name\":\"Le disque\"}]},{\"@type\":\"WebSite\",\"@id\":\"http:\/\/duoseigle.com\/#website\",\"url\":\"http:\/\/duoseigle.com\/\",\"name\":\"\",\"description\":\"\",\"publisher\":{\"@id\":\"http:\/\/duoseigle.com\/#\/schema\/person\/b9e3d0951d21aa99d558fe8c0fed21fe\"},\"potentialAction\":[{\"@type\":\"SearchAction\",\"target\":{\"@type\":\"EntryPoint\",\"urlTemplate\":\"http:\/\/duoseigle.com\/?s={search_term_string}\"},\"query-input\":\"required name=search_term_string\"}],\"inLanguage\":\"fr-FR\"},{\"@type\":[\"Person\",\"Organization\"],\"@id\":\"http:\/\/duoseigle.com\/#\/schema\/person\/b9e3d0951d21aa99d558fe8c0fed21fe\",\"name\":\"seigle\",\"image\":{\"@type\":\"ImageObject\",\"inLanguage\":\"fr-FR\",\"@id\":\"http:\/\/duoseigle.com\/#\/schema\/person\/image\/\",\"url\":\"http:\/\/duoseigle.com\/wp-content\/uploads\/2022\/10\/1F5D9CD8-B156-4BC4-8CD6-4BA966347FB7.jpeg\",\"contentUrl\":\"http:\/\/duoseigle.com\/wp-content\/uploads\/2022\/10\/1F5D9CD8-B156-4BC4-8CD6-4BA966347FB7.jpeg\",\"width\":250,\"height\":250,\"caption\":\"seigle\"},\"logo\":{\"@id\":\"http:\/\/duoseigle.com\/#\/schema\/person\/image\/\"},\"sameAs\":[\"http:\/\/duoseigle.com\/index.php\/fr\/\",\"https:\/\/www.facebook.com\/duoseigle\/\",\"https:\/\/www.instagram.com\/duoseigle\/\",\"https:\/\/twitter.com\/nicolasandmichael\",\"https:\/\/www.youtube.com\/channel\/UCAjCrJ956r7vTGv8uUlQrpw\"]}]}<\/script>\n<!-- \/ Yoast SEO plugin. -->","yoast_head_json":{"title":"Le disque -","robots":{"index":"index","follow":"follow","max-snippet":"max-snippet:-1","max-image-preview":"max-image-preview:large","max-video-preview":"max-video-preview:-1"},"canonical":"http:\/\/duoseigle.com\/index.php\/fr\/voyages-interieurs\/","og_locale":"fr_FR","og_type":"article","og_title":"Le disque -","og_description":"Concert lyonnais de &nbsp;\u00ab&nbsp;Voyages Int\u00e9rieurs&nbsp;\u00bb, jeudi 1er d\u00e9cembre 2022 \u00e0 20h, Salle Moli\u00e8re. R\u00e9servez vos places d\u00e8s maintenant !&gt;&gt; Cliquez ICI &lt;&lt; Pour \u00e9couter et vous procurer ce disque, cliquez ICI Lire la suite","og_url":"http:\/\/duoseigle.com\/index.php\/fr\/voyages-interieurs\/","article_publisher":"https:\/\/www.facebook.com\/duoseigle\/","article_modified_time":"2022-10-11T21:04:31+00:00","og_image":[{"url":"http:\/\/duoseigle.com\/wp-content\/uploads\/2022\/10\/IMG_3141-1024x1024.jpg"}],"twitter_card":"summary_large_image","twitter_site":"@nicolasandmichael","twitter_misc":{"Dur\u00e9e de lecture estim\u00e9e":"1 minute"},"schema":{"@context":"https:\/\/schema.org","@graph":[{"@type":"WebPage","@id":"http:\/\/duoseigle.com\/index.php\/fr\/voyages-interieurs\/","url":"http:\/\/duoseigle.com\/index.php\/fr\/voyages-interieurs\/","name":"Le disque -","isPartOf":{"@id":"http:\/\/duoseigle.com\/#website"},"datePublished":"2022-10-06T17:00:36+00:00","dateModified":"2022-10-11T21:04:31+00:00","breadcrumb":{"@id":"http:\/\/duoseigle.com\/index.php\/fr\/voyages-interieurs\/#breadcrumb"},"inLanguage":"fr-FR","potentialAction":[{"@type":"ReadAction","target":["http:\/\/duoseigle.com\/index.php\/fr\/voyages-interieurs\/"]}]},{"@type":"BreadcrumbList","@id":"http:\/\/duoseigle.com\/index.php\/fr\/voyages-interieurs\/#breadcrumb","itemListElement":[{"@type":"ListItem","position":1,"name":"Accueil","item":"http:\/\/duoseigle.com\/index.php\/fr\/"},{"@type":"ListItem","position":2,"name":"Le disque"}]},{"@type":"WebSite","@id":"http:\/\/duoseigle.com\/#website","url":"http:\/\/duoseigle.com\/","name":"","description":"","publisher":{"@id":"http:\/\/duoseigle.com\/#\/schema\/person\/b9e3d0951d21aa99d558fe8c0fed21fe"},"potentialAction":[{"@type":"SearchAction","target":{"@type":"EntryPoint","urlTemplate":"http:\/\/duoseigle.com\/?s={search_term_string}"},"query-input":"required name=search_term_string"}],"inLanguage":"fr-FR"},{"@type":["Person","Organization"],"@id":"http:\/\/duoseigle.com\/#\/schema\/person\/b9e3d0951d21aa99d558fe8c0fed21fe","name":"seigle","image":{"@type":"ImageObject","inLanguage":"fr-FR","@id":"http:\/\/duoseigle.com\/#\/schema\/person\/image\/","url":"http:\/\/duoseigle.com\/wp-content\/uploads\/2022\/10\/1F5D9CD8-B156-4BC4-8CD6-4BA966347FB7.jpeg","contentUrl":"http:\/\/duoseigle.com\/wp-content\/uploads\/2022\/10\/1F5D9CD8-B156-4BC4-8CD6-4BA966347FB7.jpeg","width":250,"height":250,"caption":"seigle"},"logo":{"@id":"http:\/\/duoseigle.com\/#\/schema\/person\/image\/"},"sameAs":["http:\/\/duoseigle.com\/index.php\/fr\/","https:\/\/www.facebook.com\/duoseigle\/","https:\/\/www.instagram.com\/duoseigle\/","https:\/\/twitter.com\/nicolasandmichael","https:\/\/www.youtube.com\/channel\/UCAjCrJ956r7vTGv8uUlQrpw"]}]}},"_links":{"self":[{"href":"http:\/\/duoseigle.com\/index.php\/wp-json\/wp\/v2\/pages\/1493"}],"collection":[{"href":"http:\/\/duoseigle.com\/index.php\/wp-json\/wp\/v2\/pages"}],"about":[{"href":"http:\/\/duoseigle.com\/index.php\/wp-json\/wp\/v2\/types\/page"}],"author":[{"embeddable":true,"href":"http:\/\/duoseigle.com\/index.php\/wp-json\/wp\/v2\/users\/2"}],"replies":[{"embeddable":true,"href":"http:\/\/duoseigle.com\/index.php\/wp-json\/wp\/v2\/comments?post=1493"}],"version-history":[{"count":9,"href":"http:\/\/duoseigle.com\/index.php\/wp-json\/wp\/v2\/pages\/1493\/revisions"}],"predecessor-version":[{"id":1630,"href":"http:\/\/duoseigle.com\/index.php\/wp-json\/wp\/v2\/pages\/1493\/revisions\/1630"}],"wp:attachment":[{"href":"http:\/\/duoseigle.com\/index.php\/wp-json\/wp\/v2\/media?parent=1493"}],"curies":[{"name":"wp","href":"https:\/\/api.w.org\/{rel}","templated":true}]}}