{"id":1583,"date":"2022-10-08T11:22:11","date_gmt":"2022-10-08T10:22:11","guid":{"rendered":"http:\/\/duoseigle.com\/?page_id=1583"},"modified":"2022-10-09T09:24:13","modified_gmt":"2022-10-09T08:24:13","slug":"la-presse-en-parle","status":"publish","type":"page","link":"http:\/\/duoseigle.com\/index.php\/fr\/la-presse-en-parle\/","title":{"rendered":"La presse en parle !"},"content":{"rendered":"<p style=\"text-align: center;\"><strong><span style=\"color: #9a0104;\"> <a href=\"https:\/\/www.classiquenews.com\/critique-cd-evenement-voyages-interieurs-duo-seigle-1-cd-klarthe-records-enregistre-a-lyon-nov-2020\/\"><img decoding=\"async\" loading=\"lazy\" class=\"alignnone size-full wp-image-1590\" src=\"http:\/\/duoseigle.com\/wp-content\/uploads\/2022\/10\/F51A1738-5F62-4A87-BD99-864EAD15594C-e1665225051607.jpeg\" alt=\"\" width=\"100\" height=\"101\" \/><\/a>\u00a0\u00a0<a href=\"https:\/\/www.pizzicato.lu\/die-stimme-als-sahnehaube-zum-streichenden-bruderpaar\/?fbclid=IwAR1f5fzb9PI0FeEIuor6CMWUHkgFnvHOu5wUQHvehFDHeTGl9qHS9wP6Ea0\"><img decoding=\"async\" loading=\"lazy\" class=\"alignnone size-full wp-image-1589\" src=\"http:\/\/duoseigle.com\/wp-content\/uploads\/2022\/10\/E9A637D7-BF0A-41A8-ACCD-A7740C1C87D0.png\" alt=\"\" width=\"90\" height=\"41\" \/><\/a>\u00a0 \u00a0<a href=\"http:\/\/opushd.net\/article?article=3121&amp;fbclid=IwAR2uXpShAILaYjyZHxpRRKNUigbvfGZzuUy9mfi60xJX8G7EilsQeGPRtMI\"><img decoding=\"async\" loading=\"lazy\" class=\"alignnone size-full wp-image-1591\" src=\"http:\/\/duoseigle.com\/wp-content\/uploads\/2022\/10\/8D39B0A1-D0EC-4221-B282-F5F2F3C6D6EE.png\" alt=\"\" width=\"48\" height=\"24\" \/><\/a> <span style=\"color: #000000;\"><a href=\"https:\/\/poezibao.typepad.com\/muzibao\/2022\/05\/note-d\u00e9coute-duo-seigle-guest-no\u00ebmi-waysfeld-voyages-int\u00e9rieurs-ravel-bach-de-falla-gershwin.html\">Le choix de Andr\u00e9 Hirt<\/a> <\/span><\/span><\/strong><\/p>\n<p><em>\u00ab\u00a0Une v\u00e9ritable ferveur, la beaut\u00e9 du timbre de leurs instruments une des plus belles d\u00e9couvertes de ces derniers mois.\u00a0\u00bb<\/em> <strong><span style=\"color: #9a0104;\">Opus<\/span><\/strong><\/p>\n<p><em>\u00ab\u00a0Un tr\u00e8s (tr\u00e8s) beau et grand disque dont on dira qu\u2019il est \u00e0 la fois \u00e9mouvant et surtout intelligent : il a acquis, ces derniers jours, par sa propre force, le statut de disque de chevet. De combien de parutions r\u00e9centes peut-on en dire autant ?\u00a0\u00bb<\/em> <strong><span style=\"color: #9a0104;\">Muzibao<\/span><\/strong><\/p>\n<p><em>\u00ab\u00a0Une intensit\u00e9 presque spirituelle, qui habite l\u2019interpr\u00e9tation. Ardent.\u00a0\u00bb<\/em> <strong><span style=\"color: #9a0104;\">Froggy&rsquo;s delight<\/span><\/strong><\/p>\n<p><em>\u00ab\u00a0They create appealing interpretations that are by no means uniform and ordinary. Without overdoing it, they give each work a subjective flavor that sets them apart.\u00a0\u00bb<\/em> <strong><span style=\"color: #9a0104;\">Pizzicato<\/span><\/strong><\/p>\n<p><em>\u00ab\u00a0Une tr\u00e8s belle r\u00e9ussite\u00a0\u00bb<\/em> <strong><span style=\"color: #9a0104;\">Musique classique and Co<\/span><\/strong><\/p>\n<p><em>\u00ab\u00a0Une fratrie lyonnaise, aventureuse, d\u00e9fricheuse, curieuse et qui renouvelle le r\u00e9pertoire chambriste. (&#8230;) aussi original que juste, d\u2019une sensibilit\u00e9 artistique lumineuse. Chapeau bas.\u00a0\u00bb<\/em> <strong><span style=\"color: #9a0104;\">ClassiqueNews<\/span><\/strong><\/p>\n","protected":false},"excerpt":{"rendered":"<p>\u00a0\u00a0\u00a0 \u00a0 Le choix de Andr\u00e9 Hirt \u00ab\u00a0Une v\u00e9ritable ferveur, la beaut\u00e9 du timbre de leurs instruments une des plus belles d\u00e9couvertes de ces derniers mois.\u00a0\u00bb Opus \u00ab\u00a0Un tr\u00e8s (tr\u00e8s) beau et grand disque dont on dira qu\u2019il est \u00e0 la fois \u00e9mouvant et surtout intelligent : il a acquis,\u2026<\/p>\n<p> <a class=\"continue-reading-link\" href=\"http:\/\/duoseigle.com\/index.php\/fr\/la-presse-en-parle\/\"><span>Lire la suite<\/span><i class=\"crycon-right-dir\"><\/i><\/a> <\/p>\n","protected":false},"author":2,"featured_media":0,"parent":0,"menu_order":0,"comment_status":"closed","ping_status":"closed","template":"","meta":{"two_page_speed":[]},"yoast_head":"<!-- This site is optimized with the Yoast SEO plugin v19.10 - https:\/\/yoast.com\/wordpress\/plugins\/seo\/ -->\n<title>La presse en parle ! -<\/title>\n<meta name=\"robots\" content=\"index, follow, max-snippet:-1, max-image-preview:large, max-video-preview:-1\" \/>\n<link rel=\"canonical\" href=\"http:\/\/duoseigle.com\/index.php\/fr\/la-presse-en-parle\/\" \/>\n<meta property=\"og:locale\" content=\"fr_FR\" \/>\n<meta property=\"og:type\" content=\"article\" \/>\n<meta property=\"og:title\" content=\"La presse en parle ! -\" \/>\n<meta property=\"og:description\" content=\"\u00a0\u00a0\u00a0 \u00a0 Le choix de Andr\u00e9 Hirt \u00ab\u00a0Une v\u00e9ritable ferveur, la beaut\u00e9 du timbre de leurs instruments une des plus belles d\u00e9couvertes de ces derniers mois.\u00a0\u00bb Opus \u00ab\u00a0Un tr\u00e8s (tr\u00e8s) beau et grand disque dont on dira qu\u2019il est \u00e0 la fois \u00e9mouvant et surtout intelligent : il a acquis,\u2026 Lire la suite\" \/>\n<meta property=\"og:url\" content=\"http:\/\/duoseigle.com\/index.php\/fr\/la-presse-en-parle\/\" \/>\n<meta property=\"article:publisher\" content=\"https:\/\/www.facebook.com\/duoseigle\/\" \/>\n<meta property=\"article:modified_time\" content=\"2022-10-09T08:24:13+00:00\" \/>\n<meta property=\"og:image\" content=\"http:\/\/duoseigle.com\/wp-content\/uploads\/2022\/10\/F51A1738-5F62-4A87-BD99-864EAD15594C-e1665225051607.jpeg\" \/>\n<meta name=\"twitter:card\" content=\"summary_large_image\" \/>\n<meta name=\"twitter:site\" content=\"@nicolasandmichael\" \/>\n<meta name=\"twitter:label1\" content=\"Dur\u00e9e de lecture estim\u00e9e\" \/>\n\t<meta name=\"twitter:data1\" content=\"2 minutes\" \/>\n<script type=\"application\/ld+json\" class=\"yoast-schema-graph\">{\"@context\":\"https:\/\/schema.org\",\"@graph\":[{\"@type\":\"WebPage\",\"@id\":\"http:\/\/duoseigle.com\/index.php\/fr\/la-presse-en-parle\/\",\"url\":\"http:\/\/duoseigle.com\/index.php\/fr\/la-presse-en-parle\/\",\"name\":\"La presse en parle ! -\",\"isPartOf\":{\"@id\":\"http:\/\/duoseigle.com\/#website\"},\"datePublished\":\"2022-10-08T10:22:11+00:00\",\"dateModified\":\"2022-10-09T08:24:13+00:00\",\"breadcrumb\":{\"@id\":\"http:\/\/duoseigle.com\/index.php\/fr\/la-presse-en-parle\/#breadcrumb\"},\"inLanguage\":\"fr-FR\",\"potentialAction\":[{\"@type\":\"ReadAction\",\"target\":[\"http:\/\/duoseigle.com\/index.php\/fr\/la-presse-en-parle\/\"]}]},{\"@type\":\"BreadcrumbList\",\"@id\":\"http:\/\/duoseigle.com\/index.php\/fr\/la-presse-en-parle\/#breadcrumb\",\"itemListElement\":[{\"@type\":\"ListItem\",\"position\":1,\"name\":\"Accueil\",\"item\":\"http:\/\/duoseigle.com\/index.php\/fr\/\"},{\"@type\":\"ListItem\",\"position\":2,\"name\":\"La presse en parle !\"}]},{\"@type\":\"WebSite\",\"@id\":\"http:\/\/duoseigle.com\/#website\",\"url\":\"http:\/\/duoseigle.com\/\",\"name\":\"\",\"description\":\"\",\"publisher\":{\"@id\":\"http:\/\/duoseigle.com\/#\/schema\/person\/b9e3d0951d21aa99d558fe8c0fed21fe\"},\"potentialAction\":[{\"@type\":\"SearchAction\",\"target\":{\"@type\":\"EntryPoint\",\"urlTemplate\":\"http:\/\/duoseigle.com\/?s={search_term_string}\"},\"query-input\":\"required name=search_term_string\"}],\"inLanguage\":\"fr-FR\"},{\"@type\":[\"Person\",\"Organization\"],\"@id\":\"http:\/\/duoseigle.com\/#\/schema\/person\/b9e3d0951d21aa99d558fe8c0fed21fe\",\"name\":\"seigle\",\"image\":{\"@type\":\"ImageObject\",\"inLanguage\":\"fr-FR\",\"@id\":\"http:\/\/duoseigle.com\/#\/schema\/person\/image\/\",\"url\":\"http:\/\/duoseigle.com\/wp-content\/uploads\/2022\/10\/1F5D9CD8-B156-4BC4-8CD6-4BA966347FB7.jpeg\",\"contentUrl\":\"http:\/\/duoseigle.com\/wp-content\/uploads\/2022\/10\/1F5D9CD8-B156-4BC4-8CD6-4BA966347FB7.jpeg\",\"width\":250,\"height\":250,\"caption\":\"seigle\"},\"logo\":{\"@id\":\"http:\/\/duoseigle.com\/#\/schema\/person\/image\/\"},\"sameAs\":[\"http:\/\/duoseigle.com\/index.php\/fr\/\",\"https:\/\/www.facebook.com\/duoseigle\/\",\"https:\/\/www.instagram.com\/duoseigle\/\",\"https:\/\/twitter.com\/nicolasandmichael\",\"https:\/\/www.youtube.com\/channel\/UCAjCrJ956r7vTGv8uUlQrpw\"]}]}<\/script>\n<!-- \/ Yoast SEO plugin. -->","yoast_head_json":{"title":"La presse en parle ! -","robots":{"index":"index","follow":"follow","max-snippet":"max-snippet:-1","max-image-preview":"max-image-preview:large","max-video-preview":"max-video-preview:-1"},"canonical":"http:\/\/duoseigle.com\/index.php\/fr\/la-presse-en-parle\/","og_locale":"fr_FR","og_type":"article","og_title":"La presse en parle ! -","og_description":"\u00a0\u00a0\u00a0 \u00a0 Le choix de Andr\u00e9 Hirt \u00ab\u00a0Une v\u00e9ritable ferveur, la beaut\u00e9 du timbre de leurs instruments une des plus belles d\u00e9couvertes de ces derniers mois.\u00a0\u00bb Opus \u00ab\u00a0Un tr\u00e8s (tr\u00e8s) beau et grand disque dont on dira qu\u2019il est \u00e0 la fois \u00e9mouvant et surtout intelligent : il a acquis,\u2026 Lire la suite","og_url":"http:\/\/duoseigle.com\/index.php\/fr\/la-presse-en-parle\/","article_publisher":"https:\/\/www.facebook.com\/duoseigle\/","article_modified_time":"2022-10-09T08:24:13+00:00","og_image":[{"url":"http:\/\/duoseigle.com\/wp-content\/uploads\/2022\/10\/F51A1738-5F62-4A87-BD99-864EAD15594C-e1665225051607.jpeg"}],"twitter_card":"summary_large_image","twitter_site":"@nicolasandmichael","twitter_misc":{"Dur\u00e9e de lecture estim\u00e9e":"2 minutes"},"schema":{"@context":"https:\/\/schema.org","@graph":[{"@type":"WebPage","@id":"http:\/\/duoseigle.com\/index.php\/fr\/la-presse-en-parle\/","url":"http:\/\/duoseigle.com\/index.php\/fr\/la-presse-en-parle\/","name":"La presse en parle ! -","isPartOf":{"@id":"http:\/\/duoseigle.com\/#website"},"datePublished":"2022-10-08T10:22:11+00:00","dateModified":"2022-10-09T08:24:13+00:00","breadcrumb":{"@id":"http:\/\/duoseigle.com\/index.php\/fr\/la-presse-en-parle\/#breadcrumb"},"inLanguage":"fr-FR","potentialAction":[{"@type":"ReadAction","target":["http:\/\/duoseigle.com\/index.php\/fr\/la-presse-en-parle\/"]}]},{"@type":"BreadcrumbList","@id":"http:\/\/duoseigle.com\/index.php\/fr\/la-presse-en-parle\/#breadcrumb","itemListElement":[{"@type":"ListItem","position":1,"name":"Accueil","item":"http:\/\/duoseigle.com\/index.php\/fr\/"},{"@type":"ListItem","position":2,"name":"La presse en parle !"}]},{"@type":"WebSite","@id":"http:\/\/duoseigle.com\/#website","url":"http:\/\/duoseigle.com\/","name":"","description":"","publisher":{"@id":"http:\/\/duoseigle.com\/#\/schema\/person\/b9e3d0951d21aa99d558fe8c0fed21fe"},"potentialAction":[{"@type":"SearchAction","target":{"@type":"EntryPoint","urlTemplate":"http:\/\/duoseigle.com\/?s={search_term_string}"},"query-input":"required name=search_term_string"}],"inLanguage":"fr-FR"},{"@type":["Person","Organization"],"@id":"http:\/\/duoseigle.com\/#\/schema\/person\/b9e3d0951d21aa99d558fe8c0fed21fe","name":"seigle","image":{"@type":"ImageObject","inLanguage":"fr-FR","@id":"http:\/\/duoseigle.com\/#\/schema\/person\/image\/","url":"http:\/\/duoseigle.com\/wp-content\/uploads\/2022\/10\/1F5D9CD8-B156-4BC4-8CD6-4BA966347FB7.jpeg","contentUrl":"http:\/\/duoseigle.com\/wp-content\/uploads\/2022\/10\/1F5D9CD8-B156-4BC4-8CD6-4BA966347FB7.jpeg","width":250,"height":250,"caption":"seigle"},"logo":{"@id":"http:\/\/duoseigle.com\/#\/schema\/person\/image\/"},"sameAs":["http:\/\/duoseigle.com\/index.php\/fr\/","https:\/\/www.facebook.com\/duoseigle\/","https:\/\/www.instagram.com\/duoseigle\/","https:\/\/twitter.com\/nicolasandmichael","https:\/\/www.youtube.com\/channel\/UCAjCrJ956r7vTGv8uUlQrpw"]}]}},"_links":{"self":[{"href":"http:\/\/duoseigle.com\/index.php\/wp-json\/wp\/v2\/pages\/1583"}],"collection":[{"href":"http:\/\/duoseigle.com\/index.php\/wp-json\/wp\/v2\/pages"}],"about":[{"href":"http:\/\/duoseigle.com\/index.php\/wp-json\/wp\/v2\/types\/page"}],"author":[{"embeddable":true,"href":"http:\/\/duoseigle.com\/index.php\/wp-json\/wp\/v2\/users\/2"}],"replies":[{"embeddable":true,"href":"http:\/\/duoseigle.com\/index.php\/wp-json\/wp\/v2\/comments?post=1583"}],"version-history":[{"count":12,"href":"http:\/\/duoseigle.com\/index.php\/wp-json\/wp\/v2\/pages\/1583\/revisions"}],"predecessor-version":[{"id":1616,"href":"http:\/\/duoseigle.com\/index.php\/wp-json\/wp\/v2\/pages\/1583\/revisions\/1616"}],"wp:attachment":[{"href":"http:\/\/duoseigle.com\/index.php\/wp-json\/wp\/v2\/media?parent=1583"}],"curies":[{"name":"wp","href":"https:\/\/api.w.org\/{rel}","templated":true}]}}