{"id":23,"date":"2016-03-14T11:17:59","date_gmt":"2016-03-14T10:17:59","guid":{"rendered":"http:\/\/duoseigle.com\/?page_id=23"},"modified":"2016-12-08T22:37:22","modified_gmt":"2016-12-08T21:37:22","slug":"realisation","status":"publish","type":"page","link":"http:\/\/duoseigle.com\/index.php\/fr\/realisation\/","title":{"rendered":"La r\u00e9alisation"},"content":{"rendered":"<p style=\"text-align: center;\">Retrouvez toute l&rsquo;\u00e9quipe qui a travaill\u00e9 avec nous, certains depuis plusieurs mois, pour participer \u00e0 l&rsquo;\u00e9laboration de notre disque.<br \/>\nUne belle aventure, avant tout humaine, que nous allons poursuivre avec eux !<\/p>\n<hr \/>\n<h5><span style=\"color: #9a0401;\"><img decoding=\"async\" loading=\"lazy\" class=\"alignleft wp-image-233\" src=\"http:\/\/duoseigle.com\/wp-content\/uploads\/2016\/02\/Yann-cruveiller-e1457084111577-300x300.png\" alt=\"Yann Cruveiller - directeur artistique - \u00e9quipe\" width=\"190\" height=\"190\" srcset=\"http:\/\/duoseigle.com\/wp-content\/uploads\/2016\/02\/Yann-cruveiller-e1457084111577-300x300.png 300w, http:\/\/duoseigle.com\/wp-content\/uploads\/2016\/02\/Yann-cruveiller-e1457084111577-150x150.png 150w, http:\/\/duoseigle.com\/wp-content\/uploads\/2016\/02\/Yann-cruveiller-e1457084111577.png 497w\" sizes=\"(max-width: 190px) 100vw, 190px\" \/>Yann Cruveiller &#8211; Directeur artistique<\/span><\/h5>\n<p>Une pi\u00e8ce musicale est une \u0153uvre complexe alliant, entre autres, l\u2019\u00e9tat d\u2019esprit d\u2019un compositeur, le caract\u00e8re de la pi\u00e8ce et la personnalit\u00e9 des interpr\u00e8tes qui la jouent. Compositeur de formation, mon travail de direction artistique au sein du projet <em>Sur les routes de l\u2019Est<\/em> s\u2019est donc articul\u00e9 d\u2019apr\u00e8s les axes suivants. Comprendre le caract\u00e8re de chaque pi\u00e8ce et les attentes des auteurs, puis accompagner les volont\u00e9s des fr\u00e8res Seigle dans l\u2019interpr\u00e9tation de ces pi\u00e8ces. Ce travail a \u00e9t\u00e9 largement facilit\u00e9 par les personnalit\u00e9s hautes en couleur des fr\u00e8res Seigle, qui permettent d\u2019avoir un large panel de subtilit\u00e9s au sein de leur jeu et des \u00e9motions \u00e9voqu\u00e9es. C\u2019est une belle rencontre qui m\u2019a \u00e9t\u00e9 donn\u00e9e de faire au travers de ce projet\u00a0!<\/p>\n<p style=\"text-align: left;\"><strong><a href=\"http:\/\/yanncruveiller.com\/\" target=\"_blank\">yanncruveiller.com<\/a><\/strong><\/p>\n<hr \/>\n<h5><span style=\"color: #9a0401;\">Philippe Muller &#8211; Preneur de son \/ Passavant ou le concert \u00e0 domicile<img decoding=\"async\" loading=\"lazy\" class=\"alignright wp-image-238\" src=\"http:\/\/duoseigle.com\/wp-content\/uploads\/2016\/02\/Philippe-Muller-e1457084896230-300x300.jpg\" alt=\"Philippe Muller - Passavent - \u00e9quipe\" width=\"190\" height=\"191\" srcset=\"http:\/\/duoseigle.com\/wp-content\/uploads\/2016\/02\/Philippe-Muller-e1457084896230-300x300.jpg 300w, http:\/\/duoseigle.com\/wp-content\/uploads\/2016\/02\/Philippe-Muller-e1457084896230-150x150.jpg 150w, http:\/\/duoseigle.com\/wp-content\/uploads\/2016\/02\/Philippe-Muller-e1457084896230-149x150.jpg 149w, http:\/\/duoseigle.com\/wp-content\/uploads\/2016\/02\/Philippe-Muller-e1457084896230.jpg 589w\" sizes=\"(max-width: 190px) 100vw, 190px\" \/><\/span><\/h5>\n<p>Avec\u00a0le Studio Acoustique\u00a0de Passavant, Philippe Muller poursuit un but pr\u00e9cis, celui d&rsquo;enregistrer les musiciens\u00a0pour les restituer\u00a0avec une pr\u00e9sence telle que l&rsquo;on puisse croire qu&rsquo;ils entrent dans le salon du m\u00e9lomane pour lui offrir un concert personnalis\u00e9 et\u00a0intimiste. L&rsquo;\u00e9coute du disque devient un moment privil\u00e9gi\u00e9 qui ne fait pas \u00e9cho au concert ; les deux \u00e9v\u00e9nements se compl\u00e8tent et ne se concurrencent pas.\u00a0La technique d&rsquo;enregistrement, h\u00e9rit\u00e9e d&rsquo;ann\u00e9es de pratique, est valid\u00e9e en permanence par le test de la \u00ab\u00a0Live Music\u00a0\u00bb, lequel consiste \u00e0 enregistrer les musiciens et \u00e0 proc\u00e9der \u00e0 une \u00e9coute\u00a0comparative simultan\u00e9e: musiciens r\u00e9els contre musiciens enregistr\u00e9s (voir photo).<\/p>\n<div id=\"attachment_242\" style=\"width: 310px\" class=\"wp-caption alignleft\"><img aria-describedby=\"caption-attachment-242\" decoding=\"async\" loading=\"lazy\" class=\"wp-image-242 size-medium\" src=\"http:\/\/duoseigle.com\/wp-content\/uploads\/2016\/02\/P1030345-1-300x225.jpg\" alt=\"&lt;font size=&quot;5px&quot;&gt; S\u00e9ance de Live Music \u00e0 Passavant &lt;\/font&gt;\" width=\"300\" height=\"225\" srcset=\"http:\/\/duoseigle.com\/wp-content\/uploads\/2016\/02\/P1030345-1-300x225.jpg 300w, http:\/\/duoseigle.com\/wp-content\/uploads\/2016\/02\/P1030345-1-768x576.jpg 768w, http:\/\/duoseigle.com\/wp-content\/uploads\/2016\/02\/P1030345-1-1024x768.jpg 1024w, http:\/\/duoseigle.com\/wp-content\/uploads\/2016\/02\/P1030345-1-200x150.jpg 200w, http:\/\/duoseigle.com\/wp-content\/uploads\/2016\/02\/P1030345-1-150x113.jpg 150w, http:\/\/duoseigle.com\/wp-content\/uploads\/2016\/02\/P1030345-1.jpg 1205w\" sizes=\"(max-width: 300px) 100vw, 300px\" \/><p id=\"caption-attachment-242\" class=\"wp-caption-text\">S\u00e9ance de Live Music \u00e0 Passavant: Micha\u00ebl Seigle compar\u00e9 \u00e0 lui-m\u00eame. La ressemblance est bluffante.<\/p><\/div>\n<p>Ainsi, le m\u00e9lomane bien \u00e9quip\u00e9 retrouvera le sens de l&rsquo;expression \u00ab\u00a0haute-fid\u00e9lit\u00e9\u00a0\u00bb et naturel de la reproduction.\u00a0Les productions Passavant sont r\u00e9alis\u00e9es de fa\u00e7on totalement naturelle. La r\u00e9verb\u00e9ration est celle d&rsquo;un grand espace bien r\u00e9el. Le traitement acoustique fait appel aux mat\u00e9riaux les plus appr\u00e9ci\u00e9s des musiciens: le bois et la pierre naturelle. Les dimensions permettent aux instruments de respirer, aux musiciens de s&rsquo;entendre et de se voir. A Passavant, les musiciens n&rsquo;ont pas besoin d&rsquo;\u00e9couter \u00e0 travers un casque, le son naturel se suffit \u00e0 lui-m\u00eame.\u00a0Pour profiter au mieux de cet enregistrement, veuillez\u00a0espacer vos enceintes acoustiques d&rsquo;au-moins deux m\u00e8tres \u00e0 deux m\u00e8tres cinquante et \u00e9coutez \u00e0 niveau r\u00e9aliste. L\u00e0, devant vous, les musiciens joueront comme s&rsquo;ils\u00a0\u00e9taient venus\u00a0pour vous.\u00a0L&rsquo;Acad\u00e9mie du Disque Lyrique a d\u00e9cern\u00e9 l&rsquo;Orph\u00e9e d&rsquo;Or &#8211; Prix Thomas Edison \u00e0 Philippe Muller pour l&rsquo;ensemble de sa carri\u00e8re de preneur de son.<\/p>\n<p><strong><a href=\"http:\/\/www.passavantmusic.com\/\" target=\"_blank\">passavantmusic.com<\/a><\/strong><\/p>\n<p>&nbsp;<\/p>\n<hr \/>\n<h5><span style=\"color: #9a0401;\"><img decoding=\"async\" loading=\"lazy\" class=\"wp-image-740 alignleft\" src=\"http:\/\/duoseigle.com\/wp-content\/uploads\/2016\/03\/FAN_4723retBWcarr\u00e9-300x300.jpg\" alt=\"Fr\u00e9d\u00e9ric Rodrigues-R\u00e9alisation\" width=\"190\" height=\"190\" srcset=\"http:\/\/duoseigle.com\/wp-content\/uploads\/2016\/03\/FAN_4723retBWcarr\u00e9-300x300.jpg 300w, http:\/\/duoseigle.com\/wp-content\/uploads\/2016\/03\/FAN_4723retBWcarr\u00e9-150x150.jpg 150w, http:\/\/duoseigle.com\/wp-content\/uploads\/2016\/03\/FAN_4723retBWcarr\u00e9-768x768.jpg 768w, http:\/\/duoseigle.com\/wp-content\/uploads\/2016\/03\/FAN_4723retBWcarr\u00e9-1024x1024.jpg 1024w\" sizes=\"(max-width: 190px) 100vw, 190px\" \/>Fr\u00e9d\u00e9ric Rodrigues &#8211; Photographe<\/span><\/h5>\n<p>L\u2019\u00e9critre de la lumi\u00e8re est un exercice difficile qui demande de l\u2019attention&#8230; Saisir l\u2019essence, ni trop t\u00f4t, ni trop tard, cet instant unique o\u00f9 l\u2019on fige \u00e0 jamais le sens qui apporte la compr\u00e9hension du monde et des \u00eatres qui le peuplent ! Je recherche une interpr\u00e9tation du monde qui m\u2019entoure, servant\u00a0\u00e0 communiquer, \u00e0 lier les hommes ! Les rencontres rythment ma vie, inspirent mes envies, guident mes pas ! Le projet\u00a0<em>Sur les routes de l\u2019Est\u00a0<\/em>m\u2019ouvre \u00e0 cet univers classique que je souhaitais immortalis\u00e9 avec une touche tr\u00e8s SEIGLE, mettre en avant leurs fantaisies, la joie et le plaisir de leur jeu, et cet amour de la musique qui les pousse sur des routes \u00e0 la rencontre de l\u2019autre !<\/p>\n<p style=\"text-align: left;\"><strong><a href=\"http:\/\/www.artyshoot.com\" target=\"_blank\">artyshoot.com<\/a><\/strong><\/p>\n<hr \/>\n<h5 style=\"text-align: left;\"><span style=\"color: #9a0401;\">Anne De Rochas &#8211; Graphiste<img decoding=\"async\" loading=\"lazy\" class=\"alignright wp-image-320\" src=\"http:\/\/duoseigle.com\/wp-content\/uploads\/2016\/02\/Anne-De-Rochas-e1457373235818-300x300.jpg\" alt=\"Anne De Rochas - graphiste - \u00e9quipe\" width=\"190\" height=\"190\" srcset=\"http:\/\/duoseigle.com\/wp-content\/uploads\/2016\/02\/Anne-De-Rochas-e1457373235818-300x300.jpg 300w, http:\/\/duoseigle.com\/wp-content\/uploads\/2016\/02\/Anne-De-Rochas-e1457373235818-150x150.jpg 150w, http:\/\/duoseigle.com\/wp-content\/uploads\/2016\/02\/Anne-De-Rochas-e1457373235818.jpg 468w\" sizes=\"(max-width: 190px) 100vw, 190px\" \/><\/span><\/h5>\n<p>Apr\u00e8s avoir pendant de nombreuses ann\u00e9es fait partie du studio d\u2019Yves Saint Laurent, Anne de Rochas a r\u00e9alis\u00e9 des pi\u00e8ces uniques pour la mode et la d\u00e9coration. Proche des milieux musicaux, elle a \u00e9galement travaill\u00e9 en tant qu&rsquo;illustratrice pour les \u00c9ditions Musicales Alphonse Leduc, ce qui l&rsquo;a amen\u00e9e \u00e0 collaborer en tant que graphiste pour les \u00e9ditions de disques Passavant Music.<\/p>\n<p><strong><a href=\"http:\/\/www.annederochas.com\/index.html\" target=\"_blank\">annederochas.com<\/a><\/strong><\/p>\n<hr \/>\n<h5><img decoding=\"async\" loading=\"lazy\" class=\"alignleft wp-image-346\" src=\"http:\/\/duoseigle.com\/wp-content\/uploads\/2016\/02\/Photo_Andre-300x300.jpg\" alt=\"Andr\u00e9 Baille Barrelle - producteur audiovisuel - \u00e9quipe\" width=\"190\" height=\"190\" srcset=\"http:\/\/duoseigle.com\/wp-content\/uploads\/2016\/02\/Photo_Andre-300x300.jpg 300w, http:\/\/duoseigle.com\/wp-content\/uploads\/2016\/02\/Photo_Andre-150x150.jpg 150w, http:\/\/duoseigle.com\/wp-content\/uploads\/2016\/02\/Photo_Andre-768x768.jpg 768w, http:\/\/duoseigle.com\/wp-content\/uploads\/2016\/02\/Photo_Andre-1024x1024.jpg 1024w, http:\/\/duoseigle.com\/wp-content\/uploads\/2016\/02\/Photo_Andre.jpg 1365w\" sizes=\"(max-width: 190px) 100vw, 190px\" \/><span style=\"color: #9a0104;\">Andr\u00e9 Baille-Barrelle &#8211; Producteur audiovisuel<\/span><\/h5>\n<p>Ing\u00e9nieur du son de formation, Andr\u00e9 Baille-Barrelle dispose d&rsquo;un studio d&rsquo;enregistrement \u00e0 Montreuil pr\u00e8s de Paris, le <a href=\"http:\/\/www.studio-ldc.com\/\">Studio LDC<\/a>.<\/p>\n<p>Il est sp\u00e9cialis\u00e9 dans la captation de musiques acoustiques et la r\u00e9alisation de vid\u00e9os promotionnelles pour artistes.<\/p>\n<p><a href=\"http:\/\/www.studio-ldc.com\/\" target=\"_blank\"><strong>studio-ldc.com<\/strong><\/a><\/p>\n<hr \/>\n<h5><img decoding=\"async\" loading=\"lazy\" class=\"wp-image-512 alignright\" src=\"http:\/\/duoseigle.com\/wp-content\/uploads\/2016\/03\/001-e1459073423928-298x300.jpg\" alt=\"001\" width=\"189\" height=\"190\" srcset=\"http:\/\/duoseigle.com\/wp-content\/uploads\/2016\/03\/001-e1459073423928-298x300.jpg 298w, http:\/\/duoseigle.com\/wp-content\/uploads\/2016\/03\/001-e1459073423928-150x150.jpg 150w, http:\/\/duoseigle.com\/wp-content\/uploads\/2016\/03\/001-e1459073423928-768x774.jpg 768w, http:\/\/duoseigle.com\/wp-content\/uploads\/2016\/03\/001-e1459073423928-1016x1024.jpg 1016w, http:\/\/duoseigle.com\/wp-content\/uploads\/2016\/03\/001-e1459073423928-149x150.jpg 149w, http:\/\/duoseigle.com\/wp-content\/uploads\/2016\/03\/001-e1459073423928.jpg 1458w\" sizes=\"(max-width: 189px) 100vw, 189px\" \/><span style=\"color: #9a0104;\">Brigitte Beche -Traduction<\/span><\/h5>\n<p>Je suis professeur d\u2019Anglais de formation, titulaire d\u2019un CAPES et cela fait maintenant plus de trente-cinq ans que j\u2019exerce ce m\u00e9tier, mais je suis et ai toujours \u00e9t\u00e9 m\u00e9lomane. La musique fait partie de ma vie, j\u2019en \u00e9coute d\u00e8s le moment o\u00f9 je me l\u00e8ve et lorsque je le peux dans des salles de concert de la ville de Lyon.\u00a0J\u2019ai de tout temps lu et relu les textes associ\u00e9s aux pochettes de disques de musique classique que je poss\u00e8de! Je passe beaucoup de temps \u00e0 les lire et relire en anglais comme en fran\u00e7ais ! J\u2019aime comprendre l\u2019itin\u00e9raire des musiciens ainsi que l\u2019histoire des \u0153uvres jou\u00e9es.\u00a0Traduire cela ne se limite bien \u00e9videmment pas \u00e0 retranscrire des mots ou des phrases, c\u2019est se placer du point de vue de l\u2019autre langue pour redonner sens au texte sans le trahir. Mais je dirais aussi que la traduction permet parfois d\u2019\u00e9clairer sous un nouveau jour le terme originel\u00a0: Zhu Xiao-Mei disait que la traduction chinoise du terme \u00ab\u00a0inventions\u00a0\u00bb lui avait \u00e9t\u00e9 tr\u00e8s utile pour comprendre comment interpr\u00e9ter les Inventions de J.-S. Bach.\u00a0Je tiens \u00e0 remercier Micha\u00ebl et Nicolas pour la confiance qu\u2019ils m\u2019ont accord\u00e9e et leur dire \u00e0 quel point j\u2019ai \u00e9t\u00e9 heureuse d\u2019apporter ma modeste contribution \u00e0 leur projet <em>Sur les routes de l\u2019Est<\/em>.<\/p>\n<hr \/>\n<h5><span style=\"color: #9a0401;\">Jean-Paul Laram\u00e9e<\/span><img decoding=\"async\" loading=\"lazy\" class=\"wp-image-190 alignleft\" src=\"http:\/\/duoseigle.com\/wp-content\/uploads\/2016\/02\/IMG_0434-e1456430576307-300x300.jpg\" alt=\"IMG_0434\" width=\"190\" height=\"190\" srcset=\"http:\/\/duoseigle.com\/wp-content\/uploads\/2016\/02\/IMG_0434-e1456430576307-300x300.jpg 300w, http:\/\/duoseigle.com\/wp-content\/uploads\/2016\/02\/IMG_0434-e1456430576307-150x150.jpg 150w, http:\/\/duoseigle.com\/wp-content\/uploads\/2016\/02\/IMG_0434-e1456430576307-768x768.jpg 768w, http:\/\/duoseigle.com\/wp-content\/uploads\/2016\/02\/IMG_0434-e1456430576307-1024x1024.jpg 1024w, http:\/\/duoseigle.com\/wp-content\/uploads\/2016\/02\/IMG_0434-e1456430576307.jpg 1697w\" sizes=\"(max-width: 190px) 100vw, 190px\" \/><\/h5>\n<p>\u00c0\u00a0la t\u00eate de l\u2019Association de Sauvegarde du Patrimoine de Monceaux-au-Perche, Jean-Paul Laram\u00e9e, avec le soutien de l\u2019Ecole Normale De Musique de Paris- Alfred Cortot, a cr\u00e9\u00e9 en 2009, avec l\u2019amicale complicit\u00e9 de l\u2019un de ses plus \u00e9minents professeurs, le violoniste Devy Erlih, les \u00ab Concerts \u00e0 Monceaux \u00bb. Devenus un \u00ab classique \u00bb de la saison musicale du Perche, ces concerts permettent aux jeunes dipl\u00f4m\u00e9s, associ\u00e9s \u00e0 des musiciens fran\u00e7ais et \u00e9trangers, de b\u00e9n\u00e9ficier d\u2019une r\u00e9sidence et d\u2019un cadre de travail privil\u00e9gi\u00e9s et de rencontrer un public averti, comptant de nombreux professionnels, agents, attach\u00e9s de presse, organisateurs de festivals\u2026 \u2028C\u2019est d\u2019ailleurs dans l\u2019\u00e9glise Saint Jean-Baptiste de Monceaux, dont la qualit\u00e9 de l\u2019acoustique est salu\u00e9e par tous les professionnels, que Micha\u00ebl et Nicolas Seigle ont souhait\u00e9 r\u00e9aliser la premi\u00e8re captation du programme <em>Sur les routes de l\u2019Est<\/em>.<\/p>\n<p><strong><a href=\"http:\/\/monceauxpatrimoine.fr\/\" target=\"_blank\">monceauxpatrimoine.fr<\/a><\/strong><\/p>\n","protected":false},"excerpt":{"rendered":"<p>Retrouvez toute l&rsquo;\u00e9quipe qui a travaill\u00e9 avec nous, certains depuis plusieurs mois, pour participer \u00e0 l&rsquo;\u00e9laboration de notre disque. Une belle aventure, avant tout humaine, que nous allons poursuivre avec eux ! Yann Cruveiller &#8211; Directeur artistique Une pi\u00e8ce musicale est une \u0153uvre complexe alliant, entre autres, l\u2019\u00e9tat d\u2019esprit d\u2019un\u2026<\/p>\n<p> <a class=\"continue-reading-link\" href=\"http:\/\/duoseigle.com\/index.php\/fr\/realisation\/\"><span>Lire la suite<\/span><i class=\"crycon-right-dir\"><\/i><\/a> <\/p>\n","protected":false},"author":1,"featured_media":0,"parent":0,"menu_order":0,"comment_status":"closed","ping_status":"closed","template":"templates\/template-onecolumn.php","meta":{"two_page_speed":[]},"yoast_head":"<!-- This site is optimized with the Yoast SEO plugin v19.10 - https:\/\/yoast.com\/wordpress\/plugins\/seo\/ -->\n<title>L&#039;\u00e9quipe de r\u00e9alisation - Duo Micha\u00ebl et Nicolas Seigle<\/title>\n<meta name=\"description\" content=\"Retrouvez toute l&#039;\u00e9quipe qui a travaill\u00e9 avec nous, certains depuis plusieurs mois, pour participer \u00e0 l&#039;\u00e9laboration de notre disque.\" \/>\n<meta name=\"robots\" content=\"index, follow, max-snippet:-1, max-image-preview:large, max-video-preview:-1\" \/>\n<link rel=\"canonical\" href=\"http:\/\/duoseigle.com\/index.php\/fr\/realisation\/\" \/>\n<meta property=\"og:locale\" content=\"fr_FR\" \/>\n<meta property=\"og:type\" content=\"article\" \/>\n<meta property=\"og:title\" content=\"L&#039;\u00e9quipe de r\u00e9alisation - Duo Micha\u00ebl et Nicolas Seigle\" \/>\n<meta property=\"og:description\" content=\"Retrouvez toute l&#039;\u00e9quipe qui a travaill\u00e9 avec nous, certains depuis plusieurs mois, pour participer \u00e0 l&#039;\u00e9laboration de notre disque.\" \/>\n<meta property=\"og:url\" content=\"http:\/\/duoseigle.com\/index.php\/fr\/realisation\/\" \/>\n<meta property=\"article:publisher\" content=\"https:\/\/www.facebook.com\/duoseigle\/\" \/>\n<meta property=\"article:modified_time\" content=\"2016-12-08T21:37:22+00:00\" \/>\n<meta property=\"og:image\" content=\"http:\/\/duoseigle.com\/wp-content\/uploads\/2016\/02\/Yann-cruveiller-e1457084111577-300x300.png\" \/>\n<meta name=\"twitter:card\" content=\"summary_large_image\" \/>\n<meta name=\"twitter:site\" content=\"@nicolasandmichael\" \/>\n<meta name=\"twitter:label1\" content=\"Dur\u00e9e de lecture estim\u00e9e\" \/>\n\t<meta name=\"twitter:data1\" content=\"6 minutes\" \/>\n<script type=\"application\/ld+json\" class=\"yoast-schema-graph\">{\"@context\":\"https:\/\/schema.org\",\"@graph\":[{\"@type\":\"WebPage\",\"@id\":\"http:\/\/duoseigle.com\/index.php\/fr\/realisation\/\",\"url\":\"http:\/\/duoseigle.com\/index.php\/fr\/realisation\/\",\"name\":\"L'\u00e9quipe de r\u00e9alisation - Duo Micha\u00ebl et Nicolas Seigle\",\"isPartOf\":{\"@id\":\"http:\/\/duoseigle.com\/#website\"},\"datePublished\":\"2016-03-14T10:17:59+00:00\",\"dateModified\":\"2016-12-08T21:37:22+00:00\",\"description\":\"Retrouvez toute l'\u00e9quipe qui a travaill\u00e9 avec nous, certains depuis plusieurs mois, pour participer \u00e0 l'\u00e9laboration de notre disque.\",\"breadcrumb\":{\"@id\":\"http:\/\/duoseigle.com\/index.php\/fr\/realisation\/#breadcrumb\"},\"inLanguage\":\"fr-FR\",\"potentialAction\":[{\"@type\":\"ReadAction\",\"target\":[\"http:\/\/duoseigle.com\/index.php\/fr\/realisation\/\"]}]},{\"@type\":\"BreadcrumbList\",\"@id\":\"http:\/\/duoseigle.com\/index.php\/fr\/realisation\/#breadcrumb\",\"itemListElement\":[{\"@type\":\"ListItem\",\"position\":1,\"name\":\"Accueil\",\"item\":\"http:\/\/duoseigle.com\/\"},{\"@type\":\"ListItem\",\"position\":2,\"name\":\"La r\u00e9alisation\"}]},{\"@type\":\"WebSite\",\"@id\":\"http:\/\/duoseigle.com\/#website\",\"url\":\"http:\/\/duoseigle.com\/\",\"name\":\"\",\"description\":\"\",\"publisher\":{\"@id\":\"http:\/\/duoseigle.com\/#\/schema\/person\/b9e3d0951d21aa99d558fe8c0fed21fe\"},\"potentialAction\":[{\"@type\":\"SearchAction\",\"target\":{\"@type\":\"EntryPoint\",\"urlTemplate\":\"http:\/\/duoseigle.com\/?s={search_term_string}\"},\"query-input\":\"required name=search_term_string\"}],\"inLanguage\":\"fr-FR\"},{\"@type\":[\"Person\",\"Organization\"],\"@id\":\"http:\/\/duoseigle.com\/#\/schema\/person\/b9e3d0951d21aa99d558fe8c0fed21fe\",\"name\":\"seigle\",\"image\":{\"@type\":\"ImageObject\",\"inLanguage\":\"fr-FR\",\"@id\":\"http:\/\/duoseigle.com\/#\/schema\/person\/image\/\",\"url\":\"http:\/\/duoseigle.com\/wp-content\/uploads\/2022\/10\/1F5D9CD8-B156-4BC4-8CD6-4BA966347FB7.jpeg\",\"contentUrl\":\"http:\/\/duoseigle.com\/wp-content\/uploads\/2022\/10\/1F5D9CD8-B156-4BC4-8CD6-4BA966347FB7.jpeg\",\"width\":250,\"height\":250,\"caption\":\"seigle\"},\"logo\":{\"@id\":\"http:\/\/duoseigle.com\/#\/schema\/person\/image\/\"},\"sameAs\":[\"http:\/\/duoseigle.com\/index.php\/fr\/\",\"https:\/\/www.facebook.com\/duoseigle\/\",\"https:\/\/www.instagram.com\/duoseigle\/\",\"https:\/\/twitter.com\/nicolasandmichael\",\"https:\/\/www.youtube.com\/channel\/UCAjCrJ956r7vTGv8uUlQrpw\"]}]}<\/script>\n<!-- \/ Yoast SEO plugin. -->","yoast_head_json":{"title":"L'\u00e9quipe de r\u00e9alisation - Duo Micha\u00ebl et Nicolas Seigle","description":"Retrouvez toute l'\u00e9quipe qui a travaill\u00e9 avec nous, certains depuis plusieurs mois, pour participer \u00e0 l'\u00e9laboration de notre disque.","robots":{"index":"index","follow":"follow","max-snippet":"max-snippet:-1","max-image-preview":"max-image-preview:large","max-video-preview":"max-video-preview:-1"},"canonical":"http:\/\/duoseigle.com\/index.php\/fr\/realisation\/","og_locale":"fr_FR","og_type":"article","og_title":"L'\u00e9quipe de r\u00e9alisation - Duo Micha\u00ebl et Nicolas Seigle","og_description":"Retrouvez toute l'\u00e9quipe qui a travaill\u00e9 avec nous, certains depuis plusieurs mois, pour participer \u00e0 l'\u00e9laboration de notre disque.","og_url":"http:\/\/duoseigle.com\/index.php\/fr\/realisation\/","article_publisher":"https:\/\/www.facebook.com\/duoseigle\/","article_modified_time":"2016-12-08T21:37:22+00:00","og_image":[{"url":"http:\/\/duoseigle.com\/wp-content\/uploads\/2016\/02\/Yann-cruveiller-e1457084111577-300x300.png"}],"twitter_card":"summary_large_image","twitter_site":"@nicolasandmichael","twitter_misc":{"Dur\u00e9e de lecture estim\u00e9e":"6 minutes"},"schema":{"@context":"https:\/\/schema.org","@graph":[{"@type":"WebPage","@id":"http:\/\/duoseigle.com\/index.php\/fr\/realisation\/","url":"http:\/\/duoseigle.com\/index.php\/fr\/realisation\/","name":"L'\u00e9quipe de r\u00e9alisation - Duo Micha\u00ebl et Nicolas Seigle","isPartOf":{"@id":"http:\/\/duoseigle.com\/#website"},"datePublished":"2016-03-14T10:17:59+00:00","dateModified":"2016-12-08T21:37:22+00:00","description":"Retrouvez toute l'\u00e9quipe qui a travaill\u00e9 avec nous, certains depuis plusieurs mois, pour participer \u00e0 l'\u00e9laboration de notre disque.","breadcrumb":{"@id":"http:\/\/duoseigle.com\/index.php\/fr\/realisation\/#breadcrumb"},"inLanguage":"fr-FR","potentialAction":[{"@type":"ReadAction","target":["http:\/\/duoseigle.com\/index.php\/fr\/realisation\/"]}]},{"@type":"BreadcrumbList","@id":"http:\/\/duoseigle.com\/index.php\/fr\/realisation\/#breadcrumb","itemListElement":[{"@type":"ListItem","position":1,"name":"Accueil","item":"http:\/\/duoseigle.com\/"},{"@type":"ListItem","position":2,"name":"La r\u00e9alisation"}]},{"@type":"WebSite","@id":"http:\/\/duoseigle.com\/#website","url":"http:\/\/duoseigle.com\/","name":"","description":"","publisher":{"@id":"http:\/\/duoseigle.com\/#\/schema\/person\/b9e3d0951d21aa99d558fe8c0fed21fe"},"potentialAction":[{"@type":"SearchAction","target":{"@type":"EntryPoint","urlTemplate":"http:\/\/duoseigle.com\/?s={search_term_string}"},"query-input":"required name=search_term_string"}],"inLanguage":"fr-FR"},{"@type":["Person","Organization"],"@id":"http:\/\/duoseigle.com\/#\/schema\/person\/b9e3d0951d21aa99d558fe8c0fed21fe","name":"seigle","image":{"@type":"ImageObject","inLanguage":"fr-FR","@id":"http:\/\/duoseigle.com\/#\/schema\/person\/image\/","url":"http:\/\/duoseigle.com\/wp-content\/uploads\/2022\/10\/1F5D9CD8-B156-4BC4-8CD6-4BA966347FB7.jpeg","contentUrl":"http:\/\/duoseigle.com\/wp-content\/uploads\/2022\/10\/1F5D9CD8-B156-4BC4-8CD6-4BA966347FB7.jpeg","width":250,"height":250,"caption":"seigle"},"logo":{"@id":"http:\/\/duoseigle.com\/#\/schema\/person\/image\/"},"sameAs":["http:\/\/duoseigle.com\/index.php\/fr\/","https:\/\/www.facebook.com\/duoseigle\/","https:\/\/www.instagram.com\/duoseigle\/","https:\/\/twitter.com\/nicolasandmichael","https:\/\/www.youtube.com\/channel\/UCAjCrJ956r7vTGv8uUlQrpw"]}]}},"_links":{"self":[{"href":"http:\/\/duoseigle.com\/index.php\/wp-json\/wp\/v2\/pages\/23"}],"collection":[{"href":"http:\/\/duoseigle.com\/index.php\/wp-json\/wp\/v2\/pages"}],"about":[{"href":"http:\/\/duoseigle.com\/index.php\/wp-json\/wp\/v2\/types\/page"}],"author":[{"embeddable":true,"href":"http:\/\/duoseigle.com\/index.php\/wp-json\/wp\/v2\/users\/1"}],"replies":[{"embeddable":true,"href":"http:\/\/duoseigle.com\/index.php\/wp-json\/wp\/v2\/comments?post=23"}],"version-history":[{"count":82,"href":"http:\/\/duoseigle.com\/index.php\/wp-json\/wp\/v2\/pages\/23\/revisions"}],"predecessor-version":[{"id":742,"href":"http:\/\/duoseigle.com\/index.php\/wp-json\/wp\/v2\/pages\/23\/revisions\/742"}],"wp:attachment":[{"href":"http:\/\/duoseigle.com\/index.php\/wp-json\/wp\/v2\/media?parent=23"}],"curies":[{"name":"wp","href":"https:\/\/api.w.org\/{rel}","templated":true}]}}