{"id":49,"date":"2016-03-23T14:06:03","date_gmt":"2016-03-23T13:06:03","guid":{"rendered":"http:\/\/duoseigle.com\/?page_id=49"},"modified":"2023-05-03T11:32:58","modified_gmt":"2023-05-03T10:32:58","slug":"videos","status":"publish","type":"page","link":"http:\/\/duoseigle.com\/index.php\/fr\/videos\/","title":{"rendered":"Vid\u00e9os"},"content":{"rendered":"\n<iframe loading=\"lazy\" width=\"560\" height=\"315\" src=\"https:\/\/www.youtube.com\/embed\/_p_PW6uoE78\" frameborder=\"0\" allow=\"accelerometer; autoplay; encrypted-media; gyroscope; picture-in-picture\" allowfullscreen=\"\"><\/iframe>\n<iframe loading=\"lazy\" width=\"560\" height=\"315\" src=\"https:\/\/www.youtube.com\/embed\/ENtIknCp7Pw\" frameborder=\"0\" allow=\"accelerometer; autoplay; encrypted-media; gyroscope; picture-in-picture\" allowfullscreen=\"\"><\/iframe>\n<iframe loading=\"lazy\" width=\"560\" height=\"315\" src=\"https:\/\/www.youtube.com\/embed\/PXbMb1ePSAQ\" frameborder=\"0\" allow=\"accelerometer; autoplay; encrypted-media; gyroscope; picture-in-picture\" allowfullscreen=\"\"><\/iframe>\n<iframe loading=\"lazy\" width=\"560\" height=\"315\" src=\"https:\/\/www.youtube.com\/embed\/WCiViNME0Do\" frameborder=\"0\" allow=\"accelerometer; autoplay; encrypted-media; gyroscope; picture-in-picture\" allowfullscreen=\"\"><\/iframe>\n<iframe loading=\"lazy\" width=\"560\" height=\"315\" src=\"https:\/\/www.youtube.com\/embed\/xq7t34K3-hk\" frameborder=\"0\" allow=\"accelerometer; autoplay; encrypted-media; gyroscope; picture-in-picture\" allowfullscreen=\"\"><\/iframe>\n<iframe loading=\"lazy\" width=\"560\" height=\"315\" src=\"https:\/\/www.youtube.com\/embed\/VoIMzddAfCA\" frameborder=\"0\" allow=\"accelerometer; autoplay; encrypted-media; gyroscope; picture-in-picture\" allowfullscreen=\"\"><\/iframe>\n<iframe loading=\"lazy\" width=\"560\" height=\"315\" src=\"https:\/\/www.youtube.com\/embed\/Kdme-X6L58Q\" frameborder=\"0\" allow=\"accelerometer; autoplay; encrypted-media; gyroscope; picture-in-picture\" allowfullscreen=\"\"><\/iframe>\n<iframe loading=\"lazy\" width=\"560\" height=\"315\" src=\"https:\/\/www.youtube.com\/embed\/XAQt6NnVrJk\" frameborder=\"0\" allow=\"accelerometer; autoplay; encrypted-media; gyroscope; picture-in-picture\" allowfullscreen=\"\"><\/iframe>\n<iframe loading=\"lazy\" width=\"560\" height=\"315\" src=\"https:\/\/www.youtube.com\/embed\/ZRXDSolIsmw\" frameborder=\"0\" allow=\"accelerometer; autoplay; encrypted-media; gyroscope; picture-in-picture\" allowfullscreen=\"\"><\/iframe>\n<iframe loading=\"lazy\" width=\"560\" height=\"315\" src=\"https:\/\/www.youtube.com\/embed\/a4_Obe2MAFc\" frameborder=\"0\" allow=\"accelerometer; autoplay; encrypted-media; gyroscope; picture-in-picture\" allowfullscreen=\"\"><\/iframe>\n","protected":false},"excerpt":{"rendered":"<p> <a class=\"continue-reading-link\" href=\"http:\/\/duoseigle.com\/index.php\/fr\/videos\/\"><span>Lire la suite<\/span><i class=\"crycon-right-dir\"><\/i><\/a> <\/p>\n","protected":false},"author":1,"featured_media":0,"parent":0,"menu_order":0,"comment_status":"closed","ping_status":"closed","template":"","meta":{"two_page_speed":[]},"yoast_head":"<!-- This site is optimized with the Yoast SEO plugin v19.10 - https:\/\/yoast.com\/wordpress\/plugins\/seo\/ -->\n<title>Vid\u00e9os - Duo Micha\u00ebl et Nicolas Seigle<\/title>\n<meta name=\"description\" content=\"Teaser, interview, concerts... D\u00e9couvrez les vid\u00e9os du Duo Micha\u00ebl et Nicolas Seigle et plongez-vous dans l&#039;univers du programme Sur les routes de l&#039;Est\" \/>\n<meta name=\"robots\" content=\"index, follow, max-snippet:-1, max-image-preview:large, max-video-preview:-1\" \/>\n<link rel=\"canonical\" href=\"http:\/\/duoseigle.com\/index.php\/fr\/videos\/\" \/>\n<meta property=\"og:locale\" content=\"fr_FR\" \/>\n<meta property=\"og:type\" content=\"article\" \/>\n<meta property=\"og:title\" content=\"Vid\u00e9os - Duo Micha\u00ebl et Nicolas Seigle\" \/>\n<meta property=\"og:description\" content=\"Teaser, interview, concerts... D\u00e9couvrez les vid\u00e9os du Duo Micha\u00ebl et Nicolas Seigle et plongez-vous dans l&#039;univers du programme Sur les routes de l&#039;Est\" \/>\n<meta property=\"og:url\" content=\"http:\/\/duoseigle.com\/index.php\/fr\/videos\/\" \/>\n<meta property=\"article:publisher\" content=\"https:\/\/www.facebook.com\/duoseigle\/\" \/>\n<meta property=\"article:modified_time\" content=\"2023-05-03T10:32:58+00:00\" \/>\n<meta property=\"og:image\" content=\"http:\/\/duoseigle.com\/wp-content\/uploads\/2016\/03\/\u00a9ArtyFAN_8008ret1.jpg\" \/>\n\t<meta property=\"og:image:width\" content=\"2000\" \/>\n\t<meta property=\"og:image:height\" content=\"1333\" \/>\n\t<meta property=\"og:image:type\" content=\"image\/jpeg\" \/>\n<meta name=\"twitter:card\" content=\"summary_large_image\" \/>\n<meta name=\"twitter:site\" content=\"@nicolasandmichael\" \/>\n<script type=\"application\/ld+json\" class=\"yoast-schema-graph\">{\"@context\":\"https:\/\/schema.org\",\"@graph\":[{\"@type\":\"WebPage\",\"@id\":\"http:\/\/duoseigle.com\/index.php\/fr\/videos\/\",\"url\":\"http:\/\/duoseigle.com\/index.php\/fr\/videos\/\",\"name\":\"Vid\u00e9os - Duo Micha\u00ebl et Nicolas Seigle\",\"isPartOf\":{\"@id\":\"http:\/\/duoseigle.com\/#website\"},\"datePublished\":\"2016-03-23T13:06:03+00:00\",\"dateModified\":\"2023-05-03T10:32:58+00:00\",\"description\":\"Teaser, interview, concerts... D\u00e9couvrez les vid\u00e9os du Duo Micha\u00ebl et Nicolas Seigle et plongez-vous dans l'univers du programme Sur les routes de l'Est\",\"breadcrumb\":{\"@id\":\"http:\/\/duoseigle.com\/index.php\/fr\/videos\/#breadcrumb\"},\"inLanguage\":\"fr-FR\",\"potentialAction\":[{\"@type\":\"ReadAction\",\"target\":[\"http:\/\/duoseigle.com\/index.php\/fr\/videos\/\"]}]},{\"@type\":\"BreadcrumbList\",\"@id\":\"http:\/\/duoseigle.com\/index.php\/fr\/videos\/#breadcrumb\",\"itemListElement\":[{\"@type\":\"ListItem\",\"position\":1,\"name\":\"Accueil\",\"item\":\"http:\/\/duoseigle.com\/index.php\/en\/\"},{\"@type\":\"ListItem\",\"position\":2,\"name\":\"Vid\u00e9os\"}]},{\"@type\":\"WebSite\",\"@id\":\"http:\/\/duoseigle.com\/#website\",\"url\":\"http:\/\/duoseigle.com\/\",\"name\":\"\",\"description\":\"\",\"publisher\":{\"@id\":\"http:\/\/duoseigle.com\/#\/schema\/person\/b9e3d0951d21aa99d558fe8c0fed21fe\"},\"potentialAction\":[{\"@type\":\"SearchAction\",\"target\":{\"@type\":\"EntryPoint\",\"urlTemplate\":\"http:\/\/duoseigle.com\/?s={search_term_string}\"},\"query-input\":\"required name=search_term_string\"}],\"inLanguage\":\"fr-FR\"},{\"@type\":[\"Person\",\"Organization\"],\"@id\":\"http:\/\/duoseigle.com\/#\/schema\/person\/b9e3d0951d21aa99d558fe8c0fed21fe\",\"name\":\"seigle\",\"image\":{\"@type\":\"ImageObject\",\"inLanguage\":\"fr-FR\",\"@id\":\"http:\/\/duoseigle.com\/#\/schema\/person\/image\/\",\"url\":\"http:\/\/duoseigle.com\/wp-content\/uploads\/2022\/10\/1F5D9CD8-B156-4BC4-8CD6-4BA966347FB7.jpeg\",\"contentUrl\":\"http:\/\/duoseigle.com\/wp-content\/uploads\/2022\/10\/1F5D9CD8-B156-4BC4-8CD6-4BA966347FB7.jpeg\",\"width\":250,\"height\":250,\"caption\":\"seigle\"},\"logo\":{\"@id\":\"http:\/\/duoseigle.com\/#\/schema\/person\/image\/\"},\"sameAs\":[\"http:\/\/duoseigle.com\/index.php\/fr\/\",\"https:\/\/www.facebook.com\/duoseigle\/\",\"https:\/\/www.instagram.com\/duoseigle\/\",\"https:\/\/twitter.com\/nicolasandmichael\",\"https:\/\/www.youtube.com\/channel\/UCAjCrJ956r7vTGv8uUlQrpw\"]}]}<\/script>\n<!-- \/ Yoast SEO plugin. -->","yoast_head_json":{"title":"Vid\u00e9os - Duo Micha\u00ebl et Nicolas Seigle","description":"Teaser, interview, concerts... D\u00e9couvrez les vid\u00e9os du Duo Micha\u00ebl et Nicolas Seigle et plongez-vous dans l'univers du programme Sur les routes de l'Est","robots":{"index":"index","follow":"follow","max-snippet":"max-snippet:-1","max-image-preview":"max-image-preview:large","max-video-preview":"max-video-preview:-1"},"canonical":"http:\/\/duoseigle.com\/index.php\/fr\/videos\/","og_locale":"fr_FR","og_type":"article","og_title":"Vid\u00e9os - Duo Micha\u00ebl et Nicolas Seigle","og_description":"Teaser, interview, concerts... D\u00e9couvrez les vid\u00e9os du Duo Micha\u00ebl et Nicolas Seigle et plongez-vous dans l'univers du programme Sur les routes de l'Est","og_url":"http:\/\/duoseigle.com\/index.php\/fr\/videos\/","article_publisher":"https:\/\/www.facebook.com\/duoseigle\/","article_modified_time":"2023-05-03T10:32:58+00:00","og_image":[{"width":2000,"height":1333,"url":"http:\/\/duoseigle.com\/wp-content\/uploads\/2016\/03\/\u00a9ArtyFAN_8008ret1.jpg","type":"image\/jpeg"}],"twitter_card":"summary_large_image","twitter_site":"@nicolasandmichael","schema":{"@context":"https:\/\/schema.org","@graph":[{"@type":"WebPage","@id":"http:\/\/duoseigle.com\/index.php\/fr\/videos\/","url":"http:\/\/duoseigle.com\/index.php\/fr\/videos\/","name":"Vid\u00e9os - Duo Micha\u00ebl et Nicolas Seigle","isPartOf":{"@id":"http:\/\/duoseigle.com\/#website"},"datePublished":"2016-03-23T13:06:03+00:00","dateModified":"2023-05-03T10:32:58+00:00","description":"Teaser, interview, concerts... D\u00e9couvrez les vid\u00e9os du Duo Micha\u00ebl et Nicolas Seigle et plongez-vous dans l'univers du programme Sur les routes de l'Est","breadcrumb":{"@id":"http:\/\/duoseigle.com\/index.php\/fr\/videos\/#breadcrumb"},"inLanguage":"fr-FR","potentialAction":[{"@type":"ReadAction","target":["http:\/\/duoseigle.com\/index.php\/fr\/videos\/"]}]},{"@type":"BreadcrumbList","@id":"http:\/\/duoseigle.com\/index.php\/fr\/videos\/#breadcrumb","itemListElement":[{"@type":"ListItem","position":1,"name":"Accueil","item":"http:\/\/duoseigle.com\/index.php\/en\/"},{"@type":"ListItem","position":2,"name":"Vid\u00e9os"}]},{"@type":"WebSite","@id":"http:\/\/duoseigle.com\/#website","url":"http:\/\/duoseigle.com\/","name":"","description":"","publisher":{"@id":"http:\/\/duoseigle.com\/#\/schema\/person\/b9e3d0951d21aa99d558fe8c0fed21fe"},"potentialAction":[{"@type":"SearchAction","target":{"@type":"EntryPoint","urlTemplate":"http:\/\/duoseigle.com\/?s={search_term_string}"},"query-input":"required name=search_term_string"}],"inLanguage":"fr-FR"},{"@type":["Person","Organization"],"@id":"http:\/\/duoseigle.com\/#\/schema\/person\/b9e3d0951d21aa99d558fe8c0fed21fe","name":"seigle","image":{"@type":"ImageObject","inLanguage":"fr-FR","@id":"http:\/\/duoseigle.com\/#\/schema\/person\/image\/","url":"http:\/\/duoseigle.com\/wp-content\/uploads\/2022\/10\/1F5D9CD8-B156-4BC4-8CD6-4BA966347FB7.jpeg","contentUrl":"http:\/\/duoseigle.com\/wp-content\/uploads\/2022\/10\/1F5D9CD8-B156-4BC4-8CD6-4BA966347FB7.jpeg","width":250,"height":250,"caption":"seigle"},"logo":{"@id":"http:\/\/duoseigle.com\/#\/schema\/person\/image\/"},"sameAs":["http:\/\/duoseigle.com\/index.php\/fr\/","https:\/\/www.facebook.com\/duoseigle\/","https:\/\/www.instagram.com\/duoseigle\/","https:\/\/twitter.com\/nicolasandmichael","https:\/\/www.youtube.com\/channel\/UCAjCrJ956r7vTGv8uUlQrpw"]}]}},"_links":{"self":[{"href":"http:\/\/duoseigle.com\/index.php\/wp-json\/wp\/v2\/pages\/49"}],"collection":[{"href":"http:\/\/duoseigle.com\/index.php\/wp-json\/wp\/v2\/pages"}],"about":[{"href":"http:\/\/duoseigle.com\/index.php\/wp-json\/wp\/v2\/types\/page"}],"author":[{"embeddable":true,"href":"http:\/\/duoseigle.com\/index.php\/wp-json\/wp\/v2\/users\/1"}],"replies":[{"embeddable":true,"href":"http:\/\/duoseigle.com\/index.php\/wp-json\/wp\/v2\/comments?post=49"}],"version-history":[{"count":18,"href":"http:\/\/duoseigle.com\/index.php\/wp-json\/wp\/v2\/pages\/49\/revisions"}],"predecessor-version":[{"id":1676,"href":"http:\/\/duoseigle.com\/index.php\/wp-json\/wp\/v2\/pages\/49\/revisions\/1676"}],"wp:attachment":[{"href":"http:\/\/duoseigle.com\/index.php\/wp-json\/wp\/v2\/media?parent=49"}],"curies":[{"name":"wp","href":"https:\/\/api.w.org\/{rel}","templated":true}]}}