{"id":8,"date":"2016-03-14T10:48:53","date_gmt":"2016-03-14T09:48:53","guid":{"rendered":"http:\/\/duoseigle.com\/?page_id=8"},"modified":"2016-03-13T16:05:53","modified_gmt":"2016-03-13T15:05:53","slug":"sur-les-routes-de-lest","status":"publish","type":"page","link":"http:\/\/duoseigle.com\/index.php\/fr\/sur-les-routes-de-lest\/","title":{"rendered":""},"content":{"rendered":"<table>\n<tbody>\n<tr>\n<td><a href=\"http:\/\/duoseigle.com\/index.php\/sur-les-routes-de-lest\/le-projet\/\"><img decoding=\"async\" loading=\"lazy\" class=\"alignright wp-image-161\" src=\"http:\/\/duoseigle.com\/wp-content\/uploads\/2016\/02\/Le-projet-300x92.png\" alt=\"Le projet - Sur les routes de l'est\" width=\"460\" height=\"142\" srcset=\"http:\/\/duoseigle.com\/wp-content\/uploads\/2016\/02\/Le-projet-300x92.png 300w, http:\/\/duoseigle.com\/wp-content\/uploads\/2016\/02\/Le-projet-250x77.png 250w, http:\/\/duoseigle.com\/wp-content\/uploads\/2016\/02\/Le-projet-150x46.png 150w, http:\/\/duoseigle.com\/wp-content\/uploads\/2016\/02\/Le-projet.png 650w\" sizes=\"(max-width: 460px) 100vw, 460px\" \/><\/a><\/td>\n<td><a href=\"http:\/\/duoseigle.com\/index.php\/le-disque\/\"><img decoding=\"async\" loading=\"lazy\" class=\"alignleft wp-image-158\" src=\"http:\/\/duoseigle.com\/wp-content\/uploads\/2016\/02\/Le-disque-300x92.png\" alt=\"Le disque - Sur les routes de l'Est\" width=\"460\" height=\"142\" srcset=\"http:\/\/duoseigle.com\/wp-content\/uploads\/2016\/02\/Le-disque-300x92.png 300w, http:\/\/duoseigle.com\/wp-content\/uploads\/2016\/02\/Le-disque-250x77.png 250w, http:\/\/duoseigle.com\/wp-content\/uploads\/2016\/02\/Le-disque-150x46.png 150w, http:\/\/duoseigle.com\/wp-content\/uploads\/2016\/02\/Le-disque.png 650w\" sizes=\"(max-width: 460px) 100vw, 460px\" \/><\/a><\/td>\n<\/tr>\n<tr>\n<td><a href=\"http:\/\/duoseigle.com\/index.php\/sur-les-routes-de-lest\/les-compositeurs\/\"><img decoding=\"async\" loading=\"lazy\" class=\"alignright wp-image-162\" src=\"http:\/\/duoseigle.com\/wp-content\/uploads\/2016\/02\/Les-compositeurs-300x92.png\" alt=\"Les compositeurs - Sur les routes de l'Est\" width=\"460\" height=\"142\" srcset=\"http:\/\/duoseigle.com\/wp-content\/uploads\/2016\/02\/Les-compositeurs-300x92.png 300w, http:\/\/duoseigle.com\/wp-content\/uploads\/2016\/02\/Les-compositeurs-250x77.png 250w, http:\/\/duoseigle.com\/wp-content\/uploads\/2016\/02\/Les-compositeurs-150x46.png 150w, http:\/\/duoseigle.com\/wp-content\/uploads\/2016\/02\/Les-compositeurs.png 650w\" sizes=\"(max-width: 460px) 100vw, 460px\" \/><\/a><\/td>\n<td><a href=\"http:\/\/duoseigle.com\/index.php\/realisation\/\"><img decoding=\"async\" loading=\"lazy\" class=\"alignleft wp-image-157\" src=\"http:\/\/duoseigle.com\/wp-content\/uploads\/2016\/02\/La-r\u00e9alisation-300x92.png\" alt=\"La r\u00e9alisation - Sur les routes de l'Est\" width=\"460\" height=\"142\" srcset=\"http:\/\/duoseigle.com\/wp-content\/uploads\/2016\/02\/La-r\u00e9alisation-300x92.png 300w, http:\/\/duoseigle.com\/wp-content\/uploads\/2016\/02\/La-r\u00e9alisation-250x77.png 250w, http:\/\/duoseigle.com\/wp-content\/uploads\/2016\/02\/La-r\u00e9alisation-150x46.png 150w, http:\/\/duoseigle.com\/wp-content\/uploads\/2016\/02\/La-r\u00e9alisation.png 650w\" sizes=\"(max-width: 460px) 100vw, 460px\" \/><\/a><\/td>\n<\/tr>\n<\/tbody>\n<\/table>\n","protected":false},"excerpt":{"rendered":"<p> <a class=\"continue-reading-link\" href=\"http:\/\/duoseigle.com\/index.php\/fr\/sur-les-routes-de-lest\/\"><span>Lire la suite<\/span><i class=\"crycon-right-dir\"><\/i><\/a> <\/p>\n","protected":false},"author":1,"featured_media":0,"parent":0,"menu_order":0,"comment_status":"closed","ping_status":"closed","template":"","meta":{"two_page_speed":[]},"yoast_head":"<!-- This site is optimized with the Yoast SEO plugin v19.10 - https:\/\/yoast.com\/wordpress\/plugins\/seo\/ -->\n<title>Sur les routes de l&#039;Est - Duo Micha\u00ebl et Nicolas Seigle<\/title>\n<meta name=\"description\" content=\"D\u00e9couvrez tous les d\u00e9tails sur le projet, le disque, les compositeurs et l&#039;\u00e9quipe de r\u00e9alisation du programme Sur les routes de l&#039;est...\" \/>\n<meta name=\"robots\" content=\"index, follow, max-snippet:-1, max-image-preview:large, max-video-preview:-1\" \/>\n<link rel=\"canonical\" href=\"http:\/\/duoseigle.com\/index.php\/fr\/sur-les-routes-de-lest\/\" \/>\n<meta property=\"og:locale\" content=\"fr_FR\" \/>\n<meta property=\"og:type\" content=\"article\" \/>\n<meta property=\"og:title\" content=\"Sur les routes de l&#039;Est - Duo Micha\u00ebl et Nicolas Seigle\" \/>\n<meta property=\"og:description\" content=\"D\u00e9couvrez tous les d\u00e9tails sur le projet, le disque, les compositeurs et l&#039;\u00e9quipe de r\u00e9alisation du programme Sur les routes de l&#039;est...\" \/>\n<meta property=\"og:url\" content=\"http:\/\/duoseigle.com\/index.php\/fr\/sur-les-routes-de-lest\/\" \/>\n<meta property=\"article:publisher\" content=\"https:\/\/www.facebook.com\/duoseigle\/\" \/>\n<meta property=\"article:modified_time\" content=\"2016-03-13T15:05:53+00:00\" \/>\n<meta property=\"og:image\" content=\"http:\/\/duoseigle.com\/wp-content\/uploads\/2016\/02\/Le-projet-300x92.png\" \/>\n<meta name=\"twitter:card\" content=\"summary_large_image\" \/>\n<meta name=\"twitter:site\" content=\"@nicolasandmichael\" \/>\n<script type=\"application\/ld+json\" class=\"yoast-schema-graph\">{\"@context\":\"https:\/\/schema.org\",\"@graph\":[{\"@type\":\"WebPage\",\"@id\":\"http:\/\/duoseigle.com\/index.php\/fr\/sur-les-routes-de-lest\/\",\"url\":\"http:\/\/duoseigle.com\/index.php\/fr\/sur-les-routes-de-lest\/\",\"name\":\"Sur les routes de l'Est - Duo Micha\u00ebl et Nicolas Seigle\",\"isPartOf\":{\"@id\":\"http:\/\/duoseigle.com\/#website\"},\"datePublished\":\"2016-03-14T09:48:53+00:00\",\"dateModified\":\"2016-03-13T15:05:53+00:00\",\"description\":\"D\u00e9couvrez tous les d\u00e9tails sur le projet, le disque, les compositeurs et l'\u00e9quipe de r\u00e9alisation du programme Sur les routes de l'est...\",\"inLanguage\":\"fr-FR\",\"potentialAction\":[{\"@type\":\"ReadAction\",\"target\":[\"http:\/\/duoseigle.com\/index.php\/fr\/sur-les-routes-de-lest\/\"]}]},{\"@type\":\"WebSite\",\"@id\":\"http:\/\/duoseigle.com\/#website\",\"url\":\"http:\/\/duoseigle.com\/\",\"name\":\"\",\"description\":\"\",\"publisher\":{\"@id\":\"http:\/\/duoseigle.com\/#\/schema\/person\/b9e3d0951d21aa99d558fe8c0fed21fe\"},\"potentialAction\":[{\"@type\":\"SearchAction\",\"target\":{\"@type\":\"EntryPoint\",\"urlTemplate\":\"http:\/\/duoseigle.com\/?s={search_term_string}\"},\"query-input\":\"required name=search_term_string\"}],\"inLanguage\":\"fr-FR\"},{\"@type\":[\"Person\",\"Organization\"],\"@id\":\"http:\/\/duoseigle.com\/#\/schema\/person\/b9e3d0951d21aa99d558fe8c0fed21fe\",\"name\":\"seigle\",\"image\":{\"@type\":\"ImageObject\",\"inLanguage\":\"fr-FR\",\"@id\":\"http:\/\/duoseigle.com\/#\/schema\/person\/image\/\",\"url\":\"http:\/\/duoseigle.com\/wp-content\/uploads\/2022\/10\/1F5D9CD8-B156-4BC4-8CD6-4BA966347FB7.jpeg\",\"contentUrl\":\"http:\/\/duoseigle.com\/wp-content\/uploads\/2022\/10\/1F5D9CD8-B156-4BC4-8CD6-4BA966347FB7.jpeg\",\"width\":250,\"height\":250,\"caption\":\"seigle\"},\"logo\":{\"@id\":\"http:\/\/duoseigle.com\/#\/schema\/person\/image\/\"},\"sameAs\":[\"http:\/\/duoseigle.com\/index.php\/fr\/\",\"https:\/\/www.facebook.com\/duoseigle\/\",\"https:\/\/www.instagram.com\/duoseigle\/\",\"https:\/\/twitter.com\/nicolasandmichael\",\"https:\/\/www.youtube.com\/channel\/UCAjCrJ956r7vTGv8uUlQrpw\"]}]}<\/script>\n<!-- \/ Yoast SEO plugin. -->","yoast_head_json":{"title":"Sur les routes de l'Est - Duo Micha\u00ebl et Nicolas Seigle","description":"D\u00e9couvrez tous les d\u00e9tails sur le projet, le disque, les compositeurs et l'\u00e9quipe de r\u00e9alisation du programme Sur les routes de l'est...","robots":{"index":"index","follow":"follow","max-snippet":"max-snippet:-1","max-image-preview":"max-image-preview:large","max-video-preview":"max-video-preview:-1"},"canonical":"http:\/\/duoseigle.com\/index.php\/fr\/sur-les-routes-de-lest\/","og_locale":"fr_FR","og_type":"article","og_title":"Sur les routes de l'Est - Duo Micha\u00ebl et Nicolas Seigle","og_description":"D\u00e9couvrez tous les d\u00e9tails sur le projet, le disque, les compositeurs et l'\u00e9quipe de r\u00e9alisation du programme Sur les routes de l'est...","og_url":"http:\/\/duoseigle.com\/index.php\/fr\/sur-les-routes-de-lest\/","article_publisher":"https:\/\/www.facebook.com\/duoseigle\/","article_modified_time":"2016-03-13T15:05:53+00:00","og_image":[{"url":"http:\/\/duoseigle.com\/wp-content\/uploads\/2016\/02\/Le-projet-300x92.png"}],"twitter_card":"summary_large_image","twitter_site":"@nicolasandmichael","schema":{"@context":"https:\/\/schema.org","@graph":[{"@type":"WebPage","@id":"http:\/\/duoseigle.com\/index.php\/fr\/sur-les-routes-de-lest\/","url":"http:\/\/duoseigle.com\/index.php\/fr\/sur-les-routes-de-lest\/","name":"Sur les routes de l'Est - Duo Micha\u00ebl et Nicolas Seigle","isPartOf":{"@id":"http:\/\/duoseigle.com\/#website"},"datePublished":"2016-03-14T09:48:53+00:00","dateModified":"2016-03-13T15:05:53+00:00","description":"D\u00e9couvrez tous les d\u00e9tails sur le projet, le disque, les compositeurs et l'\u00e9quipe de r\u00e9alisation du programme Sur les routes de l'est...","inLanguage":"fr-FR","potentialAction":[{"@type":"ReadAction","target":["http:\/\/duoseigle.com\/index.php\/fr\/sur-les-routes-de-lest\/"]}]},{"@type":"WebSite","@id":"http:\/\/duoseigle.com\/#website","url":"http:\/\/duoseigle.com\/","name":"","description":"","publisher":{"@id":"http:\/\/duoseigle.com\/#\/schema\/person\/b9e3d0951d21aa99d558fe8c0fed21fe"},"potentialAction":[{"@type":"SearchAction","target":{"@type":"EntryPoint","urlTemplate":"http:\/\/duoseigle.com\/?s={search_term_string}"},"query-input":"required name=search_term_string"}],"inLanguage":"fr-FR"},{"@type":["Person","Organization"],"@id":"http:\/\/duoseigle.com\/#\/schema\/person\/b9e3d0951d21aa99d558fe8c0fed21fe","name":"seigle","image":{"@type":"ImageObject","inLanguage":"fr-FR","@id":"http:\/\/duoseigle.com\/#\/schema\/person\/image\/","url":"http:\/\/duoseigle.com\/wp-content\/uploads\/2022\/10\/1F5D9CD8-B156-4BC4-8CD6-4BA966347FB7.jpeg","contentUrl":"http:\/\/duoseigle.com\/wp-content\/uploads\/2022\/10\/1F5D9CD8-B156-4BC4-8CD6-4BA966347FB7.jpeg","width":250,"height":250,"caption":"seigle"},"logo":{"@id":"http:\/\/duoseigle.com\/#\/schema\/person\/image\/"},"sameAs":["http:\/\/duoseigle.com\/index.php\/fr\/","https:\/\/www.facebook.com\/duoseigle\/","https:\/\/www.instagram.com\/duoseigle\/","https:\/\/twitter.com\/nicolasandmichael","https:\/\/www.youtube.com\/channel\/UCAjCrJ956r7vTGv8uUlQrpw"]}]}},"_links":{"self":[{"href":"http:\/\/duoseigle.com\/index.php\/wp-json\/wp\/v2\/pages\/8"}],"collection":[{"href":"http:\/\/duoseigle.com\/index.php\/wp-json\/wp\/v2\/pages"}],"about":[{"href":"http:\/\/duoseigle.com\/index.php\/wp-json\/wp\/v2\/types\/page"}],"author":[{"embeddable":true,"href":"http:\/\/duoseigle.com\/index.php\/wp-json\/wp\/v2\/users\/1"}],"replies":[{"embeddable":true,"href":"http:\/\/duoseigle.com\/index.php\/wp-json\/wp\/v2\/comments?post=8"}],"version-history":[{"count":8,"href":"http:\/\/duoseigle.com\/index.php\/wp-json\/wp\/v2\/pages\/8\/revisions"}],"predecessor-version":[{"id":359,"href":"http:\/\/duoseigle.com\/index.php\/wp-json\/wp\/v2\/pages\/8\/revisions\/359"}],"wp:attachment":[{"href":"http:\/\/duoseigle.com\/index.php\/wp-json\/wp\/v2\/media?parent=8"}],"curies":[{"name":"wp","href":"https:\/\/api.w.org\/{rel}","templated":true}]}}