{"id":944,"date":"2018-11-12T14:43:14","date_gmt":"2018-11-12T13:43:14","guid":{"rendered":"http:\/\/duoseigle.com\/?page_id=944"},"modified":"2018-11-12T16:16:44","modified_gmt":"2018-11-12T15:16:44","slug":"realisation-2","status":"publish","type":"page","link":"http:\/\/duoseigle.com\/index.php\/fr\/realisation-2\/","title":{"rendered":"R\u00e9alisation"},"content":{"rendered":"<p><span style=\"font-size: large;\"><strong>L\u2019\u00e9glise Saint-Jean Baptiste de Monceaux<\/strong><\/span><\/p>\n<p align=\"justify\"><strong>Un lieu d\u2019histoire\u2026\u00a0:<\/strong> son clocher du XV<sup>e<\/sup> si\u00e8cle, constitu\u00e9 d\u2019une fl\u00e8che effil\u00e9e montant \u00e0 28 m renferme la plus ancienne cloche de Basse-Normandie, dat\u00e9e de 1568. Sa nef \u00e0 vo\u00fbte en bois, dite en coque invers\u00e9e, de 14 m. de long sur 8m de large, est s\u00e9par\u00e9e du ch\u0153ur par un arc bris\u00e9. Dans sa longueur totale, l\u2019\u00e9difice ne d\u00e9passe pas 26m.<\/p>\n<p align=\"justify\"><strong>&#8230; devenu lieu de musique\u00a0:<\/strong> ses dimensions modestes, son volume r\u00e9duit et sa vo\u00fbte cr\u00e9ent les conditions d\u2019une acoustique exceptionnelle.<br \/>\nD\u00e9couverte d\u00e8s les premiers \u00ab\u00a0Concerts \u00e0 Monceaux\u00a0\u00bb, organis\u00e9s par l\u2019Association de Sauvegarde du Patrimoine de Monceaux, avec le soutien de l\u2019ENM de Paris-Alfred Cortot, par l\u2019un de ses plus \u00e9minents professeurs, le violoniste <strong>Devy Erlih<\/strong>, qui en assura la direction musicale jusqu\u2019\u00e0 sa mort.<\/p>\n<p align=\"justify\"><strong>Et sans cesse reconnue et salu\u00e9e<\/strong> depuis par tous les professionnels qui ont anim\u00e9 les \u00e9ditions suivantes.<br \/>\n<strong>Ana\u00eblle Tourret<\/strong> (nomm\u00e9e en 2018 harpe solo du NDR Elbphilharmonie Sinfonieorchester de Hamburg) la premi\u00e8re, qui se pla\u00eet \u00e0 rappeler qu\u2019elle y a effectu\u00e9 un \u00ab\u00a0concert-rodage\u00a0\u00bb du programme du Concours International de Harpe d\u2019Isra\u00ebl (2015) dont elle fut une heureuse laur\u00e9ate. L\u2019\u00e9glise, t\u00e9moigne-t-elle, \u00ab s\u2019av\u00e8re dot\u00e9e d\u2019une acoustique extr\u00eamement agr\u00e9able, tant pour le public que pour le(s) interpr\u00e8te(s), ce qui me para\u00eet une qualit\u00e9 essentielle, voire recherch\u00e9e pour un concert au sein d\u2019une telle structure.\u00bb<\/p>\n<p align=\"justify\"><strong>Fabrice Pierre,<\/strong> autre harpiste, professeur au CNSMD de Lyon, a choisi lui aussi de pr\u00e9parer \u00e0 Monceaux fin juin 2016, avec un quatuor r\u00e9uni pour l\u2019occasion, un concert autour de Nouvelles d\u2019Edgar Allan Poe. Programme donn\u00e9 quelques mois apr\u00e8s, avec tr\u00e8s grand succ\u00e8s, dans le cadre de Harpe en Avesnois, le plus important festival fran\u00e7ais de harpe.<\/p>\n<p align=\"justify\">C\u2019est enfin dans l\u2019\u00e9glise de Monceaux, dont ils appr\u00e9cient tout particuli\u00e8rement la qualit\u00e9 de l\u2019acoustique, que <strong>Micha\u00ebl<\/strong> (disciple favori de <strong>Devy Erlih<\/strong> et, \u00e0 ce titre, l\u2019un des pionniers des \u00ab\u00a0Concerts \u00e0 Monceaux\u00a0\u00bb) et <strong>Nicolas Seigle<\/strong> ont souhait\u00e9 r\u00e9aliser le teaser de leur premier album, \u00ab\u00a0Sur les routes de l\u2019Est\u00a0\u00bb, dont l\u2019enregistrement du disque fut confi\u00e9 au studio de <strong>Passavant Music<\/strong>, r\u00e9f\u00e9rence dans le monde de la Haute-Fid\u00e9lit\u00e9.<\/p>\n<p align=\"justify\">Mais pour leur deuxi\u00e8me album,\u00a0\u00abDa Parma alla Scala\u00bb, c&rsquo;est dans l&rsquo;\u00e9glise de Monceaux que l&rsquo;\u00e9quipe de\u00a0<strong>Passavant Music<\/strong> a r\u00e9alis\u00e9 l\u2019enregistrement.<\/p>\n<p style=\"text-align: left;\" align=\"justify\">Consid\u00e9rant que son acoustique permettait de\u00a0\u00abrespecter sa m\u00e9thode d&rsquo;enregistrement naturelle, garantissant le r\u00e9alisme sonore et \u00e9vitant l&#8217;emploi d&rsquo;artifices \u00e9lectroniques destructeurs.\u00bb<\/p>\n<p align=\"justify\"><a href=\"http:\/\/monceauxpatrimoine.com\/\" target=\"_blank\"><img decoding=\"async\" loading=\"lazy\" class=\"size-medium wp-image-1010 alignleft\" src=\"http:\/\/duoseigle.com\/wp-content\/uploads\/2018\/11\/Logo-Monceaux-Partimoine-300x189.jpg\" alt=\"\" width=\"300\" height=\"189\" srcset=\"http:\/\/duoseigle.com\/wp-content\/uploads\/2018\/11\/Logo-Monceaux-Partimoine-300x189.jpg 300w, http:\/\/duoseigle.com\/wp-content\/uploads\/2018\/11\/Logo-Monceaux-Partimoine-150x95.jpg 150w, http:\/\/duoseigle.com\/wp-content\/uploads\/2018\/11\/Logo-Monceaux-Partimoine.jpg 550w\" sizes=\"(max-width: 300px) 100vw, 300px\" \/><\/a>\u00a0 \u00a0 \u00a0 \u00a0 \u00a0\u00a0<a href=\"http:\/\/www.passavantmusictest.fr\/\" target=\"_blank\"><img decoding=\"async\" loading=\"lazy\" class=\"alignnone  wp-image-1011\" src=\"http:\/\/duoseigle.com\/wp-content\/uploads\/2018\/11\/Logo-passavant-237x300.png\" alt=\"\" width=\"152\" height=\"192\" srcset=\"http:\/\/duoseigle.com\/wp-content\/uploads\/2018\/11\/Logo-passavant.png 237w, http:\/\/duoseigle.com\/wp-content\/uploads\/2018\/11\/Logo-passavant-119x150.png 119w\" sizes=\"(max-width: 152px) 100vw, 152px\" \/><\/p>\n","protected":false},"excerpt":{"rendered":"<p>L\u2019\u00e9glise Saint-Jean Baptiste de Monceaux Un lieu d\u2019histoire\u2026\u00a0: son clocher du XVe si\u00e8cle, constitu\u00e9 d\u2019une fl\u00e8che effil\u00e9e montant \u00e0 28 m renferme la plus ancienne cloche de Basse-Normandie, dat\u00e9e de 1568. Sa nef \u00e0 vo\u00fbte en bois, dite en coque invers\u00e9e, de 14 m. de long sur 8m de large,\u2026<\/p>\n<p> <a class=\"continue-reading-link\" href=\"http:\/\/duoseigle.com\/index.php\/fr\/realisation-2\/\"><span>Lire la suite<\/span><i class=\"crycon-right-dir\"><\/i><\/a> <\/p>\n","protected":false},"author":2,"featured_media":0,"parent":0,"menu_order":0,"comment_status":"closed","ping_status":"closed","template":"","meta":{"two_page_speed":[]},"yoast_head":"<!-- This site is optimized with the Yoast SEO plugin v19.10 - https:\/\/yoast.com\/wordpress\/plugins\/seo\/ -->\n<title>R\u00e9alisation -<\/title>\n<meta name=\"robots\" content=\"index, follow, max-snippet:-1, max-image-preview:large, max-video-preview:-1\" \/>\n<link rel=\"canonical\" href=\"http:\/\/duoseigle.com\/index.php\/fr\/realisation-2\/\" \/>\n<meta property=\"og:locale\" content=\"fr_FR\" \/>\n<meta property=\"og:type\" content=\"article\" \/>\n<meta property=\"og:title\" content=\"R\u00e9alisation -\" \/>\n<meta property=\"og:description\" content=\"L\u2019\u00e9glise Saint-Jean Baptiste de Monceaux Un lieu d\u2019histoire\u2026\u00a0: son clocher du XVe si\u00e8cle, constitu\u00e9 d\u2019une fl\u00e8che effil\u00e9e montant \u00e0 28 m renferme la plus ancienne cloche de Basse-Normandie, dat\u00e9e de 1568. Sa nef \u00e0 vo\u00fbte en bois, dite en coque invers\u00e9e, de 14 m. de long sur 8m de large,\u2026 Lire la suite\" \/>\n<meta property=\"og:url\" content=\"http:\/\/duoseigle.com\/index.php\/fr\/realisation-2\/\" \/>\n<meta property=\"article:publisher\" content=\"https:\/\/www.facebook.com\/duoseigle\/\" \/>\n<meta property=\"article:modified_time\" content=\"2018-11-12T15:16:44+00:00\" \/>\n<meta property=\"og:image\" content=\"http:\/\/duoseigle.com\/wp-content\/uploads\/2018\/11\/Logo-Monceaux-Partimoine-300x189.jpg\" \/>\n<meta name=\"twitter:card\" content=\"summary_large_image\" \/>\n<meta name=\"twitter:site\" content=\"@nicolasandmichael\" \/>\n<meta name=\"twitter:label1\" content=\"Dur\u00e9e de lecture estim\u00e9e\" \/>\n\t<meta name=\"twitter:data1\" content=\"2 minutes\" \/>\n<script type=\"application\/ld+json\" class=\"yoast-schema-graph\">{\"@context\":\"https:\/\/schema.org\",\"@graph\":[{\"@type\":\"WebPage\",\"@id\":\"http:\/\/duoseigle.com\/index.php\/fr\/realisation-2\/\",\"url\":\"http:\/\/duoseigle.com\/index.php\/fr\/realisation-2\/\",\"name\":\"R\u00e9alisation -\",\"isPartOf\":{\"@id\":\"http:\/\/duoseigle.com\/#website\"},\"datePublished\":\"2018-11-12T13:43:14+00:00\",\"dateModified\":\"2018-11-12T15:16:44+00:00\",\"breadcrumb\":{\"@id\":\"http:\/\/duoseigle.com\/index.php\/fr\/realisation-2\/#breadcrumb\"},\"inLanguage\":\"fr-FR\",\"potentialAction\":[{\"@type\":\"ReadAction\",\"target\":[\"http:\/\/duoseigle.com\/index.php\/fr\/realisation-2\/\"]}]},{\"@type\":\"BreadcrumbList\",\"@id\":\"http:\/\/duoseigle.com\/index.php\/fr\/realisation-2\/#breadcrumb\",\"itemListElement\":[{\"@type\":\"ListItem\",\"position\":1,\"name\":\"Accueil\",\"item\":\"http:\/\/duoseigle.com\/index.php\/en\/\"},{\"@type\":\"ListItem\",\"position\":2,\"name\":\"R\u00e9alisation\"}]},{\"@type\":\"WebSite\",\"@id\":\"http:\/\/duoseigle.com\/#website\",\"url\":\"http:\/\/duoseigle.com\/\",\"name\":\"\",\"description\":\"\",\"publisher\":{\"@id\":\"http:\/\/duoseigle.com\/#\/schema\/person\/b9e3d0951d21aa99d558fe8c0fed21fe\"},\"potentialAction\":[{\"@type\":\"SearchAction\",\"target\":{\"@type\":\"EntryPoint\",\"urlTemplate\":\"http:\/\/duoseigle.com\/?s={search_term_string}\"},\"query-input\":\"required name=search_term_string\"}],\"inLanguage\":\"fr-FR\"},{\"@type\":[\"Person\",\"Organization\"],\"@id\":\"http:\/\/duoseigle.com\/#\/schema\/person\/b9e3d0951d21aa99d558fe8c0fed21fe\",\"name\":\"seigle\",\"image\":{\"@type\":\"ImageObject\",\"inLanguage\":\"fr-FR\",\"@id\":\"http:\/\/duoseigle.com\/#\/schema\/person\/image\/\",\"url\":\"http:\/\/duoseigle.com\/wp-content\/uploads\/2022\/10\/1F5D9CD8-B156-4BC4-8CD6-4BA966347FB7.jpeg\",\"contentUrl\":\"http:\/\/duoseigle.com\/wp-content\/uploads\/2022\/10\/1F5D9CD8-B156-4BC4-8CD6-4BA966347FB7.jpeg\",\"width\":250,\"height\":250,\"caption\":\"seigle\"},\"logo\":{\"@id\":\"http:\/\/duoseigle.com\/#\/schema\/person\/image\/\"},\"sameAs\":[\"http:\/\/duoseigle.com\/index.php\/fr\/\",\"https:\/\/www.facebook.com\/duoseigle\/\",\"https:\/\/www.instagram.com\/duoseigle\/\",\"https:\/\/twitter.com\/nicolasandmichael\",\"https:\/\/www.youtube.com\/channel\/UCAjCrJ956r7vTGv8uUlQrpw\"]}]}<\/script>\n<!-- \/ Yoast SEO plugin. -->","yoast_head_json":{"title":"R\u00e9alisation -","robots":{"index":"index","follow":"follow","max-snippet":"max-snippet:-1","max-image-preview":"max-image-preview:large","max-video-preview":"max-video-preview:-1"},"canonical":"http:\/\/duoseigle.com\/index.php\/fr\/realisation-2\/","og_locale":"fr_FR","og_type":"article","og_title":"R\u00e9alisation -","og_description":"L\u2019\u00e9glise Saint-Jean Baptiste de Monceaux Un lieu d\u2019histoire\u2026\u00a0: son clocher du XVe si\u00e8cle, constitu\u00e9 d\u2019une fl\u00e8che effil\u00e9e montant \u00e0 28 m renferme la plus ancienne cloche de Basse-Normandie, dat\u00e9e de 1568. Sa nef \u00e0 vo\u00fbte en bois, dite en coque invers\u00e9e, de 14 m. de long sur 8m de large,\u2026 Lire la suite","og_url":"http:\/\/duoseigle.com\/index.php\/fr\/realisation-2\/","article_publisher":"https:\/\/www.facebook.com\/duoseigle\/","article_modified_time":"2018-11-12T15:16:44+00:00","og_image":[{"url":"http:\/\/duoseigle.com\/wp-content\/uploads\/2018\/11\/Logo-Monceaux-Partimoine-300x189.jpg"}],"twitter_card":"summary_large_image","twitter_site":"@nicolasandmichael","twitter_misc":{"Dur\u00e9e de lecture estim\u00e9e":"2 minutes"},"schema":{"@context":"https:\/\/schema.org","@graph":[{"@type":"WebPage","@id":"http:\/\/duoseigle.com\/index.php\/fr\/realisation-2\/","url":"http:\/\/duoseigle.com\/index.php\/fr\/realisation-2\/","name":"R\u00e9alisation -","isPartOf":{"@id":"http:\/\/duoseigle.com\/#website"},"datePublished":"2018-11-12T13:43:14+00:00","dateModified":"2018-11-12T15:16:44+00:00","breadcrumb":{"@id":"http:\/\/duoseigle.com\/index.php\/fr\/realisation-2\/#breadcrumb"},"inLanguage":"fr-FR","potentialAction":[{"@type":"ReadAction","target":["http:\/\/duoseigle.com\/index.php\/fr\/realisation-2\/"]}]},{"@type":"BreadcrumbList","@id":"http:\/\/duoseigle.com\/index.php\/fr\/realisation-2\/#breadcrumb","itemListElement":[{"@type":"ListItem","position":1,"name":"Accueil","item":"http:\/\/duoseigle.com\/index.php\/en\/"},{"@type":"ListItem","position":2,"name":"R\u00e9alisation"}]},{"@type":"WebSite","@id":"http:\/\/duoseigle.com\/#website","url":"http:\/\/duoseigle.com\/","name":"","description":"","publisher":{"@id":"http:\/\/duoseigle.com\/#\/schema\/person\/b9e3d0951d21aa99d558fe8c0fed21fe"},"potentialAction":[{"@type":"SearchAction","target":{"@type":"EntryPoint","urlTemplate":"http:\/\/duoseigle.com\/?s={search_term_string}"},"query-input":"required name=search_term_string"}],"inLanguage":"fr-FR"},{"@type":["Person","Organization"],"@id":"http:\/\/duoseigle.com\/#\/schema\/person\/b9e3d0951d21aa99d558fe8c0fed21fe","name":"seigle","image":{"@type":"ImageObject","inLanguage":"fr-FR","@id":"http:\/\/duoseigle.com\/#\/schema\/person\/image\/","url":"http:\/\/duoseigle.com\/wp-content\/uploads\/2022\/10\/1F5D9CD8-B156-4BC4-8CD6-4BA966347FB7.jpeg","contentUrl":"http:\/\/duoseigle.com\/wp-content\/uploads\/2022\/10\/1F5D9CD8-B156-4BC4-8CD6-4BA966347FB7.jpeg","width":250,"height":250,"caption":"seigle"},"logo":{"@id":"http:\/\/duoseigle.com\/#\/schema\/person\/image\/"},"sameAs":["http:\/\/duoseigle.com\/index.php\/fr\/","https:\/\/www.facebook.com\/duoseigle\/","https:\/\/www.instagram.com\/duoseigle\/","https:\/\/twitter.com\/nicolasandmichael","https:\/\/www.youtube.com\/channel\/UCAjCrJ956r7vTGv8uUlQrpw"]}]}},"_links":{"self":[{"href":"http:\/\/duoseigle.com\/index.php\/wp-json\/wp\/v2\/pages\/944"}],"collection":[{"href":"http:\/\/duoseigle.com\/index.php\/wp-json\/wp\/v2\/pages"}],"about":[{"href":"http:\/\/duoseigle.com\/index.php\/wp-json\/wp\/v2\/types\/page"}],"author":[{"embeddable":true,"href":"http:\/\/duoseigle.com\/index.php\/wp-json\/wp\/v2\/users\/2"}],"replies":[{"embeddable":true,"href":"http:\/\/duoseigle.com\/index.php\/wp-json\/wp\/v2\/comments?post=944"}],"version-history":[{"count":23,"href":"http:\/\/duoseigle.com\/index.php\/wp-json\/wp\/v2\/pages\/944\/revisions"}],"predecessor-version":[{"id":1016,"href":"http:\/\/duoseigle.com\/index.php\/wp-json\/wp\/v2\/pages\/944\/revisions\/1016"}],"wp:attachment":[{"href":"http:\/\/duoseigle.com\/index.php\/wp-json\/wp\/v2\/media?parent=944"}],"curies":[{"name":"wp","href":"https:\/\/api.w.org\/{rel}","templated":true}]}}